{"id":8456,"date":"2025-09-17T12:07:30","date_gmt":"2025-09-17T10:07:30","guid":{"rendered":"https:\/\/boreait.com\/hu\/?post_type=product&#038;p=8456"},"modified":"2026-01-27T12:02:39","modified_gmt":"2026-01-27T11:02:39","slug":"eredeti-dell-latitude-14-7404-robusztus-extrem-sarok-gumi-lokharito-hatul-bal-oldalon-2","status":"publish","type":"product","link":"https:\/\/boreait.com\/hu\/termek\/eredeti-dell-latitude-14-7404-robusztus-extrem-sarok-gumi-lokharito-hatul-bal-oldalon-2\/","title":{"rendered":"Eredeti Dell Latitude 14 7404 robusztus extr\u00e9m sarok gumi l\u00f6kh\u00e1r\u00edt\u00f3 h\u00e1tul, bal oldalon"},"content":{"rendered":"<p>Fokozza Dell Latitude 14 7404 Rugged Extreme laptopja v\u00e9delm\u00e9t az eredeti bal h\u00e1ts\u00f3 sarokgumi \u00fctk\u00f6z\u0151vel. A tart\u00f3ss\u00e1gra \u00e9s t\u00f6k\u00e9letes illeszked\u00e9sre tervezett eredeti cserealkatr\u00e9sz biztos\u00edtja, hogy laptopja massz\u00edv \u00e9s j\u00f3l v\u00e9dett maradjon.<\/p>\n<p>F\u0151bb jellemz\u0151k:<\/p>\n<p>&#8211; Eredeti Dell csere: A kompatibilit\u00e1s \u00e9s a megb\u00edzhat\u00f3s\u00e1g biztos\u00edt\u00e1sa hiteles cserealkatr\u00e9szekkel.<\/p>\n<p>&#8211; K\u00f6nny\u0171 telep\u00edt\u00e9s: Egyszer\u0171 telep\u00edt\u00e9ssel k\u00f6nnyed\u00e9n jav\u00edthatja laptopja v\u00e9delm\u00e9t.<\/p>\n<p>&#8211; Fokozott v\u00e9delem: \u00f3vja meg laptopja bal h\u00e1ts\u00f3 sark\u00e1t az \u00fct\u00e9sekt\u0151l \u00e9s a kop\u00e1st\u00f3l.<\/p>\n<p>&#8211; Tart\u00f3s konstrukci\u00f3: \u00dagy tervezt\u00e9k, hogy ellen\u00e1lljon a sz\u00e9ls\u0151s\u00e9ges k\u00f6r\u00fclm\u00e9nyeknek, \u00edgy biztos\u00edtva a hossz\u00fa \u00e9lettartamot \u00e9s a megb\u00edzhat\u00f3s\u00e1got.<\/p>\n<p>Friss\u00edtse Dell Latitude 14 7404 Rugged Extreme laptopj\u00e1t m\u00e9g ma az eredeti Corner gumi\u00fctk\u00f6z\u0151vel. V\u00e1s\u00e1roljon bizalommal, tudva, hogy min\u0151s\u00e9gi cserealkatr\u00e9szekbe fektet be k\u00e9sz\u00fcl\u00e9k\u00e9hez. Ha k\u00e9rd\u00e9se van, vagy seg\u00edts\u00e9gre van sz\u00fcks\u00e9ge, ne habozzon kapcsolatba l\u00e9pni vel\u00fcnk. Az\u00e9rt vagyunk itt, hogy seg\u00edts\u00fcnk laptopja v\u00e9delm\u00e9nek \u00e9s tart\u00f3ss\u00e1g\u00e1nak n\u00f6vel\u00e9s\u00e9ben.<\/p>\n","protected":false},"excerpt":{"rendered":"<p>V\u00e9dje Dell Latitude 14 7404 Rugged Extreme k\u00e9sz\u00fcl\u00e9k\u00e9t ezzel az eredeti, bal h\u00e1ts\u00f3 sarokgumi l\u00f6kh\u00e1r\u00edt\u00f3val. K\u00f6nnyen telep\u00edthet\u0151 \u00e9s tart\u00f3s, ez a l\u00f6kh\u00e1r\u00edt\u00f3 biztos\u00edtja laptopja massz\u00edvs\u00e1g\u00e1t \u00e9s hossz\u00fa \u00e9lettartam\u00e1t. Friss\u00edtse laptopja v\u00e9delm\u00e9t m\u00e9g ma!<\/p>\n","protected":false},"featured_media":8505,"template":"","meta":[],"product_brand":[],"product_cat":[16],"product_tag":[17],"class_list":{"0":"post-8456","1":"product","2":"type-product","3":"status-publish","4":"has-post-thumbnail","6":"product_cat-laptop-housing","7":"product_tag-dell","9":"first","10":"instock","11":"taxable","12":"shipping-taxable","13":"purchasable","14":"product-type-simple"},"_links":{"self":[{"href":"https:\/\/boreait.com\/hu\/wp-json\/wp\/v2\/product\/8456","targetHints":{"allow":["GET"]}}],"collection":[{"href":"https:\/\/boreait.com\/hu\/wp-json\/wp\/v2\/product"}],"about":[{"href":"https:\/\/boreait.com\/hu\/wp-json\/wp\/v2\/types\/product"}],"wp:featuredmedia":[{"embeddable":true,"href":"https:\/\/boreait.com\/hu\/wp-json\/wp\/v2\/media\/8505"}],"wp:attachment":[{"href":"https:\/\/boreait.com\/hu\/wp-json\/wp\/v2\/media?parent=8456"}],"wp:term":[{"taxonomy":"product_brand","embeddable":true,"href":"https:\/\/boreait.com\/hu\/wp-json\/wp\/v2\/product_brand?post=8456"},{"taxonomy":"product_cat","embeddable":true,"href":"https:\/\/boreait.com\/hu\/wp-json\/wp\/v2\/product_cat?post=8456"},{"taxonomy":"product_tag","embeddable":true,"href":"https:\/\/boreait.com\/hu\/wp-json\/wp\/v2\/product_tag?post=8456"}],"curies":[{"name":"wp","href":"https:\/\/api.w.org\/{rel}","templated":true}]}}