{"id":8455,"date":"2025-09-17T12:07:30","date_gmt":"2025-09-17T10:07:30","guid":{"rendered":"https:\/\/boreait.com\/hu\/?post_type=product&#038;p=8455"},"modified":"2026-01-27T12:02:23","modified_gmt":"2026-01-27T11:02:23","slug":"eredeti-dell-latitude-7404-robusztus-lokharitok-5","status":"publish","type":"product","link":"https:\/\/boreait.com\/hu\/termek\/eredeti-dell-latitude-7404-robusztus-lokharitok-5\/","title":{"rendered":"Eredeti Dell Latitude 7404 robusztus l\u00f6kh\u00e1r\u00edt\u00f3k"},"content":{"rendered":"<p>N\u00f6velje Dell Latitude 7404 Rugged laptopja tart\u00f3ss\u00e1g\u00e1t \u00e9s robusztuss\u00e1g\u00e1t ezekkel az eredeti l\u00f6kh\u00e1r\u00edt\u00f3kkal. A tart\u00f3ss\u00e1gra tervezett \u00e9s kifejezetten az \u00d6n k\u00e9sz\u00fcl\u00e9k\u00e9hez tervezett l\u00f6kh\u00e1r\u00edt\u00f3k tov\u00e1bbi v\u00e9delmet ny\u00fajtanak az \u00fct\u00e9sek \u00e9s \u00fct\u00e9sek ellen.<\/p>\n<p>F\u0151bb jellemz\u0151k:<\/p>\n<p>&#8211; Eredeti Dell csere: Biztos\u00edtsa a kompatibilit\u00e1st \u00e9s a megb\u00edzhat\u00f3s\u00e1got az eredeti cserealkatr\u00e9szekkel.<\/p>\n<p>&#8211; Fokozott tart\u00f3ss\u00e1g: Ezekkel a massz\u00edv l\u00f6kh\u00e1r\u00edt\u00f3kkal \u00f3vja meg laptopj\u00e1t az \u00fct\u00e9sekt\u0151l \u00e9s \u00fct\u00e9sekt\u0151l.<\/p>\n<p>&#8211; K\u00f6nny\u0171 telep\u00edt\u00e9s: Egyszer\u0171 telep\u00edt\u00e9ssel k\u00f6nnyed\u00e9n n\u00f6velheti laptopja tart\u00f3ss\u00e1g\u00e1t.<\/p>\n<p>&#8211; Robusztus haszn\u00e1latra tervezve: \u00dagy tervezt\u00e9k, hogy ellen\u00e1lljon a neh\u00e9z k\u00f6r\u00fclm\u00e9nyeknek, \u00edgy biztos\u00edtva a hossz\u00fa \u00e9lettartamot \u00e9s a megb\u00edzhat\u00f3s\u00e1got.<\/p>\n<p>Friss\u00edtse Dell Latitude 7404 Rugged laptopj\u00e1t m\u00e9g ma ezekkel az eredeti l\u00f6kh\u00e1r\u00edt\u00f3kkal. V\u00e1s\u00e1roljon bizalommal, tudva, hogy min\u0151s\u00e9gi cserealkatr\u00e9szekbe fektet be k\u00e9sz\u00fcl\u00e9k\u00e9hez. Ha k\u00e9rd\u00e9se van, vagy seg\u00edts\u00e9gre van sz\u00fcks\u00e9ge, ne habozzon kapcsolatba l\u00e9pni vel\u00fcnk. Az\u00e9rt vagyunk itt, hogy seg\u00edts\u00fcnk k\u00e9sz\u00fcl\u00e9ke tart\u00f3ss\u00e1g\u00e1nak n\u00f6vel\u00e9s\u00e9ben.<\/p>\n","protected":false},"excerpt":{"rendered":"<p>N\u00f6velje Dell Latitude 7404 Rugged tart\u00f3ss\u00e1g\u00e1t ezekkel az eredeti l\u00f6kh\u00e1r\u00edt\u00f3kkal. A robusztus haszn\u00e1latra tervezett l\u00f6kh\u00e1r\u00edt\u00f3k tov\u00e1bbi v\u00e9delmet ny\u00fajtanak k\u00e9sz\u00fcl\u00e9k\u00e9nek. N\u00f6velje laptopja tart\u00f3ss\u00e1g\u00e1t m\u00e9g ma!<\/p>\n","protected":false},"featured_media":8504,"template":"","meta":[],"product_brand":[],"product_cat":[16],"product_tag":[17],"class_list":{"0":"post-8455","1":"product","2":"type-product","3":"status-publish","4":"has-post-thumbnail","6":"product_cat-laptop-housing","7":"product_tag-dell","9":"first","10":"instock","11":"taxable","12":"shipping-taxable","13":"purchasable","14":"product-type-simple"},"_links":{"self":[{"href":"https:\/\/boreait.com\/hu\/wp-json\/wp\/v2\/product\/8455","targetHints":{"allow":["GET"]}}],"collection":[{"href":"https:\/\/boreait.com\/hu\/wp-json\/wp\/v2\/product"}],"about":[{"href":"https:\/\/boreait.com\/hu\/wp-json\/wp\/v2\/types\/product"}],"wp:featuredmedia":[{"embeddable":true,"href":"https:\/\/boreait.com\/hu\/wp-json\/wp\/v2\/media\/8504"}],"wp:attachment":[{"href":"https:\/\/boreait.com\/hu\/wp-json\/wp\/v2\/media?parent=8455"}],"wp:term":[{"taxonomy":"product_brand","embeddable":true,"href":"https:\/\/boreait.com\/hu\/wp-json\/wp\/v2\/product_brand?post=8455"},{"taxonomy":"product_cat","embeddable":true,"href":"https:\/\/boreait.com\/hu\/wp-json\/wp\/v2\/product_cat?post=8455"},{"taxonomy":"product_tag","embeddable":true,"href":"https:\/\/boreait.com\/hu\/wp-json\/wp\/v2\/product_tag?post=8455"}],"curies":[{"name":"wp","href":"https:\/\/api.w.org\/{rel}","templated":true}]}}