{"id":8454,"date":"2025-09-17T12:07:30","date_gmt":"2025-09-17T10:07:30","guid":{"rendered":"https:\/\/boreait.com\/hu\/?post_type=product&#038;p=8454"},"modified":"2026-01-27T12:02:06","modified_gmt":"2026-01-27T11:02:06","slug":"eredeti-dell-latitude-14-7404-rugged-extreme-corner-gumi-lokharito-jobb-elso-3","status":"publish","type":"product","link":"https:\/\/boreait.com\/hu\/termek\/eredeti-dell-latitude-14-7404-rugged-extreme-corner-gumi-lokharito-jobb-elso-3\/","title":{"rendered":"Eredeti Dell Latitude 14 7404 Rugged Extreme Corner gumi l\u00f6kh\u00e1r\u00edt\u00f3 JOBB ELS\u0150"},"content":{"rendered":"<p>Cser\u00e9lje ki Dell Latitude 14 7404 Rugged Extreme laptopja jobb els\u0151 sark\u00e1nak gumi l\u00f6kh\u00e1r\u00edt\u00f3j\u00e1t erre az eredeti alkatr\u00e9szre. A t\u00f6k\u00e9letes illeszked\u00e9sre \u00e9s a kiv\u00e1l\u00f3 tart\u00f3ss\u00e1gra tervezett csere biztos\u00edtja, hogy laptopja meg\u0151rizze massz\u00edv v\u00e9delm\u00e9t.<\/p>\n<p>F\u0151bb jellemz\u0151k:<\/p>\n<p>&#8211; Eredeti Dell csere: A kompatibilit\u00e1s \u00e9s a megb\u00edzhat\u00f3s\u00e1g biztos\u00edt\u00e1sa hiteles cserealkatr\u00e9szekkel.<\/p>\n<p>&#8211; K\u00f6nny\u0171 telep\u00edt\u00e9s: k\u00f6nnyed\u00e9n cser\u00e9lje ki laptopja l\u00f6kh\u00e1r\u00edt\u00f3j\u00e1t an\u00e9lk\u00fcl, hogy professzion\u00e1lis seg\u00edts\u00e9gre lenne sz\u00fcks\u00e9ge.<\/p>\n<p>&#8211; Fokozott v\u00e9delem: ezzel a tart\u00f3s gumi l\u00f6kh\u00e1r\u00edt\u00f3val vissza\u00e1ll\u00edthatja laptopja massz\u00edv v\u00e9delm\u00e9t.<\/p>\n<p>&#8211; T\u00f6k\u00e9letes illeszked\u00e9s: Kifejezetten a Dell Latitude 14 7404 Rugged Extreme jobb els\u0151 sark\u00e1hoz tervezt\u00e9k.<\/p>\n<p>Friss\u00edtse laptopja teljes\u00edtm\u00e9ny\u00e9t:<\/p>\n<p>Tapasztalja meg a helyre\u00e1ll\u00edtott v\u00e9delmet \u00e9s tart\u00f3ss\u00e1got, ha kicser\u00e9li laptopja elhaszn\u00e1l\u00f3dott vagy s\u00e9r\u00fclt gumi l\u00f6kh\u00e1r\u00edt\u00f3j\u00e1t.<\/p>\n<p>Egyszer\u0171 telep\u00edt\u00e9s:<\/p>\n<p>Egyszer\u0171 telep\u00edt\u00e9si folyamattal k\u00f6nnyed\u00e9n cser\u00e9lje ki laptopja l\u00f6kh\u00e1r\u00edt\u00f3j\u00e1t, nincs sz\u00fcks\u00e9g szakmai seg\u00edts\u00e9gre.<\/p>\n<p>Min\u0151s\u00e9gbiztos\u00edt\u00e1s:<\/p>\n<p>Biztos lehet benne, hogy egy kiv\u00e1l\u00f3 min\u0151s\u00e9g\u0171, eredeti Dell cserealkatr\u00e9szbe fektet be, amelyet a megb\u00edzhat\u00f3s\u00e1g \u00e9s a hossz\u00fa \u00e9lettartam \u00e9rdek\u00e9ben terveztek.<\/p>\n<p>K\u00e9rj\u00fck, vegye figyelembe, hogy b\u00e1r a r\u00e9szletes telep\u00edt\u00e9si utas\u00edt\u00e1sokat nem adjuk meg, nyugodtan forduljon hozz\u00e1nk, ha k\u00e9rd\u00e9se van, vagy seg\u00edts\u00e9gre van sz\u00fcks\u00e9ge. A list\u00e1n szerepl\u0151 val\u00f3di term\u00e9kfot\u00f3k pontosan le\u00edrj\u00e1k, hogy mit fog kapni, t\u00fckr\u00f6zve az \u00e1tl\u00e1that\u00f3s\u00e1g \u00e9s az \u00fcgyfelek el\u00e9gedetts\u00e9ge ir\u00e1nti elk\u00f6telezetts\u00e9g\u00fcnket.<\/p>\n<p>Friss\u00edtse Dell Latitude 14 7404 Rugged Extreme laptopj\u00e1t m\u00e9g ma az eredeti jobb els\u0151 sarokban l\u00e9v\u0151 gumi l\u00f6kh\u00e1r\u00edt\u00f3val. V\u00e1s\u00e1roljon bizalommal, tudva, hogy min\u0151s\u00e9gi cserealkatr\u00e9szekbe fektet be k\u00e9sz\u00fcl\u00e9k\u00e9hez. Ha k\u00e9rd\u00e9se van, vagy tov\u00e1bbi seg\u00edts\u00e9gre van sz\u00fcks\u00e9ge, ne habozzon kapcsolatba l\u00e9pni vel\u00fcnk. Az\u00e9rt vagyunk itt, hogy seg\u00edts\u00fcnk eszk\u00f6ze v\u00e9delm\u00e9nek fokoz\u00e1s\u00e1ban.<\/p>\n","protected":false},"excerpt":{"rendered":"<p>Cser\u00e9lje ki Dell Latitude 14 7404 Rugged Extreme jobb els\u0151 sark\u00e1nak gumi l\u00f6kh\u00e1r\u00edt\u00f3j\u00e1t erre az eredeti alkatr\u00e9szre. K\u00f6nnyen felszerelhet\u0151, t\u00f6k\u00e9letes illeszked\u00e9st \u00e9s tart\u00f3ss\u00e1got biztos\u00edt. \u00c1ll\u00edtsa vissza laptopja massz\u00edv v\u00e9delm\u00e9t m\u00e9g ma!<\/p>\n","protected":false},"featured_media":8503,"template":"","meta":[],"product_brand":[],"product_cat":[16],"product_tag":[17],"class_list":{"0":"post-8454","1":"product","2":"type-product","3":"status-publish","4":"has-post-thumbnail","6":"product_cat-laptop-housing","7":"product_tag-dell","9":"first","10":"instock","11":"taxable","12":"shipping-taxable","13":"purchasable","14":"product-type-simple"},"_links":{"self":[{"href":"https:\/\/boreait.com\/hu\/wp-json\/wp\/v2\/product\/8454","targetHints":{"allow":["GET"]}}],"collection":[{"href":"https:\/\/boreait.com\/hu\/wp-json\/wp\/v2\/product"}],"about":[{"href":"https:\/\/boreait.com\/hu\/wp-json\/wp\/v2\/types\/product"}],"wp:featuredmedia":[{"embeddable":true,"href":"https:\/\/boreait.com\/hu\/wp-json\/wp\/v2\/media\/8503"}],"wp:attachment":[{"href":"https:\/\/boreait.com\/hu\/wp-json\/wp\/v2\/media?parent=8454"}],"wp:term":[{"taxonomy":"product_brand","embeddable":true,"href":"https:\/\/boreait.com\/hu\/wp-json\/wp\/v2\/product_brand?post=8454"},{"taxonomy":"product_cat","embeddable":true,"href":"https:\/\/boreait.com\/hu\/wp-json\/wp\/v2\/product_cat?post=8454"},{"taxonomy":"product_tag","embeddable":true,"href":"https:\/\/boreait.com\/hu\/wp-json\/wp\/v2\/product_tag?post=8454"}],"curies":[{"name":"wp","href":"https:\/\/api.w.org\/{rel}","templated":true}]}}