{"id":8453,"date":"2025-09-17T12:07:29","date_gmt":"2025-09-17T10:07:29","guid":{"rendered":"https:\/\/boreait.com\/hu\/?post_type=product&#038;p=8453"},"modified":"2026-01-27T12:01:46","modified_gmt":"2026-01-27T11:01:46","slug":"eredeti-dell-latitude-14-7404-rugged-extreme-corner-gumi-lokharito-hatso-jobb-oldal-2","status":"publish","type":"product","link":"https:\/\/boreait.com\/hu\/termek\/eredeti-dell-latitude-14-7404-rugged-extreme-corner-gumi-lokharito-hatso-jobb-oldal-2\/","title":{"rendered":"Eredeti Dell Latitude 14 7404 Rugged Extreme Corner gumi l\u00f6kh\u00e1r\u00edt\u00f3 H\u00e1ts\u00f3 jobb oldal"},"content":{"rendered":"<p>N\u00f6velje Dell Latitude 14 7404 Rugged Extreme laptopja v\u00e9delm\u00e9t \u00e9s tart\u00f3ss\u00e1g\u00e1t az eredeti jobb oldali sarokgumi \u00fctk\u00f6z\u0151vel. Ez a kifejezetten az \u00d6n modellj\u00e9hez tervezett eredeti cserealkatr\u00e9sz t\u00f6k\u00e9letes illeszked\u00e9st \u00e9s hossz\u00fa \u00e9lettartamot biztos\u00edt.<\/p>\n<p>F\u0151bb jellemz\u0151k:<\/p>\n<p>&#8211; Eredeti Dell csere: A kompatibilit\u00e1s \u00e9s a megb\u00edzhat\u00f3s\u00e1g biztos\u00edt\u00e1sa hiteles cserealkatr\u00e9szekkel.<\/p>\n<p>&#8211; K\u00f6nny\u0171 telep\u00edt\u00e9s: Egyszer\u0171 telep\u00edt\u00e9ssel k\u00f6nnyed\u00e9n jav\u00edthatja laptopja v\u00e9delm\u00e9t.<\/p>\n<p>&#8211; Fokozott tart\u00f3ss\u00e1g: Ezzel a tart\u00f3s gumi l\u00f6kh\u00e1r\u00edt\u00f3val \u00f3vja meg laptopja sarkait a s\u00e9r\u00fcl\u00e9sekt\u0151l.<\/p>\n<p>&#8211; Specifikus illeszked\u00e9s: Kifejezetten a Dell Latitude 14 7404 Rugged Extreme jobb h\u00e1ts\u00f3 oldal\u00e1hoz tervezt\u00e9k.<\/p>\n<p>Friss\u00edtse Dell Latitude 14 7404 Rugged Extreme laptopj\u00e1t m\u00e9g ma az eredeti jobb h\u00e1ts\u00f3 sarokgumi \u00fctk\u00f6z\u0151vel. V\u00e1s\u00e1roljon bizalommal, tudva, hogy min\u0151s\u00e9gi cserealkatr\u00e9szekbe fektet be k\u00e9sz\u00fcl\u00e9k\u00e9hez. Ha k\u00e9rd\u00e9se van, vagy seg\u00edts\u00e9gre van sz\u00fcks\u00e9ge, ne habozzon kapcsolatba l\u00e9pni vel\u00fcnk. Az\u00e9rt vagyunk itt, hogy seg\u00edts\u00fcnk laptopja tart\u00f3ss\u00e1g\u00e1nak n\u00f6vel\u00e9s\u00e9ben.<\/p>\n","protected":false},"excerpt":{"rendered":"<p>Fokozza a Dell Latitude 14 7404 Rugged Extreme v\u00e9delm\u00e9t ezzel az eredeti jobb oldali sarokgumi l\u00f6kh\u00e1r\u00edt\u00f3val. K\u00f6nnyen telep\u00edthet\u0151 \u00e9s tart\u00f3s. N\u00f6velje laptopja tart\u00f3ss\u00e1g\u00e1t m\u00e9g ma!<\/p>\n","protected":false},"featured_media":8502,"template":"","meta":[],"product_brand":[],"product_cat":[16],"product_tag":[17],"class_list":{"0":"post-8453","1":"product","2":"type-product","3":"status-publish","4":"has-post-thumbnail","6":"product_cat-laptop-housing","7":"product_tag-dell","9":"first","10":"instock","11":"taxable","12":"shipping-taxable","13":"purchasable","14":"product-type-simple"},"_links":{"self":[{"href":"https:\/\/boreait.com\/hu\/wp-json\/wp\/v2\/product\/8453","targetHints":{"allow":["GET"]}}],"collection":[{"href":"https:\/\/boreait.com\/hu\/wp-json\/wp\/v2\/product"}],"about":[{"href":"https:\/\/boreait.com\/hu\/wp-json\/wp\/v2\/types\/product"}],"wp:featuredmedia":[{"embeddable":true,"href":"https:\/\/boreait.com\/hu\/wp-json\/wp\/v2\/media\/8502"}],"wp:attachment":[{"href":"https:\/\/boreait.com\/hu\/wp-json\/wp\/v2\/media?parent=8453"}],"wp:term":[{"taxonomy":"product_brand","embeddable":true,"href":"https:\/\/boreait.com\/hu\/wp-json\/wp\/v2\/product_brand?post=8453"},{"taxonomy":"product_cat","embeddable":true,"href":"https:\/\/boreait.com\/hu\/wp-json\/wp\/v2\/product_cat?post=8453"},{"taxonomy":"product_tag","embeddable":true,"href":"https:\/\/boreait.com\/hu\/wp-json\/wp\/v2\/product_tag?post=8453"}],"curies":[{"name":"wp","href":"https:\/\/api.w.org\/{rel}","templated":true}]}}