{"id":8451,"date":"2025-09-17T12:07:29","date_gmt":"2025-09-17T10:07:29","guid":{"rendered":"https:\/\/boreait.com\/hu\/?post_type=product&#038;p=8451"},"modified":"2026-01-27T12:01:31","modified_gmt":"2026-01-27T11:01:31","slug":"eredeti-akkumulatorajto-zarpanel-fedel-a-dell-latitude-7404-rugged-x0ydk-keszulekhez-2","status":"publish","type":"product","link":"https:\/\/boreait.com\/hu\/termek\/eredeti-akkumulatorajto-zarpanel-fedel-a-dell-latitude-7404-rugged-x0ydk-keszulekhez-2\/","title":{"rendered":"Eredeti akkumul\u00e1torajt\u00f3 z\u00e1rpanel fed\u00e9l a Dell Latitude 7404 Rugged X0YDK k\u00e9sz\u00fcl\u00e9khez"},"content":{"rendered":"<p>N\u00f6velje Dell Latitude 7404 Rugged laptopja biztons\u00e1g\u00e1t \u00e9s v\u00e9delm\u00e9t az eredeti X0YDK cikksz\u00e1m\u00fa akkumul\u00e1torajt\u00f3 z\u00e1rpanel bor\u00edt\u00e1s\u00e1val. A tart\u00f3ss\u00e1gra \u00e9s a kompatibilit\u00e1sra tervezett eredeti cserealkatr\u00e9sz biztos\u00edtja, hogy k\u00e9sz\u00fcl\u00e9ke akkumul\u00e1torfedele biztons\u00e1gosan z\u00e1rva maradjon.<\/p>\n<p>F\u0151bb jellemz\u0151k:<\/p>\n<p>&#8211; Eredeti Dell csere: A kompatibilit\u00e1s \u00e9s a megb\u00edzhat\u00f3s\u00e1g biztos\u00edt\u00e1sa hiteles cserealkatr\u00e9szekkel.<\/p>\n<p>&#8211; K\u00f6nny\u0171 telep\u00edt\u00e9s: Egyszer\u0171 telep\u00edt\u00e9ssel k\u00f6nnyed\u00e9n friss\u00edtheti eszk\u00f6z\u00e9t.<\/p>\n<p>&#8211; Fokozott biztons\u00e1g: Tartsa biztons\u00e1gosan z\u00e1rva \u00e9s v\u00e9dve laptopja akkumul\u00e1torfedel\u00e9t.<\/p>\n<p>&#8211; Tart\u00f3s konstrukci\u00f3: \u00dagy tervezt\u00e9k, hogy ellen\u00e1lljon a massz\u00edv haszn\u00e1latnak, \u00edgy biztos\u00edtva a hossz\u00fa \u00e9lettartamot \u00e9s a megb\u00edzhat\u00f3s\u00e1got.<\/p>\n<p>Friss\u00edtse Dell Latitude 7404 Rugged laptopj\u00e1t m\u00e9g ma az eredeti akkumul\u00e1torajt\u00f3 z\u00e1rpanel fed\u00e9llel. V\u00e1s\u00e1roljon bizalommal, tudva, hogy min\u0151s\u00e9gi cserealkatr\u00e9szekbe fektet be k\u00e9sz\u00fcl\u00e9k\u00e9hez. Ha k\u00e9rd\u00e9se van, vagy seg\u00edts\u00e9gre van sz\u00fcks\u00e9ge, ne habozzon kapcsolatba l\u00e9pni vel\u00fcnk. Az\u00e9rt vagyunk itt, hogy seg\u00edts\u00fcnk eszk\u00f6ze biztons\u00e1g\u00e1nak \u00e9s v\u00e9delm\u00e9nek fokoz\u00e1s\u00e1ban.<\/p>\n","protected":false},"excerpt":{"rendered":"<p>Cser\u00e9lje ki Dell Latitude 7404 Rugged akkumul\u00e1torajt\u00f3j\u00e1nak z\u00e1rpanel\u00e9nek fedel\u00e9t erre az eredeti alkatr\u00e9szre. K\u00f6nnyen telep\u00edthet\u0151 \u00e9s kompatibilis az X0YDK cikksz\u00e1mmal. Gy\u0151z\u0151dj\u00f6n meg arr\u00f3l, hogy k\u00e9sz\u00fcl\u00e9ke biztons\u00e1gos \u00e9s v\u00e9dett marad!<\/p>\n","protected":false},"featured_media":8500,"template":"","meta":[],"product_brand":[],"product_cat":[16],"product_tag":[17],"class_list":{"0":"post-8451","1":"product","2":"type-product","3":"status-publish","4":"has-post-thumbnail","6":"product_cat-laptop-housing","7":"product_tag-dell","9":"first","10":"instock","11":"taxable","12":"shipping-taxable","13":"purchasable","14":"product-type-simple"},"_links":{"self":[{"href":"https:\/\/boreait.com\/hu\/wp-json\/wp\/v2\/product\/8451","targetHints":{"allow":["GET"]}}],"collection":[{"href":"https:\/\/boreait.com\/hu\/wp-json\/wp\/v2\/product"}],"about":[{"href":"https:\/\/boreait.com\/hu\/wp-json\/wp\/v2\/types\/product"}],"wp:featuredmedia":[{"embeddable":true,"href":"https:\/\/boreait.com\/hu\/wp-json\/wp\/v2\/media\/8500"}],"wp:attachment":[{"href":"https:\/\/boreait.com\/hu\/wp-json\/wp\/v2\/media?parent=8451"}],"wp:term":[{"taxonomy":"product_brand","embeddable":true,"href":"https:\/\/boreait.com\/hu\/wp-json\/wp\/v2\/product_brand?post=8451"},{"taxonomy":"product_cat","embeddable":true,"href":"https:\/\/boreait.com\/hu\/wp-json\/wp\/v2\/product_cat?post=8451"},{"taxonomy":"product_tag","embeddable":true,"href":"https:\/\/boreait.com\/hu\/wp-json\/wp\/v2\/product_tag?post=8451"}],"curies":[{"name":"wp","href":"https:\/\/api.w.org\/{rel}","templated":true}]}}