{"id":8449,"date":"2025-09-17T12:07:28","date_gmt":"2025-09-17T10:07:28","guid":{"rendered":"https:\/\/boreait.com\/hu\/?post_type=product&#038;p=8449"},"modified":"2025-09-17T12:08:05","modified_gmt":"2025-09-17T10:08:05","slug":"oem-dell-latitude-7404-7414-robusztus-i-o-port-fedel-mal12-ytthh","status":"publish","type":"product","link":"https:\/\/boreait.com\/hu\/termek\/oem-dell-latitude-7404-7414-robusztus-i-o-port-fedel-mal12-ytthh\/","title":{"rendered":"OEM Dell Latitude 7404 7414 robusztus I\/O port fed\u00e9l MAL12 YTTHH"},"content":{"rendered":"<p>N\u00f6velje Dell Latitude 7404 vagy 7414 Rugged laptopja v\u00e9delm\u00e9t a MAL12 \u00e9s YTTHH cikksz\u00e1m\u00fa OEM I\/O port fed\u00e9llel. A tart\u00f3ss\u00e1gra \u00e9s t\u00f6k\u00e9letes illeszked\u00e9sre tervezett eredeti cserealkatr\u00e9sz meg\u00f3vja eszk\u00f6ze portjait a port\u00f3l \u00e9s a s\u00e9r\u00fcl\u00e9sekt\u0151l.<\/p>\n<p>F\u0151bb jellemz\u0151k:<\/p>\n<p>&#8211; OEM Dell csere: A kompatibilit\u00e1s \u00e9s a megb\u00edzhat\u00f3s\u00e1g biztos\u00edt\u00e1sa hiteles cserealkatr\u00e9szekkel.<\/p>\n<p>&#8211; K\u00f6nny\u0171 telep\u00edt\u00e9s: Egyszer\u0171 telep\u00edt\u00e9ssel k\u00f6nnyed\u00e9n friss\u00edtheti eszk\u00f6z\u00e9t.<\/p>\n<p>&#8211; Fokozott v\u00e9delem: \u00d3vja meg laptopja portjait a port\u00f3l, t\u00f6rmel\u00e9kt\u0151l \u00e9s esetleges s\u00e9r\u00fcl\u00e9sekt\u0151l.<\/p>\n<p>&#8211; Tart\u00f3s konstrukci\u00f3: \u00dagy tervezt\u00e9k, hogy ellen\u00e1lljon a massz\u00edv haszn\u00e1latnak, \u00edgy biztos\u00edtva a hossz\u00fa \u00e9lettartamot \u00e9s a megb\u00edzhat\u00f3s\u00e1got.<\/p>\n<p>Friss\u00edtse Dell Latitude 7404 vagy 7414 Rugged laptopj\u00e1t m\u00e9g ma az OEM I\/O port fed\u00e9llel. V\u00e1s\u00e1roljon bizalommal, tudva, hogy min\u0151s\u00e9gi cserealkatr\u00e9szekbe fektet be k\u00e9sz\u00fcl\u00e9k\u00e9hez. Ha k\u00e9rd\u00e9se van, vagy seg\u00edts\u00e9gre van sz\u00fcks\u00e9ge, ne habozzon kapcsolatba l\u00e9pni vel\u00fcnk. Az\u00e9rt vagyunk itt, hogy seg\u00edts\u00fcnk megv\u00e9deni \u00e9s jav\u00edtani eszk\u00f6ze funkcionalit\u00e1s\u00e1t.<\/p>\n","protected":false},"excerpt":{"rendered":"<p>Friss\u00edtse Dell Latitude 7404 vagy 7414 Rugged laptopj\u00e1t ezzel az OEM I\/O port fed\u00e9llel. K\u00f6nnyen telep\u00edthet\u0151 \u00e9s kompatibilis a MAL12 \u00e9s YTTHH cikksz\u00e1mokkal. V\u00e9dje k\u00e9sz\u00fcl\u00e9ke portjait m\u00e9g ma!<\/p>\n","protected":false},"featured_media":8498,"template":"","meta":[],"product_brand":[],"product_cat":[16],"product_tag":[17],"class_list":{"0":"post-8449","1":"product","2":"type-product","3":"status-publish","4":"has-post-thumbnail","6":"product_cat-laptop-housing","7":"product_tag-dell","9":"first","10":"instock","11":"taxable","12":"shipping-taxable","13":"purchasable","14":"product-type-simple"},"_links":{"self":[{"href":"https:\/\/boreait.com\/hu\/wp-json\/wp\/v2\/product\/8449","targetHints":{"allow":["GET"]}}],"collection":[{"href":"https:\/\/boreait.com\/hu\/wp-json\/wp\/v2\/product"}],"about":[{"href":"https:\/\/boreait.com\/hu\/wp-json\/wp\/v2\/types\/product"}],"wp:featuredmedia":[{"embeddable":true,"href":"https:\/\/boreait.com\/hu\/wp-json\/wp\/v2\/media\/8498"}],"wp:attachment":[{"href":"https:\/\/boreait.com\/hu\/wp-json\/wp\/v2\/media?parent=8449"}],"wp:term":[{"taxonomy":"product_brand","embeddable":true,"href":"https:\/\/boreait.com\/hu\/wp-json\/wp\/v2\/product_brand?post=8449"},{"taxonomy":"product_cat","embeddable":true,"href":"https:\/\/boreait.com\/hu\/wp-json\/wp\/v2\/product_cat?post=8449"},{"taxonomy":"product_tag","embeddable":true,"href":"https:\/\/boreait.com\/hu\/wp-json\/wp\/v2\/product_tag?post=8449"}],"curies":[{"name":"wp","href":"https:\/\/api.w.org\/{rel}","templated":true}]}}