{"id":8448,"date":"2025-09-17T12:07:28","date_gmt":"2025-09-17T10:07:28","guid":{"rendered":"https:\/\/boreait.com\/hu\/?post_type=product&#038;p=8448"},"modified":"2026-01-27T12:00:56","modified_gmt":"2026-01-27T11:00:56","slug":"eredeti-dell-latitude-14-7404-rugged-flap-7404sdcvr-a","status":"publish","type":"product","link":"https:\/\/boreait.com\/hu\/termek\/eredeti-dell-latitude-14-7404-rugged-flap-7404sdcvr-a\/","title":{"rendered":"Eredeti DELL Latitude 14 7404 Rugged Flap 7404SDCVR A"},"content":{"rendered":"<p>N\u00f6velje Dell Latitude 14 7404 robusztus laptopja tart\u00f3ss\u00e1g\u00e1t \u00e9s funkcionalit\u00e1s\u00e1t az eredeti fed\u00e9llel, cikksz\u00e1m: 7404SDCVR A. A robusztuss\u00e1g \u00e9s megb\u00edzhat\u00f3s\u00e1g jegy\u00e9ben k\u00e9sz\u00fclt, ez az autentikus cserealkatr\u00e9sz gondoskodik arr\u00f3l, hogy k\u00e9sz\u00fcl\u00e9ke v\u00e9dett \u00e9s optim\u00e1lis \u00e1llapotban maradjon.<\/p>\n<p>F\u0151bb jellemz\u0151k:<\/p>\n<p>&#8211; Eredeti Dell csere: A kompatibilit\u00e1s \u00e9s a megb\u00edzhat\u00f3s\u00e1g biztos\u00edt\u00e1sa hiteles cserealkatr\u00e9szekkel.<\/p>\n<p>&#8211; K\u00f6nny\u0171 telep\u00edt\u00e9s: Egyszer\u0171 telep\u00edt\u00e9ssel k\u00f6nnyed\u00e9n friss\u00edtheti eszk\u00f6z\u00e9t.<\/p>\n<p>&#8211; Fokozott tart\u00f3ss\u00e1g: N\u00f6velje laptopja v\u00e9delm\u00e9t ezzel a tart\u00f3s \u00e9s massz\u00edv fed\u00e9llel.<\/p>\n<p>&#8211; Robusztus fel\u00e9p\u00edt\u00e9s: ellen\u00e1ll a neh\u00e9z k\u00f6r\u00fclm\u00e9nyeknek, \u00edgy biztos\u00edtva a hossz\u00fa t\u00e1v\u00fa teljes\u00edtm\u00e9nyt.<\/p>\n<p>Friss\u00edtse Dell Latitude 14 7404 robusztus laptopj\u00e1t m\u00e9g ma az eredeti fed\u00e9llel. V\u00e1s\u00e1roljon bizalommal, tudva, hogy min\u0151s\u00e9gi cserealkatr\u00e9szekbe fektet be k\u00e9sz\u00fcl\u00e9k\u00e9hez. Ha k\u00e9rd\u00e9se van, vagy seg\u00edts\u00e9gre van sz\u00fcks\u00e9ge, ne habozzon kapcsolatba l\u00e9pni vel\u00fcnk. Az\u00e9rt vagyunk itt, hogy seg\u00edts\u00fcnk eszk\u00f6ze tart\u00f3ss\u00e1g\u00e1nak \u00e9s funkcionalit\u00e1s\u00e1nak n\u00f6vel\u00e9s\u00e9ben.<\/p>\n","protected":false},"excerpt":{"rendered":"<p>Friss\u00edtse Dell Latitude 14 7404 Rugged k\u00e9sz\u00fcl\u00e9k\u00e9t ezzel az eredeti fed\u00e9llel. K\u00f6nnyen telep\u00edthet\u0151 \u00e9s kompatibilis a 7404SDCVR A cikksz\u00e1mmal. N\u00f6velje eszk\u00f6ze tart\u00f3ss\u00e1g\u00e1t m\u00e9g ma!<\/p>\n","protected":false},"featured_media":8497,"template":"","meta":[],"product_brand":[],"product_cat":[16],"product_tag":[17],"class_list":{"0":"post-8448","1":"product","2":"type-product","3":"status-publish","4":"has-post-thumbnail","6":"product_cat-laptop-housing","7":"product_tag-dell","9":"first","10":"instock","11":"taxable","12":"shipping-taxable","13":"purchasable","14":"product-type-simple"},"_links":{"self":[{"href":"https:\/\/boreait.com\/hu\/wp-json\/wp\/v2\/product\/8448","targetHints":{"allow":["GET"]}}],"collection":[{"href":"https:\/\/boreait.com\/hu\/wp-json\/wp\/v2\/product"}],"about":[{"href":"https:\/\/boreait.com\/hu\/wp-json\/wp\/v2\/types\/product"}],"wp:featuredmedia":[{"embeddable":true,"href":"https:\/\/boreait.com\/hu\/wp-json\/wp\/v2\/media\/8497"}],"wp:attachment":[{"href":"https:\/\/boreait.com\/hu\/wp-json\/wp\/v2\/media?parent=8448"}],"wp:term":[{"taxonomy":"product_brand","embeddable":true,"href":"https:\/\/boreait.com\/hu\/wp-json\/wp\/v2\/product_brand?post=8448"},{"taxonomy":"product_cat","embeddable":true,"href":"https:\/\/boreait.com\/hu\/wp-json\/wp\/v2\/product_cat?post=8448"},{"taxonomy":"product_tag","embeddable":true,"href":"https:\/\/boreait.com\/hu\/wp-json\/wp\/v2\/product_tag?post=8448"}],"curies":[{"name":"wp","href":"https:\/\/api.w.org\/{rel}","templated":true}]}}