{"id":844,"date":"2025-09-17T09:45:14","date_gmt":"2025-09-17T07:45:14","guid":{"rendered":"https:\/\/boreait.com\/hu\/?post_type=product&#038;p=844"},"modified":"2025-09-17T09:45:54","modified_gmt":"2025-09-17T07:45:54","slug":"hp-zbook-15-g2-usb-kartya-ls-9243p-kabellel","status":"publish","type":"product","link":"https:\/\/boreait.com\/hu\/termek\/hp-zbook-15-g2-usb-kartya-ls-9243p-kabellel\/","title":{"rendered":"HP ZBook 15 G2 USB k\u00e1rtya LS-9243P k\u00e1bellel"},"content":{"rendered":"<p>A HP ZBook 15 G2 USB k\u00e1rtya LS-9243P k\u00e1bellel egy cserealkatr\u00e9sz, amelyet a HP ZBook 15 G2 laptop USB csatlakoz\u00e1si probl\u00e9m\u00e1inak megold\u00e1s\u00e1ra terveztek. Ha probl\u00e9m\u00e1kat tapasztal azzal, hogy az USB-portok nem ismerik fel az eszk\u00f6z\u00f6ket, vagy nem biztos\u00edtanak megfelel\u0151 t\u00e1pell\u00e1t\u00e1st, ez a cserek\u00e1rtya \u00e9s -k\u00e1bel seg\u00edthet megoldani ezeket a probl\u00e9m\u00e1kat.<\/p>\n<p>Ez az eredeti HP cserealkatr\u00e9sz biztos\u00edtja a kompatibilit\u00e1st \u00e9s a megb\u00edzhat\u00f3 teljes\u00edtm\u00e9nyt. Kifejezetten a ZBook 15 G2 modellhez tervezt\u00e9k, t\u00f6k\u00e9letes illeszked\u00e9st \u00e9s z\u00f6kken\u0151mentes integr\u00e1ci\u00f3t biztos\u00edtva. Az USB-k\u00e1rtya \u00e9s a k\u00e1bel alapvet\u0151 alkatr\u00e9szek, amelyek biztos\u00edtj\u00e1k az USB-portok megfelel\u0151 m\u0171k\u00f6d\u00e9s\u00e9hez sz\u00fcks\u00e9ges elektromos csatlakoz\u00e1sokat.<\/p>\n<p>Az USB-k\u00e1rtya \u00e9s -k\u00e1bel cser\u00e9jekor fontos, hogy k\u00f6vesse a gy\u00e1rt\u00f3 utas\u00edt\u00e1sait, vagy k\u00e9rjen szak\u00e9rt\u0151i seg\u00edts\u00e9get, ha nem ismeri a laptop hardvercser\u00e9j\u00e9t. A telep\u00edt\u00e9si folyamat megkezd\u00e9se el\u0151tt kapcsolja ki a laptopot, \u00e9s h\u00fazza ki az \u00e1ramforr\u00e1sb\u00f3l.<\/p>\n<p>Fefektessen be a HP ZBook 15 G2 USB-k\u00e1rty\u00e1ba LS-9243P k\u00e1bellel, hogy helyre\u00e1ll\u00edtsa laptopja megb\u00edzhat\u00f3 USB-kapcsolat\u00e1t. \u00c9lvezze az USB-eszk\u00f6z\u00f6k csatlakoztat\u00e1s\u00e1nak k\u00e9nyelm\u00e9t gond n\u00e9lk\u00fcl vagy kompatibilit\u00e1si probl\u00e9m\u00e1k n\u00e9lk\u00fcl.<\/p>\n","protected":false},"excerpt":{"rendered":"<p>Cser\u00e9lje ki a hib\u00e1s USB k\u00e1rty\u00e1t \u00e9s k\u00e1belt a HP ZBook 15 G2 USB k\u00e1rty\u00e1ra LS-9243P k\u00e1bellel. Ez az eredeti HP cserealkatr\u00e9sz megb\u00edzhat\u00f3 csatlakoz\u00e1st biztos\u00edt, \u00e9s lehet\u0151v\u00e9 teszi az USB-eszk\u00f6z\u00f6k probl\u00e9mamentes csatlakoztat\u00e1s\u00e1t laptopj\u00e1hoz.<\/p>\n","protected":false},"featured_media":886,"template":"","meta":[],"product_brand":[],"product_cat":[27],"product_tag":[25],"class_list":{"0":"post-844","1":"product","2":"type-product","3":"status-publish","4":"has-post-thumbnail","6":"product_cat-motherboards-board-parts","7":"product_tag-hp","9":"first","10":"instock","11":"taxable","12":"shipping-taxable","13":"purchasable","14":"product-type-simple"},"_links":{"self":[{"href":"https:\/\/boreait.com\/hu\/wp-json\/wp\/v2\/product\/844","targetHints":{"allow":["GET"]}}],"collection":[{"href":"https:\/\/boreait.com\/hu\/wp-json\/wp\/v2\/product"}],"about":[{"href":"https:\/\/boreait.com\/hu\/wp-json\/wp\/v2\/types\/product"}],"wp:featuredmedia":[{"embeddable":true,"href":"https:\/\/boreait.com\/hu\/wp-json\/wp\/v2\/media\/886"}],"wp:attachment":[{"href":"https:\/\/boreait.com\/hu\/wp-json\/wp\/v2\/media?parent=844"}],"wp:term":[{"taxonomy":"product_brand","embeddable":true,"href":"https:\/\/boreait.com\/hu\/wp-json\/wp\/v2\/product_brand?post=844"},{"taxonomy":"product_cat","embeddable":true,"href":"https:\/\/boreait.com\/hu\/wp-json\/wp\/v2\/product_cat?post=844"},{"taxonomy":"product_tag","embeddable":true,"href":"https:\/\/boreait.com\/hu\/wp-json\/wp\/v2\/product_tag?post=844"}],"curies":[{"name":"wp","href":"https:\/\/api.w.org\/{rel}","templated":true}]}}