{"id":8428,"date":"2025-09-17T12:07:05","date_gmt":"2025-09-17T10:07:05","guid":{"rendered":"https:\/\/boreait.com\/hu\/?post_type=product&#038;p=8428"},"modified":"2025-09-17T12:08:00","modified_gmt":"2025-09-17T10:08:00","slug":"07m8n1-7m8n1-uj-a-dell-latitude-14-rugged-extreme-7414-e7414-usb-sd-kartya-rj45-io-kartya-szamara","status":"publish","type":"product","link":"https:\/\/boreait.com\/hu\/termek\/07m8n1-7m8n1-uj-a-dell-latitude-14-rugged-extreme-7414-e7414-usb-sd-kartya-rj45-io-kartya-szamara\/","title":{"rendered":"07M8N1 7M8N1 \u00daj a Dell Latitude 14 Rugged Extreme 7414 E7414 USB SD k\u00e1rtya RJ45 IO k\u00e1rtya sz\u00e1m\u00e1ra"},"content":{"rendered":"<p>N\u00f6velje Dell Latitude 14 Rugged Extreme 7414 csatlakoztathat\u00f3s\u00e1g\u00e1t az \u00faj USB SD Carder RJ45 IO k\u00e1rty\u00e1val, cikksz\u00e1m: 07M8N1 7M8N1. Ezt a kiv\u00e1l\u00f3 min\u0151s\u00e9g\u0171 cserealkatr\u00e9szt \u00fagy tervezt\u00e9k, hogy megb\u00edzhat\u00f3 teljes\u00edtm\u00e9nyt \u00e9s z\u00f6kken\u0151mentes kompatibilit\u00e1st biztos\u00edtson k\u00e9sz\u00fcl\u00e9k\u00e9vel.<\/p>\n<p>F\u0151bb jellemz\u0151k:<\/p>\n<p>&#8211; Eredeti Dell csere: A kompatibilit\u00e1s \u00e9s a megb\u00edzhat\u00f3s\u00e1g biztos\u00edt\u00e1sa hiteles cserealkatr\u00e9szekkel.<\/p>\n<p>&#8211; Tov\u00e1bbfejlesztett csatlakoztathat\u00f3s\u00e1g: B\u0151v\u00edtse laptopja csatlakoz\u00e1si lehet\u0151s\u00e9geit tov\u00e1bbi USB-portokkal, SD-k\u00e1rtyaolvas\u00f3val \u00e9s RJ45-porttal.<\/p>\n<p>&#8211; K\u00f6nny\u0171 telep\u00edt\u00e9s: Egyszer\u0171 telep\u00edt\u00e9ssel k\u00f6nnyed\u00e9n friss\u00edtheti eszk\u00f6z\u00e9t, nincs sz\u00fcks\u00e9g szakmai seg\u00edts\u00e9gre.<\/p>\n<p>&#8211; Tart\u00f3s konstrukci\u00f3: \u00dagy tervezt\u00e9k, hogy ellen\u00e1lljon a massz\u00edv haszn\u00e1latnak, \u00edgy biztos\u00edtva a hossz\u00fa \u00e9lettartamot \u00e9s a megb\u00edzhat\u00f3s\u00e1got.<\/p>\n<p>Friss\u00edtse laptopja teljes\u00edtm\u00e9ny\u00e9t:<\/p>\n<p>Tapasztalja meg a tov\u00e1bbfejlesztett funkcionalit\u00e1st laptopja csatlakoz\u00e1si lehet\u0151s\u00e9geinek b\u0151v\u00edt\u00e9s\u00e9vel ezzel a kiv\u00e1l\u00f3 min\u0151s\u00e9g\u0171 IO-k\u00e1rty\u00e1val.<\/p>\n<p>Egyszer\u0171 telep\u00edt\u00e9s:<\/p>\n<p>Egyszer\u0171 telep\u00edt\u00e9ssel k\u00f6nnyed\u00e9n friss\u00edtheti laptopja csatlakoztathat\u00f3s\u00e1g\u00e1t, nincs sz\u00fcks\u00e9g szakmai seg\u00edts\u00e9gre.<\/p>\n<p>Min\u0151s\u00e9gbiztos\u00edt\u00e1s:<\/p>\n<p>Biztos lehet benne, hogy egy kiv\u00e1l\u00f3 min\u0151s\u00e9g\u0171, eredeti Dell cserealkatr\u00e9szbe fektet be, amelyet a megb\u00edzhat\u00f3s\u00e1g \u00e9s a hossz\u00fa \u00e9lettartam \u00e9rdek\u00e9ben terveztek.<\/p>\n<p>K\u00e9rj\u00fck, vegye figyelembe, hogy b\u00e1r a r\u00e9szletes telep\u00edt\u00e9si utas\u00edt\u00e1sokat nem adjuk meg, nyugodtan forduljon hozz\u00e1nk, ha k\u00e9rd\u00e9se van, vagy seg\u00edts\u00e9gre van sz\u00fcks\u00e9ge. A list\u00e1n szerepl\u0151 val\u00f3di term\u00e9kfot\u00f3k pontosan le\u00edrj\u00e1k, hogy mit fog kapni, t\u00fckr\u00f6zve az \u00e1tl\u00e1that\u00f3s\u00e1g \u00e9s az \u00fcgyfelek el\u00e9gedetts\u00e9ge ir\u00e1nti elk\u00f6telezetts\u00e9g\u00fcnket.<\/p>\n<p>Friss\u00edtse Dell Latitude 14 Rugged Extreme 7414 k\u00e9sz\u00fcl\u00e9k\u00e9t m\u00e9g ma az \u00faj USB SD Carder RJ45 IO k\u00e1rty\u00e1val. V\u00e1s\u00e1roljon bizalommal, tudva, hogy min\u0151s\u00e9gi cserealkatr\u00e9szekbe fektet be k\u00e9sz\u00fcl\u00e9k\u00e9hez. Ha k\u00e9rd\u00e9se van, vagy tov\u00e1bbi seg\u00edts\u00e9gre van sz\u00fcks\u00e9ge, ne habozzon kapcsolatba l\u00e9pni vel\u00fcnk. Az\u00e9rt vagyunk itt, hogy seg\u00edts\u00fcnk eszk\u00f6ze funkcionalit\u00e1s\u00e1nak jav\u00edt\u00e1s\u00e1ban.<\/p>\n","protected":false},"excerpt":{"rendered":"<p>Friss\u00edtse Dell Latitude 14 Rugged Extreme 7414 k\u00e9sz\u00fcl\u00e9k\u00e9t ezzel az \u00faj USB SD Carder RJ45 IO k\u00e1rty\u00e1val, cikksz\u00e1m: 07M8N1 7M8N1. Optim\u00e1lis teljes\u00edtm\u00e9nyre \u00e9s egyszer\u0171 telep\u00edt\u00e9sre tervezt\u00e9k. Fokozza eszk\u00f6ze csatlakoztathat\u00f3s\u00e1g\u00e1t m\u00e9g ma!<\/p>\n","protected":false},"featured_media":8493,"template":"","meta":[],"product_brand":[],"product_cat":[27],"product_tag":[17],"class_list":{"0":"post-8428","1":"product","2":"type-product","3":"status-publish","4":"has-post-thumbnail","6":"product_cat-motherboards-board-parts","7":"product_tag-dell","9":"first","10":"instock","11":"taxable","12":"shipping-taxable","13":"purchasable","14":"product-type-simple"},"_links":{"self":[{"href":"https:\/\/boreait.com\/hu\/wp-json\/wp\/v2\/product\/8428","targetHints":{"allow":["GET"]}}],"collection":[{"href":"https:\/\/boreait.com\/hu\/wp-json\/wp\/v2\/product"}],"about":[{"href":"https:\/\/boreait.com\/hu\/wp-json\/wp\/v2\/types\/product"}],"wp:featuredmedia":[{"embeddable":true,"href":"https:\/\/boreait.com\/hu\/wp-json\/wp\/v2\/media\/8493"}],"wp:attachment":[{"href":"https:\/\/boreait.com\/hu\/wp-json\/wp\/v2\/media?parent=8428"}],"wp:term":[{"taxonomy":"product_brand","embeddable":true,"href":"https:\/\/boreait.com\/hu\/wp-json\/wp\/v2\/product_brand?post=8428"},{"taxonomy":"product_cat","embeddable":true,"href":"https:\/\/boreait.com\/hu\/wp-json\/wp\/v2\/product_cat?post=8428"},{"taxonomy":"product_tag","embeddable":true,"href":"https:\/\/boreait.com\/hu\/wp-json\/wp\/v2\/product_tag?post=8428"}],"curies":[{"name":"wp","href":"https:\/\/api.w.org\/{rel}","templated":true}]}}