{"id":8426,"date":"2025-09-17T12:07:04","date_gmt":"2025-09-17T10:07:04","guid":{"rendered":"https:\/\/boreait.com\/hu\/?post_type=product&#038;p=8426"},"modified":"2026-01-27T12:00:39","modified_gmt":"2026-01-27T11:00:39","slug":"eredeti-dell-latitude-14-7404-robusztus-extrem-hatso-muanyag-burkolat-l-bal-oldal-2","status":"publish","type":"product","link":"https:\/\/boreait.com\/hu\/termek\/eredeti-dell-latitude-14-7404-robusztus-extrem-hatso-muanyag-burkolat-l-bal-oldal-2\/","title":{"rendered":"Eredeti Dell Latitude 14 7404 robusztus extr\u00e9m h\u00e1ts\u00f3 m\u0171anyag burkolat L bal oldal"},"content":{"rendered":"<p>N\u00f6velje Dell Latitude 14 7404 Rugged Extreme laptopja tart\u00f3ss\u00e1g\u00e1t \u00e9s megjelen\u00e9s\u00e9t a bal oldali eredeti m\u0171anyag h\u00e1tlappal. Ez az eredeti cserealkatr\u00e9sz, amelyet t\u00f6k\u00e9letes illeszked\u00e9sre \u00e9s optim\u00e1lis teljes\u00edtm\u00e9nyre terveztek, biztos\u00edtja, hogy laptopja v\u00e9dett \u00e9s m\u0171k\u00f6d\u0151k\u00e9pes maradjon.<\/p>\n<p>F\u0151bb jellemz\u0151k:<\/p>\n<p>&#8211; Eredeti Dell csere: A kompatibilit\u00e1s \u00e9s a megb\u00edzhat\u00f3s\u00e1g biztos\u00edt\u00e1sa hiteles cserealkatr\u00e9szekkel.<\/p>\n<p>&#8211; K\u00f6nny\u0171 telep\u00edt\u00e9s: Egyszer\u0171 telep\u00edt\u00e9ssel k\u00f6nnyed\u00e9n vissza\u00e1ll\u00edthatja laptopj\u00e1t.<\/p>\n<p>&#8211; Fokozott v\u00e9delem: Ezzel a tart\u00f3s m\u0171anyag bor\u00edt\u00e1ssal \u00f3vja meg laptopj\u00e1t a kop\u00e1st\u00f3l.<\/p>\n<p>&#8211; T\u00f6k\u00e9letes illeszked\u00e9s: Kifejezetten a Dell Latitude 14 7404 Rugged Extreme bal oldal\u00e1hoz tervezt\u00e9k, z\u00f6kken\u0151mentes illeszked\u00e9st biztos\u00edtva.<\/p>\n<p>Friss\u00edtse Dell Latitude 14 7404 Rugged Extreme k\u00e9sz\u00fcl\u00e9k\u00e9t m\u00e9g ma a bal oldali eredeti m\u0171anyag h\u00e1tlappal. V\u00e1s\u00e1roljon bizalommal, tudva, hogy laptopja min\u0151s\u00e9gi cserealkatr\u00e9sz\u00e9be fektet be. Ha k\u00e9rd\u00e9se van, vagy seg\u00edts\u00e9gre van sz\u00fcks\u00e9ge, ne habozzon kapcsolatba l\u00e9pni vel\u00fcnk. Az\u00e9rt vagyunk itt, hogy seg\u00edts\u00fcnk meg\u0151rizni k\u00e9sz\u00fcl\u00e9ke tart\u00f3ss\u00e1g\u00e1t \u00e9s megjelen\u00e9s\u00e9t.<\/p>\n","protected":false},"excerpt":{"rendered":"<p>\u00c1ll\u00edtsa vissza Dell Latitude 14 7404 Rugged Extreme tart\u00f3ss\u00e1g\u00e1t \u00e9s megjelen\u00e9s\u00e9t ezzel az eredeti, bal oldali m\u0171anyag h\u00e1tlappal. K\u00f6nnyen felszerelhet\u0151 \u00e9s t\u00f6k\u00e9letes illeszked\u00e9st \u00e9s m\u0171k\u00f6d\u00e9st biztos\u00edt. Fokozza laptopja v\u00e9delm\u00e9t m\u00e9g ma!<\/p>\n","protected":false},"featured_media":8489,"template":"","meta":[],"product_brand":[],"product_cat":[16],"product_tag":[17],"class_list":{"0":"post-8426","1":"product","2":"type-product","3":"status-publish","4":"has-post-thumbnail","6":"product_cat-laptop-housing","7":"product_tag-dell","9":"first","10":"instock","11":"taxable","12":"shipping-taxable","13":"purchasable","14":"product-type-simple"},"_links":{"self":[{"href":"https:\/\/boreait.com\/hu\/wp-json\/wp\/v2\/product\/8426","targetHints":{"allow":["GET"]}}],"collection":[{"href":"https:\/\/boreait.com\/hu\/wp-json\/wp\/v2\/product"}],"about":[{"href":"https:\/\/boreait.com\/hu\/wp-json\/wp\/v2\/types\/product"}],"wp:featuredmedia":[{"embeddable":true,"href":"https:\/\/boreait.com\/hu\/wp-json\/wp\/v2\/media\/8489"}],"wp:attachment":[{"href":"https:\/\/boreait.com\/hu\/wp-json\/wp\/v2\/media?parent=8426"}],"wp:term":[{"taxonomy":"product_brand","embeddable":true,"href":"https:\/\/boreait.com\/hu\/wp-json\/wp\/v2\/product_brand?post=8426"},{"taxonomy":"product_cat","embeddable":true,"href":"https:\/\/boreait.com\/hu\/wp-json\/wp\/v2\/product_cat?post=8426"},{"taxonomy":"product_tag","embeddable":true,"href":"https:\/\/boreait.com\/hu\/wp-json\/wp\/v2\/product_tag?post=8426"}],"curies":[{"name":"wp","href":"https:\/\/api.w.org\/{rel}","templated":true}]}}