{"id":8423,"date":"2025-09-17T12:07:04","date_gmt":"2025-09-17T10:07:04","guid":{"rendered":"https:\/\/boreait.com\/hu\/?post_type=product&#038;p=8423"},"modified":"2026-01-27T11:47:42","modified_gmt":"2026-01-27T10:47:42","slug":"eredeti-dell-latitude-14-7404-xfr-billentyuzet-ajto-rxxg2","status":"publish","type":"product","link":"https:\/\/boreait.com\/hu\/termek\/eredeti-dell-latitude-14-7404-xfr-billentyuzet-ajto-rxxg2\/","title":{"rendered":"EREDETI DELL LATITUDE 14 7404 XFR BILLENTY\u0170ZET AJT\u00d3 RXXG2"},"content":{"rendered":"<p>Emelje fel Dell Latitude 14 7404 XFR laptopja megjelen\u00e9s\u00e9t \u00e9s funkcionalit\u00e1s\u00e1t az eredeti Keyboard Door RXXG2, cikksz\u00e1m (05) seg\u00edts\u00e9g\u00e9vel. Ez a prec\u00edz \u00e9s megb\u00edzhat\u00f3 cserealkatr\u00e9sz egyszer\u0171 telep\u00edt\u00e9st \u00e9s kompatibilit\u00e1st biztos\u00edt.<\/p>\n<p>F\u0151bb jellemz\u0151k:<\/p>\n<p>&#8211; Eredeti Dell csere: A kompatibilit\u00e1s \u00e9s a megb\u00edzhat\u00f3s\u00e1g biztos\u00edt\u00e1sa hiteles cserealkatr\u00e9szekkel.<\/p>\n<p>&#8211; K\u00f6nny\u0171 telep\u00edt\u00e9s: Egyszer\u0171 telep\u00edt\u00e9ssel k\u00f6nnyed\u00e9n jav\u00edthatja eszk\u00f6ze eszt\u00e9tikai megjelen\u00e9s\u00e9t.<\/p>\n<p>&#8211; Tov\u00e1bbfejlesztett megjelen\u00e9s: Alak\u00edtsa \u00e1t Dell Latitude 14 7404 XFR megjelen\u00e9s\u00e9t ezzel az eleg\u00e1ns billenty\u0171zetajt\u00f3val.<\/p>\n<p>&#8211; Tart\u00f3s konstrukci\u00f3: \u00dagy tervezt\u00e9k, hogy ellen\u00e1lljon a massz\u00edv haszn\u00e1latnak, \u00edgy biztos\u00edtva a hossz\u00fa \u00e9lettartamot \u00e9s a megb\u00edzhat\u00f3s\u00e1got.<\/p>\n<p>Friss\u00edtse Dell Latitude 14 7404 XFR laptopj\u00e1t m\u00e9g ma az eredeti Keyboard Door RXXG2-vel. V\u00e1s\u00e1roljon bizalommal, tudva, hogy min\u0151s\u00e9gi cserealkatr\u00e9szekbe fektet be k\u00e9sz\u00fcl\u00e9k\u00e9hez. Ha k\u00e9rd\u00e9se van, vagy seg\u00edts\u00e9gre van sz\u00fcks\u00e9ge, ne habozzon kapcsolatba l\u00e9pni vel\u00fcnk. Az\u00e9rt vagyunk itt, hogy seg\u00edts\u00fcnk eszk\u00f6ze eszt\u00e9tik\u00e1j\u00e1nak \u00e9s funkcionalit\u00e1s\u00e1nak jav\u00edt\u00e1s\u00e1ban.<\/p>\n","protected":false},"excerpt":{"rendered":"<p>Fokozza Dell Latitude 14 7404 XFR k\u00e9sz\u00fcl\u00e9k\u00e9t ezzel az eredeti RXXG2 billenty\u0171zetajt\u00f3val. K\u00f6nnyen telep\u00edthet\u0151 \u00e9s kompatibilis a cikksz\u00e1mmal (05). Friss\u00edtse eszk\u00f6ze eszt\u00e9tik\u00e1j\u00e1t m\u00e9g ma!<\/p>\n","protected":false},"featured_media":8475,"template":"","meta":[],"product_brand":[],"product_cat":[16],"product_tag":[17],"class_list":{"0":"post-8423","1":"product","2":"type-product","3":"status-publish","4":"has-post-thumbnail","6":"product_cat-laptop-housing","7":"product_tag-dell","9":"first","10":"instock","11":"taxable","12":"shipping-taxable","13":"purchasable","14":"product-type-simple"},"_links":{"self":[{"href":"https:\/\/boreait.com\/hu\/wp-json\/wp\/v2\/product\/8423","targetHints":{"allow":["GET"]}}],"collection":[{"href":"https:\/\/boreait.com\/hu\/wp-json\/wp\/v2\/product"}],"about":[{"href":"https:\/\/boreait.com\/hu\/wp-json\/wp\/v2\/types\/product"}],"wp:featuredmedia":[{"embeddable":true,"href":"https:\/\/boreait.com\/hu\/wp-json\/wp\/v2\/media\/8475"}],"wp:attachment":[{"href":"https:\/\/boreait.com\/hu\/wp-json\/wp\/v2\/media?parent=8423"}],"wp:term":[{"taxonomy":"product_brand","embeddable":true,"href":"https:\/\/boreait.com\/hu\/wp-json\/wp\/v2\/product_brand?post=8423"},{"taxonomy":"product_cat","embeddable":true,"href":"https:\/\/boreait.com\/hu\/wp-json\/wp\/v2\/product_cat?post=8423"},{"taxonomy":"product_tag","embeddable":true,"href":"https:\/\/boreait.com\/hu\/wp-json\/wp\/v2\/product_tag?post=8423"}],"curies":[{"name":"wp","href":"https:\/\/api.w.org\/{rel}","templated":true}]}}