{"id":8422,"date":"2025-09-17T12:07:04","date_gmt":"2025-09-17T10:07:04","guid":{"rendered":"https:\/\/boreait.com\/hu\/?post_type=product&#038;p=8422"},"modified":"2026-01-27T11:47:28","modified_gmt":"2026-01-27T10:47:28","slug":"eredeti-dell-latitude-14-7404-robusztus-extrem-belso-muanyag-burkolatu-kabelvezeto-4","status":"publish","type":"product","link":"https:\/\/boreait.com\/hu\/termek\/eredeti-dell-latitude-14-7404-robusztus-extrem-belso-muanyag-burkolatu-kabelvezeto-4\/","title":{"rendered":"Eredeti Dell Latitude 14 7404 robusztus, extr\u00e9m bels\u0151 m\u0171anyag burkolat\u00fa k\u00e1belvezet\u0151"},"content":{"rendered":"<p>Fokozza a Dell Latitude 14 7404 Rugged Extreme laptop bels\u0151 k\u00e1belkezel\u00e9s\u00e9t az eredeti m\u0171anyag burkolat\u00fa k\u00e1belvezet\u0151vel. A tart\u00f3ss\u00e1g \u00e9s a kompatibilit\u00e1s jegy\u00e9ben k\u00e9sz\u00fclt, ez az eredeti cserealkatr\u00e9sz megb\u00edzhat\u00f3 teljes\u00edtm\u00e9nyt \u00e9s egyszer\u0171 telep\u00edt\u00e9st biztos\u00edt.<\/p>\n<p>F\u0151bb jellemz\u0151k:<\/p>\n<p>&#8211; Eredeti Dell csere: A kompatibilit\u00e1s \u00e9s a megb\u00edzhat\u00f3s\u00e1g biztos\u00edt\u00e1sa hiteles cserealkatr\u00e9szekkel.<\/p>\n<p>&#8211; K\u00f6nny\u0171 telep\u00edt\u00e9s: Egyszer\u0171 telep\u00edt\u00e9ssel k\u00f6nnyed\u00e9n friss\u00edtheti eszk\u00f6ze k\u00e1belkezel\u00e9s\u00e9t.<\/p>\n<p>&#8211; Fokozott tart\u00f3ss\u00e1g: N\u00f6velje laptopja tart\u00f3ss\u00e1g\u00e1t \u00e9s szervezetts\u00e9g\u00e9t a jobb funkcionalit\u00e1s \u00e9rdek\u00e9ben.<\/p>\n<p>&#8211; Kompatibilis kialak\u00edt\u00e1s: Kifejezetten a Dell Latitude 14 7404 Rugged Extreme k\u00e9sz\u00fcl\u00e9khez tervezt\u00e9k a z\u00f6kken\u0151mentes integr\u00e1ci\u00f3 \u00e9rdek\u00e9ben.<\/p>\n<p>Friss\u00edtse Dell Latitude 14 7404 Rugged Extreme laptopj\u00e1t m\u00e9g ma az eredeti m\u0171anyag burkolat\u00fa k\u00e1belvezet\u0151vel. V\u00e1s\u00e1roljon bizalommal, tudva, hogy min\u0151s\u00e9gi cserealkatr\u00e9szekbe fektet be k\u00e9sz\u00fcl\u00e9k\u00e9hez. Ha k\u00e9rd\u00e9se van, vagy seg\u00edts\u00e9gre van sz\u00fcks\u00e9ge, ne habozzon kapcsolatba l\u00e9pni vel\u00fcnk. Az\u00e9rt vagyunk itt, hogy seg\u00edts\u00fcnk eszk\u00f6ze tart\u00f3ss\u00e1g\u00e1nak \u00e9s szervezetts\u00e9g\u00e9nek n\u00f6vel\u00e9s\u00e9ben.<\/p>\n","protected":false},"excerpt":{"rendered":"<p>Friss\u00edtse Dell Latitude 14 7404 Rugged Extreme bels\u0151 k\u00e1belkezel\u00e9s\u00e9t ezzel az eredeti m\u0171anyag bor\u00edt\u00e1s\u00fa k\u00e1belvezet\u0151vel. K\u00f6nnyen telep\u00edthet\u0151 \u00e9s kompatibilis a k\u00e9sz\u00fcl\u00e9kkel. N\u00f6velje laptopja tart\u00f3ss\u00e1g\u00e1t \u00e9s szervezetts\u00e9g\u00e9t m\u00e9g ma!<\/p>\n","protected":false},"featured_media":8473,"template":"","meta":[],"product_brand":[],"product_cat":[16],"product_tag":[17],"class_list":{"0":"post-8422","1":"product","2":"type-product","3":"status-publish","4":"has-post-thumbnail","6":"product_cat-laptop-housing","7":"product_tag-dell","9":"first","10":"instock","11":"taxable","12":"shipping-taxable","13":"purchasable","14":"product-type-simple"},"_links":{"self":[{"href":"https:\/\/boreait.com\/hu\/wp-json\/wp\/v2\/product\/8422","targetHints":{"allow":["GET"]}}],"collection":[{"href":"https:\/\/boreait.com\/hu\/wp-json\/wp\/v2\/product"}],"about":[{"href":"https:\/\/boreait.com\/hu\/wp-json\/wp\/v2\/types\/product"}],"wp:featuredmedia":[{"embeddable":true,"href":"https:\/\/boreait.com\/hu\/wp-json\/wp\/v2\/media\/8473"}],"wp:attachment":[{"href":"https:\/\/boreait.com\/hu\/wp-json\/wp\/v2\/media?parent=8422"}],"wp:term":[{"taxonomy":"product_brand","embeddable":true,"href":"https:\/\/boreait.com\/hu\/wp-json\/wp\/v2\/product_brand?post=8422"},{"taxonomy":"product_cat","embeddable":true,"href":"https:\/\/boreait.com\/hu\/wp-json\/wp\/v2\/product_cat?post=8422"},{"taxonomy":"product_tag","embeddable":true,"href":"https:\/\/boreait.com\/hu\/wp-json\/wp\/v2\/product_tag?post=8422"}],"curies":[{"name":"wp","href":"https:\/\/api.w.org\/{rel}","templated":true}]}}