{"id":8421,"date":"2025-09-17T12:07:03","date_gmt":"2025-09-17T10:07:03","guid":{"rendered":"https:\/\/boreait.com\/hu\/?post_type=product&#038;p=8421"},"modified":"2026-01-27T11:47:15","modified_gmt":"2026-01-27T10:47:15","slug":"eredeti-dell-rugged-7414-billentyuzettabla-aa002a-kabellel","status":"publish","type":"product","link":"https:\/\/boreait.com\/hu\/termek\/eredeti-dell-rugged-7414-billentyuzettabla-aa002a-kabellel\/","title":{"rendered":"Eredeti Dell Rugged 7414 billenty\u0171zett\u00e1bla AA002A k\u00e1bellel"},"content":{"rendered":"<p>B\u0151v\u00edtse Dell Rugged 7414 laptopja funkcionalit\u00e1s\u00e1t a k\u00e1belt is tartalmaz\u00f3, eredeti billenty\u0171zettel. Ez a prec\u00edzen \u00e9s megb\u00edzhat\u00f3an kialak\u00edtott eredeti cserealkatr\u00e9sz z\u00f6kken\u0151mentes kompatibilit\u00e1st \u00e9s egyszer\u0171 telep\u00edt\u00e9st biztos\u00edt.<\/p>\n<p>F\u0151bb jellemz\u0151k:<\/p>\n<p>&#8211; Eredeti Dell csere: A kompatibilit\u00e1s \u00e9s a megb\u00edzhat\u00f3s\u00e1g biztos\u00edt\u00e1sa hiteles cserealkatr\u00e9szekkel.<\/p>\n<p>&#8211; K\u00f6nny\u0171 telep\u00edt\u00e9s: Egyszer\u0171 telep\u00edt\u00e9ssel k\u00f6nnyed\u00e9n friss\u00edtheti eszk\u00f6z\u00e9t.<\/p>\n<p>&#8211; Tov\u00e1bbfejlesztett funkcionalit\u00e1s: jav\u00edtja a g\u00e9pel\u00e9si \u00e9lm\u00e9nyt \u00e9s az \u00e1ltal\u00e1nos funkcionalit\u00e1st ezzel az eredeti billenty\u0171zettel.<\/p>\n<p>&#8211; Kompatibilit\u00e1s: \u00dagy tervezt\u00e9k, hogy z\u00f6kken\u0151mentesen m\u0171k\u00f6dj\u00f6n a Dell Rugged 7414 modellekkel.<\/p>\n<p>Friss\u00edtse Dell Rugged 7414 laptopj\u00e1t m\u00e9g ma az eredeti billenty\u0171zettel \u00e9s k\u00e1bellel. V\u00e1s\u00e1roljon bizalommal, tudva, hogy min\u0151s\u00e9gi cserealkatr\u00e9szekbe fektet be k\u00e9sz\u00fcl\u00e9k\u00e9hez. Ha k\u00e9rd\u00e9se van, vagy seg\u00edts\u00e9gre van sz\u00fcks\u00e9ge, ne habozzon kapcsolatba l\u00e9pni vel\u00fcnk. Az\u00e9rt vagyunk itt, hogy seg\u00edts\u00fcnk eszk\u00f6ze funkcionalit\u00e1s\u00e1nak jav\u00edt\u00e1s\u00e1ban.<\/p>\n","protected":false},"excerpt":{"rendered":"<p>Fokozza a Dell Rugged 7414 funkcionalit\u00e1s\u00e1t ezzel az eredeti billenty\u0171zettel \u00e9s k\u00e1bellel. K\u00f6nnyen telep\u00edthet\u0151 \u00e9s kompatibilis a k\u00fcl\u00f6nb\u00f6z\u0151 modellekkel. Friss\u00edtse k\u00e9sz\u00fcl\u00e9k\u00e9t m\u00e9g ma!<\/p>\n","protected":false},"featured_media":8471,"template":"","meta":[],"product_brand":[],"product_cat":[27],"product_tag":[17],"class_list":{"0":"post-8421","1":"product","2":"type-product","3":"status-publish","4":"has-post-thumbnail","6":"product_cat-motherboards-board-parts","7":"product_tag-dell","9":"first","10":"instock","11":"taxable","12":"shipping-taxable","13":"purchasable","14":"product-type-simple"},"_links":{"self":[{"href":"https:\/\/boreait.com\/hu\/wp-json\/wp\/v2\/product\/8421","targetHints":{"allow":["GET"]}}],"collection":[{"href":"https:\/\/boreait.com\/hu\/wp-json\/wp\/v2\/product"}],"about":[{"href":"https:\/\/boreait.com\/hu\/wp-json\/wp\/v2\/types\/product"}],"wp:featuredmedia":[{"embeddable":true,"href":"https:\/\/boreait.com\/hu\/wp-json\/wp\/v2\/media\/8471"}],"wp:attachment":[{"href":"https:\/\/boreait.com\/hu\/wp-json\/wp\/v2\/media?parent=8421"}],"wp:term":[{"taxonomy":"product_brand","embeddable":true,"href":"https:\/\/boreait.com\/hu\/wp-json\/wp\/v2\/product_brand?post=8421"},{"taxonomy":"product_cat","embeddable":true,"href":"https:\/\/boreait.com\/hu\/wp-json\/wp\/v2\/product_cat?post=8421"},{"taxonomy":"product_tag","embeddable":true,"href":"https:\/\/boreait.com\/hu\/wp-json\/wp\/v2\/product_tag?post=8421"}],"curies":[{"name":"wp","href":"https:\/\/api.w.org\/{rel}","templated":true}]}}