{"id":8411,"date":"2025-09-17T12:06:59","date_gmt":"2025-09-17T10:06:59","guid":{"rendered":"https:\/\/boreait.com\/hu\/?post_type=product&#038;p=8411"},"modified":"2026-01-27T11:45:49","modified_gmt":"2026-01-27T10:45:49","slug":"eredeti-dell-latitude-14-7404-rugged-extreme-corner-gumi-lokharito-jobb-elso-2","status":"publish","type":"product","link":"https:\/\/boreait.com\/hu\/termek\/eredeti-dell-latitude-14-7404-rugged-extreme-corner-gumi-lokharito-jobb-elso-2\/","title":{"rendered":"Eredeti Dell Latitude 14 7404 Rugged Extreme Corner gumi l\u00f6kh\u00e1r\u00edt\u00f3 JOBB ELS\u0150"},"content":{"rendered":"<p>N\u00f6velje Dell Latitude 14 7404 Rugged Extreme laptopja tart\u00f3ss\u00e1g\u00e1t az eredeti jobb els\u0151 sarokban l\u00e9v\u0151 gumi l\u00f6kh\u00e1r\u00edt\u00f3val. Ezt az eredeti cserealkatr\u00e9szt \u00fagy tervezt\u00e9k, hogy optim\u00e1lis v\u00e9delmet ny\u00fajtson \u00e9s t\u00f6k\u00e9letesen illeszkedjen k\u00e9sz\u00fcl\u00e9k\u00e9hez.<\/p>\n<p>F\u0151bb jellemz\u0151k:<\/p>\n<p>&#8211; Eredeti Dell csere: A kompatibilit\u00e1s \u00e9s a megb\u00edzhat\u00f3s\u00e1g biztos\u00edt\u00e1sa hiteles cserealkatr\u00e9szekkel.<\/p>\n<p>&#8211; K\u00f6nny\u0171 telep\u00edt\u00e9s: Egyszer\u0171 telep\u00edt\u00e9ssel k\u00f6nnyed\u00e9n jav\u00edthatja laptopja v\u00e9delm\u00e9t.<\/p>\n<p>&#8211; Fokozott tart\u00f3ss\u00e1g: v\u00e9dje meg laptopja jobb els\u0151 sark\u00e1t az \u00fct\u0151d\u00e9sekt\u0151l \u00e9s \u00fct\u00e9sekt\u0151l ezzel az er\u0151s gumi l\u00f6kh\u00e1r\u00edt\u00f3val.<\/p>\n<p>&#8211; T\u00f6k\u00e9letes illeszked\u00e9s: Kifejezetten a Dell Latitude 14 7404 Rugged Extreme k\u00e9sz\u00fcl\u00e9khez tervezt\u00e9k, z\u00f6kken\u0151mentes illeszked\u00e9st biztos\u00edtva.<\/p>\n<p>Friss\u00edtse Dell Latitude 14 7404 Rugged Extreme laptopj\u00e1t m\u00e9g ma az eredeti jobb els\u0151 sarokban l\u00e9v\u0151 gumi l\u00f6kh\u00e1r\u00edt\u00f3val. V\u00e1s\u00e1roljon bizalommal, tudva, hogy min\u0151s\u00e9gi cserealkatr\u00e9szekbe fektet be k\u00e9sz\u00fcl\u00e9k\u00e9hez. Ha k\u00e9rd\u00e9se van, vagy seg\u00edts\u00e9gre van sz\u00fcks\u00e9ge, ne habozzon kapcsolatba l\u00e9pni vel\u00fcnk. Az\u00e9rt vagyunk itt, hogy seg\u00edts\u00fcnk eszk\u00f6ze v\u00e9delm\u00e9nek fokoz\u00e1s\u00e1ban.<\/p>\n","protected":false},"excerpt":{"rendered":"<p>N\u00f6velje Dell Latitude 14 7404 Rugged Extreme tart\u00f3ss\u00e1g\u00e1t ezzel az eredeti jobb els\u0151 sarokban l\u00e9v\u0151 gumi l\u00f6kh\u00e1r\u00edt\u00f3val. K\u00f6nnyen felszerelhet\u0151 \u00e9s t\u00f6k\u00e9letes illeszked\u00e9sre tervezt\u00e9k. Friss\u00edtse laptopja v\u00e9delm\u00e9t m\u00e9g ma!<\/p>\n","protected":false},"featured_media":8441,"template":"","meta":[],"product_brand":[],"product_cat":[16],"product_tag":[17],"class_list":{"0":"post-8411","1":"product","2":"type-product","3":"status-publish","4":"has-post-thumbnail","6":"product_cat-laptop-housing","7":"product_tag-dell","9":"first","10":"instock","11":"taxable","12":"shipping-taxable","13":"purchasable","14":"product-type-simple"},"_links":{"self":[{"href":"https:\/\/boreait.com\/hu\/wp-json\/wp\/v2\/product\/8411","targetHints":{"allow":["GET"]}}],"collection":[{"href":"https:\/\/boreait.com\/hu\/wp-json\/wp\/v2\/product"}],"about":[{"href":"https:\/\/boreait.com\/hu\/wp-json\/wp\/v2\/types\/product"}],"wp:featuredmedia":[{"embeddable":true,"href":"https:\/\/boreait.com\/hu\/wp-json\/wp\/v2\/media\/8441"}],"wp:attachment":[{"href":"https:\/\/boreait.com\/hu\/wp-json\/wp\/v2\/media?parent=8411"}],"wp:term":[{"taxonomy":"product_brand","embeddable":true,"href":"https:\/\/boreait.com\/hu\/wp-json\/wp\/v2\/product_brand?post=8411"},{"taxonomy":"product_cat","embeddable":true,"href":"https:\/\/boreait.com\/hu\/wp-json\/wp\/v2\/product_cat?post=8411"},{"taxonomy":"product_tag","embeddable":true,"href":"https:\/\/boreait.com\/hu\/wp-json\/wp\/v2\/product_tag?post=8411"}],"curies":[{"name":"wp","href":"https:\/\/api.w.org\/{rel}","templated":true}]}}