{"id":84,"date":"2025-09-17T09:21:18","date_gmt":"2025-09-17T07:21:18","guid":{"rendered":"https:\/\/boreait.com\/hu\/?post_type=product&#038;p=84"},"modified":"2025-09-17T09:22:17","modified_gmt":"2025-09-17T07:22:17","slug":"0tyvfg-dell-latitude-5490-5590-precision-7730-7530-keszulekhez","status":"publish","type":"product","link":"https:\/\/boreait.com\/hu\/termek\/0tyvfg-dell-latitude-5490-5590-precision-7730-7530-keszulekhez\/","title":{"rendered":"0TYVFG Dell Latitude 5490 5590 Precision 7730 7530 k\u00e9sz\u00fcl\u00e9khez"},"content":{"rendered":"<p data-start=\"242\" data-end=\"497\">A <strong data-start=\"246\" data-end=\"268\">haszn\u00e1lt 0TYVFG kamera<\/strong> egy eredeti cserealkatr\u00e9sz a <strong data-start=\"305\" data-end=\"333\">Dell Latitude 5490, 5590<\/strong> \u00e9s <strong>3-36 data&#8221;>D-36&#8243; data Precision 7730, 7530<\/strong> laptopok. Ide\u00e1lis megold\u00e1s egy hib\u00e1s webkamera jav\u00edt\u00e1s\u00e1ra vagy cser\u00e9j\u00e9re an\u00e9lk\u00fcl, hogy dr\u00e1ga \u00faj alkatr\u00e9szt kellene v\u00e1s\u00e1rolni.<\/p>\n<p data-start=\"499\" data-end=\"516\">M\u0171szaki adatok:<\/p>\n<ul data-start=\"517\" data-end=\"724\">\n<li data-start=\"517\" data-end=\"549\">\n<p data-start=\"519\" data-end=\"549\">Dell cikksz\u00e1m: <strong data-start=\"537\" data-end=\"547\">0TYVFG<\/strong><\/p>\n<\/li>\n<li data-start=\"550\" data-end=\"611\">\n<p data-start=\"552\" data-end=\"611\">Kompatibilit\u00e1s: Latitude 5490, 5590 \/ Precision 7730, 7530<\/p>\n<\/li>\n<li data-start=\"612\" data-end=\"663\">\n<p data-start=\"614\" data-end=\"663\">\u00c1llapot: haszn\u00e1lt, de tesztelt \u00e9s 100%-ban m\u0171k\u00f6d\u0151k\u00e9pes<\/p>\n<\/li>\n<li data-start=\"664\" data-end=\"724\">\n<p data-start=\"666\" data-end=\"724\">K\u00f6nny\u0171 telep\u00edt\u00e9s (csatlakozik a megl\u00e9v\u0151 csatlakoz\u00f3hoz)<\/p>\n<\/li>\n<\/ul>\n<p data-start=\"726\" data-end=\"820\">\u2705 T\u00f6k\u00e9letes v\u00e1laszt\u00e1s jav\u00edt\u00f3m\u0171helyeknek \u00e9s felhaszn\u00e1l\u00f3knak, akik gyors \u00e9s megfizethet\u0151 laptopjav\u00edt\u00e1st keresnek.<\/p>\n","protected":false},"excerpt":{"rendered":"<p>Haszn\u00e1lt 0TYVFG kamera Dell Latitude 5490, 5590 \u00e9s Precision 7730, 7530 k\u00e9sz\u00fcl\u00e9kekhez. Tesztelt \u00e9s teljesen m\u0171k\u00f6d\u0151k\u00e9pes.<\/p>\n","protected":false},"featured_media":141,"template":"","meta":[],"product_brand":[],"product_cat":[23],"product_tag":[17],"class_list":{"0":"post-84","1":"product","2":"type-product","3":"status-publish","4":"has-post-thumbnail","6":"product_cat-laptop-camera","7":"product_tag-dell","9":"first","10":"instock","11":"taxable","12":"shipping-taxable","13":"purchasable","14":"product-type-simple"},"_links":{"self":[{"href":"https:\/\/boreait.com\/hu\/wp-json\/wp\/v2\/product\/84","targetHints":{"allow":["GET"]}}],"collection":[{"href":"https:\/\/boreait.com\/hu\/wp-json\/wp\/v2\/product"}],"about":[{"href":"https:\/\/boreait.com\/hu\/wp-json\/wp\/v2\/types\/product"}],"wp:featuredmedia":[{"embeddable":true,"href":"https:\/\/boreait.com\/hu\/wp-json\/wp\/v2\/media\/141"}],"wp:attachment":[{"href":"https:\/\/boreait.com\/hu\/wp-json\/wp\/v2\/media?parent=84"}],"wp:term":[{"taxonomy":"product_brand","embeddable":true,"href":"https:\/\/boreait.com\/hu\/wp-json\/wp\/v2\/product_brand?post=84"},{"taxonomy":"product_cat","embeddable":true,"href":"https:\/\/boreait.com\/hu\/wp-json\/wp\/v2\/product_cat?post=84"},{"taxonomy":"product_tag","embeddable":true,"href":"https:\/\/boreait.com\/hu\/wp-json\/wp\/v2\/product_tag?post=84"}],"curies":[{"name":"wp","href":"https:\/\/api.w.org\/{rel}","templated":true}]}}