{"id":839,"date":"2025-09-17T09:45:13","date_gmt":"2025-09-17T07:45:13","guid":{"rendered":"https:\/\/boreait.com\/hu\/?post_type=product&#038;p=839"},"modified":"2025-09-17T09:45:44","modified_gmt":"2025-09-17T07:45:44","slug":"l52028-001-ls-h321p-eredeti-hp-audio-alap-w-kabel-15-dw","status":"publish","type":"product","link":"https:\/\/boreait.com\/hu\/termek\/l52028-001-ls-h321p-eredeti-hp-audio-alap-w-kabel-15-dw\/","title":{"rendered":"L52028-001 LS-H321P EREDETI HP AUDIO ALAP W K\u00c1BEL 15 DW"},"content":{"rendered":"<p>Fokozza hang\u00e9lm\u00e9ny\u00e9t a HP 15-DW laptopon az eredeti HP L52028-001 LS-H321P audiok\u00e1rty\u00e1val k\u00e1bellel. Ha hanggal kapcsolatos probl\u00e9m\u00e1kat tapasztal, p\u00e9ld\u00e1ul torz hangot, nincs hangkimenet, vagy hib\u00e1san m\u0171k\u00f6dnek a hangcsatlakoz\u00f3k, az audiok\u00e1rtya cser\u00e9je seg\u00edthet vissza\u00e1ll\u00edtani laptopja audiorendszer\u00e9nek megfelel\u0151 m\u0171k\u00f6d\u00e9s\u00e9t.<\/p>\n<p>A kifejezetten a HP 15-DW modellhez tervezett hangk\u00e1rtya kompatibilit\u00e1st \u00e9s megb\u00edzhat\u00f3 teljes\u00edtm\u00e9nyt biztos\u00edt. Csatlakozik a laptop alaplapj\u00e1hoz, \u00e9s biztos\u00edtja a sz\u00fcks\u00e9ges \u00e1ramk\u00f6rt a hangfeldolgoz\u00e1shoz \u00e9s -kimenethez. A mell\u00e9kelt k\u00e1bel biztons\u00e1gos \u00e9s megb\u00edzhat\u00f3 kapcsolatot biztos\u00edt az audiok\u00e1rtya \u00e9s m\u00e1s alkatr\u00e9szek k\u00f6z\u00f6tt.<\/p>\n<p>A HP L52028-001 LS-H321P audiok\u00e1rtya k\u00e1bellel telep\u00edt\u00e9s\u00e9hez sz\u00e9t kell szerelni HP 15-DW laptopj\u00e1t. Javasoljuk, hogy k\u00f6vesse a gy\u00e1rt\u00f3 utas\u00edt\u00e1sait, vagy k\u00e9rjen szak\u00e9rt\u0151i seg\u00edts\u00e9get, ha nem ismeri a laptop hardvercser\u00e9j\u00e9t. A telep\u00edt\u00e9s megkezd\u00e9se el\u0151tt ne felejtse el kikapcsolni a laptopot, \u00e9s le kell v\u00e1lasztani az \u00e1ramforr\u00e1sr\u00f3l.<\/p>\n<p>Ha az audiok\u00e1rty\u00e1t erre az eredeti HP cserealkatr\u00e9szre cser\u00e9li, kiv\u00e1l\u00f3 min\u0151s\u00e9g\u0171 hangkimenetet \u00e9lvezhet, \u00e9s vissza\u00e1ll\u00edthatja laptopja audiofunkci\u00f3inak teljes funkcionalit\u00e1s\u00e1t. Ak\u00e1r zen\u00e9t hallgat, ak\u00e1r vide\u00f3kat n\u00e9z, ak\u00e1r online konferenci\u00e1kon vesz r\u00e9szt, \u00e9les \u00e9s tiszta hangz\u00e1st fog tapasztalni fokozott tisztas\u00e1ggal \u00e9s m\u00e9lys\u00e9ggel.<\/p>\n<p>Gondoskodjon z\u00f6kken\u0151mentes hang\u00e9lm\u00e9nyr\u0151l HP 15-DW laptopj\u00e1n a HP L52028-001 LS-H321P audiok\u00e1rty\u00e1val k\u00e1bellel. \u00c1ll\u00edtsa vissza laptopja audiorendszer\u00e9nek megfelel\u0151 m\u0171k\u00f6d\u00e9s\u00e9t, sz\u00fcntesse meg a hanggal kapcsolatos probl\u00e9m\u00e1kat, \u00e9s \u00e9lvezze a mag\u00e1val ragad\u00f3 hangz\u00e1st multim\u00e9di\u00e1s tev\u00e9kenys\u00e9gei sor\u00e1n. Fektessen be ebbe az eredeti HP cserealkatr\u00e9szbe, hogy jav\u00edtsa laptopja \u00e1ltal\u00e1nos \u00e9lm\u00e9ny\u00e9t.<\/p>\n","protected":false},"excerpt":{"rendered":"<p>Cser\u00e9lje ki a hib\u00e1s vagy s\u00e9r\u00fclt audiok\u00e1rty\u00e1t HP 15-DW laptopj\u00e1ban erre az eredeti HP L52028-001 LS-H321P audiok\u00e1rty\u00e1ra k\u00e1bellel. Ez az alaplap kiv\u00e1l\u00f3 min\u0151s\u00e9g\u0171 hangkimenetet biztos\u00edt, \u00e9s t\u00e1mogatja laptopja audiofunkci\u00f3inak megfelel\u0151 m\u0171k\u00f6d\u00e9s\u00e9t, lehet\u0151v\u00e9 t\u00e9ve az \u00e9les \u00e9s tiszta hangz\u00e1s \u00e9lvezet\u00e9t.<\/p>\n","protected":false},"featured_media":880,"template":"","meta":[],"product_brand":[],"product_cat":[27],"product_tag":[25],"class_list":{"0":"post-839","1":"product","2":"type-product","3":"status-publish","4":"has-post-thumbnail","6":"product_cat-motherboards-board-parts","7":"product_tag-hp","9":"first","10":"instock","11":"taxable","12":"shipping-taxable","13":"purchasable","14":"product-type-simple"},"_links":{"self":[{"href":"https:\/\/boreait.com\/hu\/wp-json\/wp\/v2\/product\/839","targetHints":{"allow":["GET"]}}],"collection":[{"href":"https:\/\/boreait.com\/hu\/wp-json\/wp\/v2\/product"}],"about":[{"href":"https:\/\/boreait.com\/hu\/wp-json\/wp\/v2\/types\/product"}],"wp:featuredmedia":[{"embeddable":true,"href":"https:\/\/boreait.com\/hu\/wp-json\/wp\/v2\/media\/880"}],"wp:attachment":[{"href":"https:\/\/boreait.com\/hu\/wp-json\/wp\/v2\/media?parent=839"}],"wp:term":[{"taxonomy":"product_brand","embeddable":true,"href":"https:\/\/boreait.com\/hu\/wp-json\/wp\/v2\/product_brand?post=839"},{"taxonomy":"product_cat","embeddable":true,"href":"https:\/\/boreait.com\/hu\/wp-json\/wp\/v2\/product_cat?post=839"},{"taxonomy":"product_tag","embeddable":true,"href":"https:\/\/boreait.com\/hu\/wp-json\/wp\/v2\/product_tag?post=839"}],"curies":[{"name":"wp","href":"https:\/\/api.w.org\/{rel}","templated":true}]}}