{"id":8385,"date":"2025-09-17T12:06:34","date_gmt":"2025-09-17T10:06:34","guid":{"rendered":"https:\/\/boreait.com\/hu\/?post_type=product&#038;p=8385"},"modified":"2026-01-27T11:40:56","modified_gmt":"2026-01-27T10:40:56","slug":"eredeti-dell-latitude-7404-robusztus-lokharitok-3","status":"publish","type":"product","link":"https:\/\/boreait.com\/hu\/termek\/eredeti-dell-latitude-7404-robusztus-lokharitok-3\/","title":{"rendered":"Eredeti Dell Latitude 7404 robusztus l\u00f6kh\u00e1r\u00edt\u00f3k"},"content":{"rendered":"<p>Eredeti l\u00f6kh\u00e1r\u00edt\u00f3kkal fokozza Dell Latitude 7404 Rugged laptopja v\u00e9delm\u00e9t. Kifejezetten az \u00d6n k\u00e9sz\u00fcl\u00e9k\u00e9hez tervezett l\u00f6kh\u00e1r\u00edt\u00f3k kiv\u00e1l\u00f3 tart\u00f3ss\u00e1got \u00e9s \u00fct\u00e9s\u00e1ll\u00f3s\u00e1got biztos\u00edtanak, \u00edgy biztos\u00edtj\u00e1k, hogy laptopja v\u00e9dve legyen a v\u00e9letlen s\u00e9r\u00fcl\u00e9sekt\u0151l.<\/p>\n<p>F\u0151bb jellemz\u0151k:<\/p>\n<p>&#8211; Eredeti Dell csere: Biztos\u00edtsa a kompatibilit\u00e1st \u00e9s a megb\u00edzhat\u00f3s\u00e1got az eredeti cserel\u00f6kh\u00e1r\u00edt\u00f3kkal.<\/p>\n<p>&#8211; K\u00f6nny\u0171 telep\u00edt\u00e9s: Egyszer\u0171 telep\u00edt\u00e9ssel k\u00f6nnyed\u00e9n friss\u00edtheti eszk\u00f6ze v\u00e9delm\u00e9t.<\/p>\n<p>&#8211; Fokozott v\u00e9delem: A tart\u00f3s l\u00f6kh\u00e1r\u00edt\u00f3kkal \u00f3vja meg laptopj\u00e1t az \u00fct\u00e9sekt\u0151l \u00e9s az esetleges s\u00e9r\u00fcl\u00e9sekt\u0151l.<\/p>\n<p>&#8211; Robusztus kialak\u00edt\u00e1s: A kem\u00e9ny k\u00f6rnyezetek sz\u00e1m\u00e1ra k\u00e9sz\u00fclt, t\u00f6k\u00e9letes a Dell Latitude 7404 Rugged modellhez.<\/p>\n<p>Friss\u00edtse Dell Latitude 7404 Rugged laptopj\u00e1t m\u00e9g ma val\u00f3di l\u00f6kh\u00e1r\u00edt\u00f3kkal. V\u00e1s\u00e1roljon bizalommal, tudva, hogy min\u0151s\u00e9gi cserealkatr\u00e9szekbe fektet be, amelyek optim\u00e1lis v\u00e9delmet biztos\u00edtanak. Ha k\u00e9rd\u00e9se van, vagy seg\u00edts\u00e9gre van sz\u00fcks\u00e9ge, ne habozzon kapcsolatba l\u00e9pni vel\u00fcnk. Az\u00e9rt vagyunk itt, hogy seg\u00edts\u00fcnk eszk\u00f6ze tart\u00f3ss\u00e1g\u00e1nak \u00e9s \u00e9lettartam\u00e1nak n\u00f6vel\u00e9s\u00e9ben.<\/p>\n","protected":false},"excerpt":{"rendered":"<p>V\u00e9dje meg Dell Latitude 7404 Rugged laptopj\u00e1t ezekkel az eredeti l\u00f6kh\u00e1r\u00edt\u00f3kkal. K\u00f6nnyen felszerelhet\u0151 \u00e9s tart\u00f3s kialak\u00edt\u00e1s\u00fa, ezek a l\u00f6kh\u00e1r\u00edt\u00f3k biztos\u00edtj\u00e1k, hogy k\u00e9sz\u00fcl\u00e9ke v\u00e9dve legyen az \u00fct\u00e9sek \u00e9s s\u00e9r\u00fcl\u00e9sek ellen. Friss\u00edtse laptopja v\u00e9delm\u00e9t m\u00e9g ma!<\/p>\n","protected":false},"featured_media":8438,"template":"","meta":[],"product_brand":[],"product_cat":[16],"product_tag":[17],"class_list":{"0":"post-8385","1":"product","2":"type-product","3":"status-publish","4":"has-post-thumbnail","6":"product_cat-laptop-housing","7":"product_tag-dell","9":"first","10":"instock","11":"taxable","12":"shipping-taxable","13":"purchasable","14":"product-type-simple"},"_links":{"self":[{"href":"https:\/\/boreait.com\/hu\/wp-json\/wp\/v2\/product\/8385","targetHints":{"allow":["GET"]}}],"collection":[{"href":"https:\/\/boreait.com\/hu\/wp-json\/wp\/v2\/product"}],"about":[{"href":"https:\/\/boreait.com\/hu\/wp-json\/wp\/v2\/types\/product"}],"wp:featuredmedia":[{"embeddable":true,"href":"https:\/\/boreait.com\/hu\/wp-json\/wp\/v2\/media\/8438"}],"wp:attachment":[{"href":"https:\/\/boreait.com\/hu\/wp-json\/wp\/v2\/media?parent=8385"}],"wp:term":[{"taxonomy":"product_brand","embeddable":true,"href":"https:\/\/boreait.com\/hu\/wp-json\/wp\/v2\/product_brand?post=8385"},{"taxonomy":"product_cat","embeddable":true,"href":"https:\/\/boreait.com\/hu\/wp-json\/wp\/v2\/product_cat?post=8385"},{"taxonomy":"product_tag","embeddable":true,"href":"https:\/\/boreait.com\/hu\/wp-json\/wp\/v2\/product_tag?post=8385"}],"curies":[{"name":"wp","href":"https:\/\/api.w.org\/{rel}","templated":true}]}}