{"id":8382,"date":"2025-09-17T12:06:34","date_gmt":"2025-09-17T10:06:34","guid":{"rendered":"https:\/\/boreait.com\/hu\/?post_type=product&#038;p=8382"},"modified":"2026-01-27T11:40:11","modified_gmt":"2026-01-27T10:40:11","slug":"oem-dell-latitude-7404-7414-robusztus-io-port-fedel-mal12-ytthh-2","status":"publish","type":"product","link":"https:\/\/boreait.com\/hu\/termek\/oem-dell-latitude-7404-7414-robusztus-io-port-fedel-mal12-ytthh-2\/","title":{"rendered":"OEM Dell Latitude 7404 7414 robusztus IO port fed\u00e9l MAL12 YTTHH"},"content":{"rendered":"<p>\u00d3vja Dell Latitude 7404 vagy 7414 Rugged laptopja portjait az OEM I\/O port fed\u00e9llel, a cikksz\u00e1mok MAL12 \u00e9s YTTHH. A tart\u00f3ss\u00e1gra \u00e9s t\u00f6k\u00e9letes illeszked\u00e9sre tervezett eredeti Dell cserealkatr\u00e9sz kiv\u00e1l\u00f3 v\u00e9delmet ny\u00fajt eszk\u00f6ze I\/O portjai sz\u00e1m\u00e1ra.<\/p>\n<p>F\u0151bb jellemz\u0151k:<\/p>\n<p>&#8211; Eredeti Dell csere: Biztos\u00edtsa a kompatibilit\u00e1st \u00e9s a megb\u00edzhat\u00f3s\u00e1got egy hiteles OEM-alkatr\u00e9szekkel.<\/p>\n<p>&#8211; K\u00f6nny\u0171 telep\u00edt\u00e9s: Az egyszer\u0171 telep\u00edt\u00e9ssel k\u00f6nnyed\u00e9n megv\u00e9dheti eszk\u00f6ze portjait.<\/p>\n<p>&#8211; Fokozott v\u00e9delem: V\u00e9dje meg laptopja I\/O portjait a port\u00f3l, t\u00f6rmel\u00e9kt\u0151l \u00e9s esetleges s\u00e9r\u00fcl\u00e9sekt\u0151l.<\/p>\n<p>&#8211; Tart\u00f3s konstrukci\u00f3: \u00dagy tervezt\u00e9k, hogy ellen\u00e1lljon a massz\u00edv haszn\u00e1latnak, \u00edgy biztos\u00edtva a hosszan tart\u00f3 v\u00e9delmet.<\/p>\n<p>Friss\u00edtse Dell Latitude 7404 vagy 7414 Rugged laptopj\u00e1t m\u00e9g ma az OEM I\/O port fed\u00e9llel. V\u00e1s\u00e1roljon bizalommal, tudva, hogy min\u0151s\u00e9gi cserealkatr\u00e9szekbe fektet be k\u00e9sz\u00fcl\u00e9k\u00e9hez. Ha k\u00e9rd\u00e9se van, vagy seg\u00edts\u00e9gre van sz\u00fcks\u00e9ge, ne habozzon kapcsolatba l\u00e9pni vel\u00fcnk. Az\u00e9rt vagyunk itt, hogy seg\u00edts\u00fcnk \u00d6nnek biztos\u00edtani laptopja hossz\u00fa \u00e9lettartam\u00e1t \u00e9s funkcionalit\u00e1s\u00e1t.<\/p>\n","protected":false},"excerpt":{"rendered":"<p>V\u00e9dje meg Dell Latitude 7404 vagy 7414 Rugged laptopj\u00e1t ezzel az OEM I\/O port fed\u00e9llel. K\u00f6nnyen telep\u00edthet\u0151 \u00e9s kompatibilis a MAL12 \u00e9s YTTHH cikksz\u00e1mokkal. Ezzel az eredeti Dell alkatr\u00e9szrel biztos\u00edthatja eszk\u00f6ze portjainak hossz\u00fa \u00e9lettartam\u00e1t.<\/p>\n","protected":false},"featured_media":8435,"template":"","meta":[],"product_brand":[],"product_cat":[16],"product_tag":[17],"class_list":{"0":"post-8382","1":"product","2":"type-product","3":"status-publish","4":"has-post-thumbnail","6":"product_cat-laptop-housing","7":"product_tag-dell","9":"first","10":"instock","11":"taxable","12":"shipping-taxable","13":"purchasable","14":"product-type-simple"},"_links":{"self":[{"href":"https:\/\/boreait.com\/hu\/wp-json\/wp\/v2\/product\/8382","targetHints":{"allow":["GET"]}}],"collection":[{"href":"https:\/\/boreait.com\/hu\/wp-json\/wp\/v2\/product"}],"about":[{"href":"https:\/\/boreait.com\/hu\/wp-json\/wp\/v2\/types\/product"}],"wp:featuredmedia":[{"embeddable":true,"href":"https:\/\/boreait.com\/hu\/wp-json\/wp\/v2\/media\/8435"}],"wp:attachment":[{"href":"https:\/\/boreait.com\/hu\/wp-json\/wp\/v2\/media?parent=8382"}],"wp:term":[{"taxonomy":"product_brand","embeddable":true,"href":"https:\/\/boreait.com\/hu\/wp-json\/wp\/v2\/product_brand?post=8382"},{"taxonomy":"product_cat","embeddable":true,"href":"https:\/\/boreait.com\/hu\/wp-json\/wp\/v2\/product_cat?post=8382"},{"taxonomy":"product_tag","embeddable":true,"href":"https:\/\/boreait.com\/hu\/wp-json\/wp\/v2\/product_tag?post=8382"}],"curies":[{"name":"wp","href":"https:\/\/api.w.org\/{rel}","templated":true}]}}