{"id":8380,"date":"2025-09-17T12:06:33","date_gmt":"2025-09-17T10:06:33","guid":{"rendered":"https:\/\/boreait.com\/hu\/?post_type=product&#038;p=8380"},"modified":"2026-01-27T11:39:39","modified_gmt":"2026-01-27T10:39:39","slug":"eredeti-akkumulatorajto-zarpanel-fedel-a-dell-latitude-7404-rugged-x0ydk-keszulekhez","status":"publish","type":"product","link":"https:\/\/boreait.com\/hu\/termek\/eredeti-akkumulatorajto-zarpanel-fedel-a-dell-latitude-7404-rugged-x0ydk-keszulekhez\/","title":{"rendered":"Eredeti akkumul\u00e1torajt\u00f3 z\u00e1rpanel fed\u00e9l a Dell Latitude 7404 Rugged \/ X0YDK k\u00e9sz\u00fcl\u00e9khez"},"content":{"rendered":"<p>Gondoskodjon Dell Latitude 7404 Rugged laptopj\u00e1nak biztons\u00e1g\u00e1r\u00f3l \u00e9s integrit\u00e1s\u00e1r\u00f3l az X0YDK cikksz\u00e1m\u00fa eredeti akkumul\u00e1torajt\u00f3 z\u00e1rpanel burkolat\u00e1val. A tart\u00f3ss\u00e1gra \u00e9s a t\u00f6k\u00e9letes kompatibilit\u00e1sra tervezett hiteles cserealkatr\u00e9sz megb\u00edzhat\u00f3 biztons\u00e1got ny\u00fajt laptopja akkumul\u00e1tortart\u00f3j\u00e1ban.<\/p>\n<p>F\u0151bb jellemz\u0151k:<\/p>\n<p>&#8211; Eredeti Dell csere: A kompatibilit\u00e1s \u00e9s a megb\u00edzhat\u00f3s\u00e1g biztos\u00edt\u00e1sa hiteles cserealkatr\u00e9szekkel.<\/p>\n<p>&#8211; K\u00f6nny\u0171 telep\u00edt\u00e9s: Az egyszer\u0171 telep\u00edt\u00e9ssel k\u00f6nnyed\u00e9n r\u00f6gz\u00edtheti laptopja akkumul\u00e1tortart\u00f3j\u00e1t.<\/p>\n<p>&#8211; Fokozott biztons\u00e1g: \u00d3vja eszk\u00f6ze akkumul\u00e1tor\u00e1t egy robusztus z\u00e1rpanel bor\u00edt\u00e1ssal.<\/p>\n<p>&#8211; Tart\u00f3s konstrukci\u00f3: \u00dagy tervezt\u00e9k, hogy ellen\u00e1lljon a massz\u00edv haszn\u00e1latnak, \u00edgy biztos\u00edtva a hossz\u00fa \u00e9lettartamot \u00e9s a megb\u00edzhat\u00f3s\u00e1got.<\/p>\n<p>Friss\u00edtse laptopja teljes\u00edtm\u00e9ny\u00e9t:<\/p>\n<p>Fokozza laptopja biztons\u00e1g\u00e1t \u00e9s funkcionalit\u00e1s\u00e1t az akkumul\u00e1torrekesz v\u00e9delm\u00e9vel.<\/p>\n<p>Egyszer\u0171 telep\u00edt\u00e9s:<\/p>\n<p>Nincs sz\u00fcks\u00e9g szakmai seg\u00edts\u00e9gre; k\u00f6nnyed\u00e9n felszerelheti ezt a panelfedelet.<\/p>\n<p>Min\u0151s\u00e9gbiztos\u00edt\u00e1s:<\/p>\n<p>Biztos lehet benne, hogy egy kiv\u00e1l\u00f3 min\u0151s\u00e9g\u0171, eredeti Dell cserealkatr\u00e9szbe fektet be, amelyet a megb\u00edzhat\u00f3s\u00e1g \u00e9s a hossz\u00fa \u00e9lettartam \u00e9rdek\u00e9ben terveztek.<\/p>\n<p>Friss\u00edtse Dell Latitude 7404 Rugged laptopj\u00e1t m\u00e9g ma az eredeti akkumul\u00e1torajt\u00f3 z\u00e1rpanel fed\u00e9llel. V\u00e1s\u00e1roljon bizalommal, tudva, hogy min\u0151s\u00e9gi cserealkatr\u00e9szekbe fektet be k\u00e9sz\u00fcl\u00e9k\u00e9hez. Ha k\u00e9rd\u00e9se van, vagy seg\u00edts\u00e9gre van sz\u00fcks\u00e9ge, ne habozzon kapcsolatba l\u00e9pni vel\u00fcnk. Az\u00e9rt vagyunk itt, hogy seg\u00edts\u00fcnk eszk\u00f6ze biztons\u00e1g\u00e1nak \u00e9s funkcionalit\u00e1s\u00e1nak fokoz\u00e1s\u00e1ban.<\/p>\n","protected":false},"excerpt":{"rendered":"<p>R\u00f6gz\u00edtse Dell Latitude 7404 Rugged laptop akkumul\u00e1tortart\u00f3j\u00e1t ezzel az eredeti akkumul\u00e1torajt\u00f3 z\u00e1rpanel-fed\u00e9llel. K\u00f6nnyen telep\u00edthet\u0151 \u00e9s kompatibilis az X0YDK cikksz\u00e1mmal. Gondoskodjon k\u00e9sz\u00fcl\u00e9ke biztons\u00e1g\u00e1r\u00f3l \u00e9s \u00e9ps\u00e9g\u00e9r\u0151l m\u00e9g ma!<\/p>\n","protected":false},"featured_media":8433,"template":"","meta":[],"product_brand":[],"product_cat":[16],"product_tag":[17],"class_list":{"0":"post-8380","1":"product","2":"type-product","3":"status-publish","4":"has-post-thumbnail","6":"product_cat-laptop-housing","7":"product_tag-dell","9":"first","10":"instock","11":"taxable","12":"shipping-taxable","13":"purchasable","14":"product-type-simple"},"_links":{"self":[{"href":"https:\/\/boreait.com\/hu\/wp-json\/wp\/v2\/product\/8380","targetHints":{"allow":["GET"]}}],"collection":[{"href":"https:\/\/boreait.com\/hu\/wp-json\/wp\/v2\/product"}],"about":[{"href":"https:\/\/boreait.com\/hu\/wp-json\/wp\/v2\/types\/product"}],"wp:featuredmedia":[{"embeddable":true,"href":"https:\/\/boreait.com\/hu\/wp-json\/wp\/v2\/media\/8433"}],"wp:attachment":[{"href":"https:\/\/boreait.com\/hu\/wp-json\/wp\/v2\/media?parent=8380"}],"wp:term":[{"taxonomy":"product_brand","embeddable":true,"href":"https:\/\/boreait.com\/hu\/wp-json\/wp\/v2\/product_brand?post=8380"},{"taxonomy":"product_cat","embeddable":true,"href":"https:\/\/boreait.com\/hu\/wp-json\/wp\/v2\/product_cat?post=8380"},{"taxonomy":"product_tag","embeddable":true,"href":"https:\/\/boreait.com\/hu\/wp-json\/wp\/v2\/product_tag?post=8380"}],"curies":[{"name":"wp","href":"https:\/\/api.w.org\/{rel}","templated":true}]}}