{"id":838,"date":"2025-09-17T09:45:13","date_gmt":"2025-09-17T07:45:13","guid":{"rendered":"https:\/\/boreait.com\/hu\/?post_type=product&#038;p=838"},"modified":"2026-01-07T14:43:27","modified_gmt":"2026-01-07T13:43:27","slug":"eredeti-dell-latitude-e7450-sata-merevlemezes-csatlakozolap-2n4j0-02n4j0-kabellel","status":"publish","type":"product","link":"https:\/\/boreait.com\/hu\/termek\/eredeti-dell-latitude-e7450-sata-merevlemezes-csatlakozolap-2n4j0-02n4j0-kabellel\/","title":{"rendered":"EREDETI DELL LATITUDE E7450 SATA MEREVLEMEZES CSATLAKOZ\u00d3LAP 2N4J0 02N4J0 k\u00e1bellel"},"content":{"rendered":"<p>Gondoskodjon Dell Latitude E7450 laptopja SATA merevlemez\u00e9nek zavartalan m\u0171k\u00f6d\u00e9s\u00e9r\u0151l ezzel az eredeti Dell Latitude E7450 SATA merevlemez-csatlakoz\u00f3k\u00e1rty\u00e1val 02N4J0. Ha probl\u00e9m\u00e1kat tapasztal a jelenlegi SATA merevlemez-csatlakoz\u00f3k\u00e1rty\u00e1val, p\u00e9ld\u00e1ul id\u0151szakos csatlakoz\u00e1si probl\u00e9m\u00e1kat vagy adat\u00e1tviteli hib\u00e1kat, akkor itt az ideje kicser\u00e9lni erre az eredeti Dell cserealkatr\u00e9szre.<\/p>\n<p>A kifejezetten a Dell Latitude E7450 modellhez tervezett SATA merevlemez-csatlakoz\u00f3k\u00e1rtya t\u00f6k\u00e9letesen illeszkedik, \u00e9s garant\u00e1lja a kompatibilit\u00e1st \u00e9s a megb\u00edzhat\u00f3 teljes\u00edtm\u00e9nyt. SATA merevlemez\u00e9t csatlakoztatja az alaplaphoz, lehet\u0151v\u00e9 t\u00e9ve a z\u00f6kken\u0151mentes kommunik\u00e1ci\u00f3t a k\u00e9t \u00f6sszetev\u0151 k\u00f6z\u00f6tt. A mell\u00e9kelt k\u00e1bel biztons\u00e1gos \u00e9s stabil kapcsolatot biztos\u00edt, minim\u00e1lisra cs\u00f6kkentve az adatveszt\u00e9s vagy -s\u00e9r\u00fcl\u00e9s kock\u00e1zat\u00e1t.<\/p>\n<p>A SATA merevlemez-csatlakoz\u00f3k\u00e1rtya beszerel\u00e9se viszonylag egyszer\u0171, b\u00e1r a Dell Latitude E7450 laptopot sz\u00e9t kell szerelni. Javasoljuk, hogy k\u00f6vesse a gy\u00e1rt\u00f3 utas\u00edt\u00e1sait, vagy k\u00e9rjen szak\u00e9rt\u0151i seg\u00edts\u00e9get, ha nem ismeri a laptop hardvercser\u00e9j\u00e9t. A telep\u00edt\u00e9si folyamat megkezd\u00e9se el\u0151tt kapcsolja ki \u00e9s h\u00fazza ki a laptopot.<\/p>\n<p>Ezzel az eredeti Dell Latitude E7450 SATA merevlemez-csatlakoz\u00f3k\u00e1rty\u00e1val vissza\u00e1ll\u00edthatja laptopja SATA merevlemez\u00e9nek megfelel\u0151 m\u0171k\u00f6d\u00e9s\u00e9t. \u00c9lvezze a megszak\u00edt\u00e1s n\u00e9lk\u00fcli adat\u00e1tvitelt, a megb\u00edzhat\u00f3 t\u00e1rol\u00e1st \u00e9s a jobb \u00e1ltal\u00e1nos teljes\u00edtm\u00e9nyt. Ezzel a kiv\u00e1l\u00f3 min\u0151s\u00e9g\u0171 cserealkatr\u00e9szrel biztons\u00e1gosan t\u00e1rolhatja fontos f\u00e1jljait, dokumentumait \u00e9s adathordoz\u00f3it Dell Latitude E7450 laptopj\u00e1n.<\/p>\n<p>Cser\u00e9lje ki a hib\u00e1s vagy s\u00e9r\u00fclt SATA merevlemez-csatlakoz\u00f3k\u00e1rty\u00e1t az eredeti Dell Latitude E7450 SATA merevlemez-csatlakoz\u00f3k\u00e1rty\u00e1ra, \u00e9s biztos\u00edtson megb\u00edzhat\u00f3 \u00e9s hat\u00e9kony kapcsolatot a laptop SATA merevlemeze \u00e9s az alaplap k\u00f6z\u00f6tt. Tapasztalja meg a megn\u00f6velt adat\u00e1tviteli sebess\u00e9get, a megb\u00edzhat\u00f3 t\u00e1rol\u00e1si funkci\u00f3kat \u00e9s a nyugalmat, tudva, hogy \u00e9rt\u00e9kes adatai biztons\u00e1gban vannak Dell Latitude E7450 laptopj\u00e1n.<\/p>\n","protected":false},"excerpt":{"rendered":"<p>Cser\u00e9lje ki hib\u00e1s vagy s\u00e9r\u00fclt SATA merevlemez-csatlakoz\u00f3k\u00e1rty\u00e1j\u00e1t erre az eredeti Dell Latitude E7450 SATA merevlemez-csatlakoz\u00f3k\u00e1rty\u00e1ra. Ez az alaplap a mell\u00e9kelt k\u00e1bellel egy\u00fctt biztons\u00e1gos \u00e9s megb\u00edzhat\u00f3 kapcsolatot biztos\u00edt laptopja SATA merevlemeze \u00e9s az alaplap k\u00f6z\u00f6tt, lehet\u0151v\u00e9 t\u00e9ve a z\u00f6kken\u0151mentes adat\u00e1tvitelt \u00e9s t\u00e1rol\u00e1st.<\/p>\n","protected":false},"featured_media":879,"template":"","meta":[],"product_brand":[],"product_cat":[27],"product_tag":[17],"class_list":{"0":"post-838","1":"product","2":"type-product","3":"status-publish","4":"has-post-thumbnail","6":"product_cat-motherboards-board-parts","7":"product_tag-dell","9":"first","10":"instock","11":"taxable","12":"shipping-taxable","13":"purchasable","14":"product-type-simple"},"_links":{"self":[{"href":"https:\/\/boreait.com\/hu\/wp-json\/wp\/v2\/product\/838","targetHints":{"allow":["GET"]}}],"collection":[{"href":"https:\/\/boreait.com\/hu\/wp-json\/wp\/v2\/product"}],"about":[{"href":"https:\/\/boreait.com\/hu\/wp-json\/wp\/v2\/types\/product"}],"wp:featuredmedia":[{"embeddable":true,"href":"https:\/\/boreait.com\/hu\/wp-json\/wp\/v2\/media\/879"}],"wp:attachment":[{"href":"https:\/\/boreait.com\/hu\/wp-json\/wp\/v2\/media?parent=838"}],"wp:term":[{"taxonomy":"product_brand","embeddable":true,"href":"https:\/\/boreait.com\/hu\/wp-json\/wp\/v2\/product_brand?post=838"},{"taxonomy":"product_cat","embeddable":true,"href":"https:\/\/boreait.com\/hu\/wp-json\/wp\/v2\/product_cat?post=838"},{"taxonomy":"product_tag","embeddable":true,"href":"https:\/\/boreait.com\/hu\/wp-json\/wp\/v2\/product_tag?post=838"}],"curies":[{"name":"wp","href":"https:\/\/api.w.org\/{rel}","templated":true}]}}