{"id":8378,"date":"2025-09-17T12:06:33","date_gmt":"2025-09-17T10:06:33","guid":{"rendered":"https:\/\/boreait.com\/hu\/?post_type=product&#038;p=8378"},"modified":"2026-01-27T11:39:25","modified_gmt":"2026-01-27T10:39:25","slug":"eredeti-kartyaajto-fedel-a-dell-latitude-7404-rugged-p0h61-0p0h61-keszulekhez-2","status":"publish","type":"product","link":"https:\/\/boreait.com\/hu\/termek\/eredeti-kartyaajto-fedel-a-dell-latitude-7404-rugged-p0h61-0p0h61-keszulekhez-2\/","title":{"rendered":"Eredeti k\u00e1rtyaajt\u00f3 fed\u00e9l a Dell Latitude 7404 Rugged P0H61 0P0H61 k\u00e9sz\u00fcl\u00e9khez"},"content":{"rendered":"<p>Fenntartja Dell Latitude 7404 Rugged laptopja tart\u00f3ss\u00e1g\u00e1t \u00e9s v\u00e9delm\u00e9t a P0H61 \/ 0P0H61 cikksz\u00e1m\u00fa eredeti Card Access Door Cover seg\u00edts\u00e9g\u00e9vel. A t\u00f6k\u00e9letes kompatibilit\u00e1s \u00e9s megb\u00edzhat\u00f3 teljes\u00edtm\u00e9ny \u00e9rdek\u00e9ben ez az autentikus cserealkatr\u00e9sz elengedhetetlen az eszk\u00f6z bels\u0151 alkatr\u00e9szeinek v\u00e9delm\u00e9hez.<\/p>\n<p>F\u0151bb jellemz\u0151k:<\/p>\n<p>&#8211; Eredeti Dell csere: A kompatibilit\u00e1s \u00e9s a megb\u00edzhat\u00f3s\u00e1g biztos\u00edt\u00e1sa hiteles cserealkatr\u00e9szekkel.<\/p>\n<p>&#8211; K\u00f6nny\u0171 telep\u00edt\u00e9s: A k\u00e1rtyaajt\u00f3 fedel\u00e9t k\u00f6nnyed\u00e9n visszahelyezheti az egyszer\u0171 telep\u00edt\u00e9ssel.<\/p>\n<p>&#8211; Fokozott v\u00e9delem: v\u00e9di laptopja bels\u0151 alkatr\u00e9szeit a port\u00f3l \u00e9s a t\u00f6rmel\u00e9kt\u0151l.<\/p>\n<p>&#8211; Tart\u00f3s konstrukci\u00f3: \u00dagy tervezt\u00e9k, hogy ellen\u00e1lljon a massz\u00edv haszn\u00e1latnak, \u00edgy biztos\u00edtva a hossz\u00fa \u00e9lettartamot \u00e9s a megb\u00edzhat\u00f3s\u00e1got.<\/p>\n<p>Friss\u00edtse Dell Latitude 7404 Rugged laptopj\u00e1t m\u00e9g ma az eredeti Card Access Door Coverrel. V\u00e1s\u00e1roljon bizalommal, tudva, hogy min\u0151s\u00e9gi cserealkatr\u00e9szekbe fektet be k\u00e9sz\u00fcl\u00e9k\u00e9hez. Ha k\u00e9rd\u00e9se van, vagy seg\u00edts\u00e9gre van sz\u00fcks\u00e9ge, ne habozzon kapcsolatba l\u00e9pni vel\u00fcnk. Az\u00e9rt vagyunk itt, hogy seg\u00edts\u00fcnk meg\u0151rizni eszk\u00f6ze m\u0171k\u00f6d\u00e9s\u00e9t \u00e9s v\u00e9delm\u00e9t.<\/p>\n","protected":false},"excerpt":{"rendered":"<p>Cser\u00e9lje ki Dell Latitude 7404 Rugged k\u00e1rtyaajt\u00f3j\u00e1nak fedel\u00e9t erre az eredeti alkatr\u00e9szre. K\u00f6nnyen telep\u00edthet\u0151 \u00e9s kompatibilis a P0H61 \/ 0P0H61 cikksz\u00e1mmal. Gondoskodjon k\u00e9sz\u00fcl\u00e9ke tart\u00f3ss\u00e1g\u00e1r\u00f3l \u00e9s v\u00e9delm\u00e9r\u0151l.<\/p>\n","protected":false},"featured_media":8431,"template":"","meta":[],"product_brand":[],"product_cat":[16],"product_tag":[17],"class_list":{"0":"post-8378","1":"product","2":"type-product","3":"status-publish","4":"has-post-thumbnail","6":"product_cat-laptop-housing","7":"product_tag-dell","9":"first","10":"instock","11":"taxable","12":"shipping-taxable","13":"purchasable","14":"product-type-simple"},"_links":{"self":[{"href":"https:\/\/boreait.com\/hu\/wp-json\/wp\/v2\/product\/8378","targetHints":{"allow":["GET"]}}],"collection":[{"href":"https:\/\/boreait.com\/hu\/wp-json\/wp\/v2\/product"}],"about":[{"href":"https:\/\/boreait.com\/hu\/wp-json\/wp\/v2\/types\/product"}],"wp:featuredmedia":[{"embeddable":true,"href":"https:\/\/boreait.com\/hu\/wp-json\/wp\/v2\/media\/8431"}],"wp:attachment":[{"href":"https:\/\/boreait.com\/hu\/wp-json\/wp\/v2\/media?parent=8378"}],"wp:term":[{"taxonomy":"product_brand","embeddable":true,"href":"https:\/\/boreait.com\/hu\/wp-json\/wp\/v2\/product_brand?post=8378"},{"taxonomy":"product_cat","embeddable":true,"href":"https:\/\/boreait.com\/hu\/wp-json\/wp\/v2\/product_cat?post=8378"},{"taxonomy":"product_tag","embeddable":true,"href":"https:\/\/boreait.com\/hu\/wp-json\/wp\/v2\/product_tag?post=8378"}],"curies":[{"name":"wp","href":"https:\/\/api.w.org\/{rel}","templated":true}]}}