{"id":8376,"date":"2025-09-17T12:06:31","date_gmt":"2025-09-17T10:06:31","guid":{"rendered":"https:\/\/boreait.com\/hu\/?post_type=product&#038;p=8376"},"modified":"2026-01-27T11:39:11","modified_gmt":"2026-01-27T10:39:11","slug":"eredeti-dell-latitude-14-7404-robusztus-extrem-elso-fogantyuzar-l-r-2","status":"publish","type":"product","link":"https:\/\/boreait.com\/hu\/termek\/eredeti-dell-latitude-14-7404-robusztus-extrem-elso-fogantyuzar-l-r-2\/","title":{"rendered":"Eredeti Dell Latitude 14 7404 robusztus extr\u00e9m els\u0151 foganty\u00faz\u00e1r L + R"},"content":{"rendered":"<p>N\u00f6velje Dell Latitude 14 7404 Rugged Extreme laptopja robusztuss\u00e1g\u00e1t az eredeti el\u00fcls\u0151 foganty\u00faz\u00e1rk\u00e9szlettel, amely a bal \u00e9s a jobb oldallal is kompatibilis. Ez a tart\u00f3s \u00e9s megb\u00edzhat\u00f3 cserealkatr\u00e9sz egyszer\u0171 telep\u00edt\u00e9st \u00e9s fokozott v\u00e9delmet biztos\u00edt k\u00e9sz\u00fcl\u00e9k\u00e9nek.<\/p>\n<p>F\u0151bb jellemz\u0151k:<\/p>\n<p>&#8211; Eredeti Dell csere: A kompatibilit\u00e1s \u00e9s a megb\u00edzhat\u00f3s\u00e1g biztos\u00edt\u00e1sa hiteles cserealkatr\u00e9szekkel.<\/p>\n<p>&#8211; K\u00f6nny\u0171 telep\u00edt\u00e9s: Egyszer\u0171 telep\u00edt\u00e9ssel k\u00f6nnyed\u00e9n n\u00f6velheti eszk\u00f6ze strapab\u00edr\u00f3s\u00e1g\u00e1t.<\/p>\n<p>&#8211; Fokozott tart\u00f3ss\u00e1g: N\u00f6velje laptopja tart\u00f3ss\u00e1g\u00e1t ezzel az er\u0151s foganty\u00fas z\u00e1rk\u00e9szlettel.<\/p>\n<p>&#8211; Kompatibilit\u00e1s: A bal \u00e9s a jobb oldallal is kompatibilis a sokoldal\u00fa telep\u00edt\u00e9si lehet\u0151s\u00e9gek \u00e9rdek\u00e9ben.<\/p>\n<p>Friss\u00edtse Dell Latitude 14 7404 Rugged Extreme laptopj\u00e1t m\u00e9g ma az eredeti els\u0151 foganty\u00fa z\u00e1rk\u00e9szlettel. V\u00e1s\u00e1roljon bizalommal, tudva, hogy min\u0151s\u00e9gi cserealkatr\u00e9szekbe fektet be k\u00e9sz\u00fcl\u00e9k\u00e9hez. Ha k\u00e9rd\u00e9se van, vagy seg\u00edts\u00e9gre van sz\u00fcks\u00e9ge, ne habozzon kapcsolatba l\u00e9pni vel\u00fcnk. Az\u00e9rt vagyunk itt, hogy seg\u00edts\u00fcnk k\u00e9sz\u00fcl\u00e9ke tart\u00f3ss\u00e1g\u00e1nak n\u00f6vel\u00e9s\u00e9ben.<\/p>\n","protected":false},"excerpt":{"rendered":"<p>N\u00f6velje Dell Latitude 14 7404 Rugged Extreme tart\u00f3ss\u00e1g\u00e1t ezzel az eredeti els\u0151 foganty\u00fa z\u00e1rk\u00e9szlettel. K\u00f6nnyen telep\u00edthet\u0151 \u00e9s kompatibilis a bal \u00e9s a jobb oldallal. N\u00f6velje k\u00e9sz\u00fcl\u00e9ke robusztuss\u00e1g\u00e1t m\u00e9g ma!<\/p>\n","protected":false},"featured_media":8429,"template":"","meta":[],"product_brand":[],"product_cat":[19],"product_tag":[17],"class_list":{"0":"post-8376","1":"product","2":"type-product","3":"status-publish","4":"has-post-thumbnail","6":"product_cat-screen-hinge","7":"product_tag-dell","9":"first","10":"instock","11":"taxable","12":"shipping-taxable","13":"purchasable","14":"product-type-simple"},"_links":{"self":[{"href":"https:\/\/boreait.com\/hu\/wp-json\/wp\/v2\/product\/8376","targetHints":{"allow":["GET"]}}],"collection":[{"href":"https:\/\/boreait.com\/hu\/wp-json\/wp\/v2\/product"}],"about":[{"href":"https:\/\/boreait.com\/hu\/wp-json\/wp\/v2\/types\/product"}],"wp:featuredmedia":[{"embeddable":true,"href":"https:\/\/boreait.com\/hu\/wp-json\/wp\/v2\/media\/8429"}],"wp:attachment":[{"href":"https:\/\/boreait.com\/hu\/wp-json\/wp\/v2\/media?parent=8376"}],"wp:term":[{"taxonomy":"product_brand","embeddable":true,"href":"https:\/\/boreait.com\/hu\/wp-json\/wp\/v2\/product_brand?post=8376"},{"taxonomy":"product_cat","embeddable":true,"href":"https:\/\/boreait.com\/hu\/wp-json\/wp\/v2\/product_cat?post=8376"},{"taxonomy":"product_tag","embeddable":true,"href":"https:\/\/boreait.com\/hu\/wp-json\/wp\/v2\/product_tag?post=8376"}],"curies":[{"name":"wp","href":"https:\/\/api.w.org\/{rel}","templated":true}]}}