{"id":837,"date":"2025-09-17T09:45:13","date_gmt":"2025-09-17T07:45:13","guid":{"rendered":"https:\/\/boreait.com\/hu\/?post_type=product&#038;p=837"},"modified":"2026-01-07T14:43:09","modified_gmt":"2026-01-07T13:43:09","slug":"hp-modem-card-probook-6540b-510100-001","status":"publish","type":"product","link":"https:\/\/boreait.com\/hu\/termek\/hp-modem-card-probook-6540b-510100-001\/","title":{"rendered":"HP Modem Card Probook 6540B 510100-001"},"content":{"rendered":"<p>Friss\u00edtse HP Probook 6540B k\u00e9sz\u00fcl\u00e9k\u00e9t a HP modemk\u00e1rty\u00e1val. Ezt a bels\u0151 modemk\u00e1rty\u00e1t \u00fagy tervezt\u00e9k, hogy megb\u00edzhat\u00f3 \u00e9s biztons\u00e1gos kommunik\u00e1ci\u00f3t biztos\u00edtson laptopja sz\u00e1m\u00e1ra. Ezzel a modemk\u00e1rty\u00e1val hozz\u00e1f\u00e9rhet az internethez, e-maileket k\u00fcldhet \u00e9s fogadhat, \u00e9s telefonos kapcsolaton kereszt\u00fcl t\u00e1voli h\u00e1l\u00f3zatokhoz csatlakozhat.<\/p>\n<p>A HP Modem Card kompatibilis a Probook 6540B-vel, \u00e9s \u00fagy tervezt\u00e9k, hogy z\u00f6kken\u0151mentesen integr\u00e1l\u00f3djon a laptop bels\u0151 rendszer\u00e9be. Nagy sebess\u00e9g\u0171 adat\u00e1tviteli sebess\u00e9get k\u00edn\u00e1l, \u00edgy k\u00f6nnyed\u00e9n b\u00f6ng\u00e9szhet az interneten, let\u00f6lthet f\u00e1jlokat \u00e9s streamelhet m\u00e9di\u00e1t. A modemk\u00e1rtya k\u00fcl\u00f6nb\u00f6z\u0151 h\u00e1l\u00f3zati protokollokat is t\u00e1mogat, \u00edgy biztos\u00edtva a kompatibilit\u00e1st a k\u00fcl\u00f6nb\u00f6z\u0151 szolg\u00e1ltat\u00f3kkal.<\/p>\n<p>A HP modemk\u00e1rtya beszerel\u00e9se egy egyszer\u0171 folyamat, amelynek sor\u00e1n fel kell nyitni a Probook 6540B-t, \u00e9s be kell helyezni a k\u00e1rty\u00e1t a megfelel\u0151 ny\u00edl\u00e1sba. A sikeres telep\u00edt\u00e9s \u00e9rdek\u00e9ben \u00fcgyeljen arra, hogy k\u00f6vesse a gy\u00e1rt\u00f3 utas\u00edt\u00e1sait \u00e9s \u00fatmutat\u00e1sait. Javasoljuk tov\u00e1bb\u00e1 a sz\u00fcks\u00e9ges illeszt\u0151programok \u00e9s szoftverek let\u00f6lt\u00e9s\u00e9t \u00e9s telep\u00edt\u00e9s\u00e9t az optim\u00e1lis teljes\u00edtm\u00e9ny biztos\u00edt\u00e1sa \u00e9rdek\u00e9ben.<\/p>\n<p>A HP Modem Carddal akkor is kapcsolatban maradhat, ha nem \u00e1ll rendelkez\u00e9sre Wi-Fi vagy Ethernet kapcsolat. Megb\u00edzhat\u00f3 \u00e9s biztons\u00e1gos kommunik\u00e1ci\u00f3s eszk\u00f6zt biztos\u00edt, amely lehet\u0151v\u00e9 teszi az internet el\u00e9r\u00e9s\u00e9t \u00e9s a t\u00e1voli h\u00e1l\u00f3zatokhoz val\u00f3 csatlakoz\u00e1st telefonos kapcsolaton kereszt\u00fcl. Ez k\u00fcl\u00f6n\u00f6sen hasznos utaz\u00e1skor vagy korl\u00e1tozott csatlakoz\u00e1si lehet\u0151s\u00e9gekkel rendelkez\u0151 ter\u00fcleteken.<\/p>\n<p>Friss\u00edtse HP Probook 6540B k\u00e9sz\u00fcl\u00e9k\u00e9t a HP modemk\u00e1rty\u00e1val, \u00e9s \u00e9lvezze a megb\u00edzhat\u00f3 \u00e9s biztons\u00e1gos kommunik\u00e1ci\u00f3s lehet\u0151s\u00e9geket, b\u00e1rhov\u00e1 is megy. Maradjon kapcsolatban, \u00e9rje el az internetet \u00e9s kommunik\u00e1ljon k\u00f6nnyed\u00e9n ezzel a bels\u0151 modemk\u00e1rty\u00e1val, amelyet kifejezetten az \u00d6n laptopmodellj\u00e9hez terveztek.<\/p>\n","protected":false},"excerpt":{"rendered":"<p>B\u0151v\u00edtse HP Probook 6540B k\u00e9sz\u00fcl\u00e9k\u00e9t a HP modemk\u00e1rty\u00e1val. Ez a bels\u0151 modemk\u00e1rtya megb\u00edzhat\u00f3 \u00e9s biztons\u00e1gos kommunik\u00e1ci\u00f3s lehet\u0151s\u00e9geket biztos\u00edt laptopj\u00e1hoz, lehet\u0151v\u00e9 t\u00e9ve, hogy b\u00e1rhov\u00e1 is megy, kapcsolatban maradjon.<\/p>\n","protected":false},"featured_media":878,"template":"","meta":[],"product_brand":[],"product_cat":[27],"product_tag":[25],"class_list":{"0":"post-837","1":"product","2":"type-product","3":"status-publish","4":"has-post-thumbnail","6":"product_cat-motherboards-board-parts","7":"product_tag-hp","9":"first","10":"instock","11":"taxable","12":"shipping-taxable","13":"purchasable","14":"product-type-simple"},"_links":{"self":[{"href":"https:\/\/boreait.com\/hu\/wp-json\/wp\/v2\/product\/837","targetHints":{"allow":["GET"]}}],"collection":[{"href":"https:\/\/boreait.com\/hu\/wp-json\/wp\/v2\/product"}],"about":[{"href":"https:\/\/boreait.com\/hu\/wp-json\/wp\/v2\/types\/product"}],"wp:featuredmedia":[{"embeddable":true,"href":"https:\/\/boreait.com\/hu\/wp-json\/wp\/v2\/media\/878"}],"wp:attachment":[{"href":"https:\/\/boreait.com\/hu\/wp-json\/wp\/v2\/media?parent=837"}],"wp:term":[{"taxonomy":"product_brand","embeddable":true,"href":"https:\/\/boreait.com\/hu\/wp-json\/wp\/v2\/product_brand?post=837"},{"taxonomy":"product_cat","embeddable":true,"href":"https:\/\/boreait.com\/hu\/wp-json\/wp\/v2\/product_cat?post=837"},{"taxonomy":"product_tag","embeddable":true,"href":"https:\/\/boreait.com\/hu\/wp-json\/wp\/v2\/product_tag?post=837"}],"curies":[{"name":"wp","href":"https:\/\/api.w.org\/{rel}","templated":true}]}}