{"id":836,"date":"2025-09-17T09:45:13","date_gmt":"2025-09-17T07:45:13","guid":{"rendered":"https:\/\/boreait.com\/hu\/?post_type=product&#038;p=836"},"modified":"2025-09-17T09:45:36","modified_gmt":"2025-09-17T07:45:36","slug":"hp-zbook-15-usb-kis-kartyahoz-beepitett-usb-interfesz-kartya-ls-9243p","status":"publish","type":"product","link":"https:\/\/boreait.com\/hu\/termek\/hp-zbook-15-usb-kis-kartyahoz-beepitett-usb-interfesz-kartya-ls-9243p\/","title":{"rendered":"HP ZBOOK 15 USB kis k\u00e1rty\u00e1hoz be\u00e9p\u00edtett USB interf\u00e9sz k\u00e1rtya LS-9243P"},"content":{"rendered":"<p>B\u0151v\u00edtse HP ZBook 15 csatlakoztat\u00e1si lehet\u0151s\u00e9geit az USB kis k\u00e1rty\u00e1val. Ezt a be\u00e9p\u00edtett USB interf\u00e9sz k\u00e1rty\u00e1t \u00fagy tervezt\u00e9k, hogy tov\u00e1bbi USB-portokat biztos\u00edtson laptopja sz\u00e1m\u00e1ra, \u00edgy t\u00f6bb eszk\u00f6z \u00e9s perif\u00e9ria csatlakoztat\u00e1sa is rugalmas.<\/p>\n<p>Az USB kis k\u00e1rty\u00e1val n\u00f6velheti a HP ZBook 15 eszk\u00f6z\u00f6n el\u00e9rhet\u0151 USB-portok sz\u00e1m\u00e1t, lehet\u0151v\u00e9 t\u00e9ve az eszk\u00f6z\u00f6k, p\u00e9ld\u00e1ul k\u00fcls\u0151 merevlemezek, nyomtat\u00f3k, szkennerek, billenty\u0171zetek \u00e9s egerek sz\u00e9lesebb k\u00f6r\u00e9nek csatlakoztat\u00e1s\u00e1t. Ez lehet\u0151v\u00e9 teszi a termel\u00e9kenys\u00e9g \u00e9s a k\u00e9nyelem maximaliz\u00e1l\u00e1s\u00e1t az\u00e1ltal, hogy t\u00f6bb eszk\u00f6zt csatlakoztat egyszerre.<\/p>\n<p>A telep\u00edt\u00e9si folyamat egyszer\u0171 \u00e9s egy\u00e9rtelm\u0171. K\u00f6vesse a gy\u00e1rt\u00f3 utas\u00edt\u00e1sait, \u00e9s cser\u00e9lje ki a HP ZBook 15 megl\u00e9v\u0151 USB k\u00e1rty\u00e1j\u00e1t az USB kis k\u00e1rty\u00e1ra. Gy\u0151z\u0151dj\u00f6n meg a kompatibilit\u00e1sr\u00f3l az adott laptopmodellj\u00e9vel, \u00e9s gondoskodjon arr\u00f3l, hogy az optim\u00e1lis m\u0171k\u00f6d\u00e9shez telep\u00edtve legyenek a sz\u00fcks\u00e9ges illeszt\u0151programok.<\/p>\n<p>Az USB kis k\u00e1rty\u00e1val \u00e9lvezheti a HP ZBook 15 t\u00f6bb USB-portj\u00e1nak k\u00e9nyelm\u00e9t, ami nagyobb rugalmass\u00e1got \u00e9s b\u0151v\u00edthet\u0151s\u00e9get biztos\u00edt. Csatlakoztasson \u00e9s haszn\u00e1ljon egyszerre t\u00f6bb eszk\u00f6zt, n\u00f6velve termel\u00e9kenys\u00e9g\u00e9t \u00e9s hat\u00e9konys\u00e1g\u00e1t. Mondjon b\u00facs\u00fat a korl\u00e1tozott sz\u00e1m\u00fa USB-port korl\u00e1tainak, \u00e9s tapasztalja meg a b\u0151v\u00edtett csatlakoz\u00e1si lehet\u0151s\u00e9gek k\u00e9nyelm\u00e9t.<\/p>\n<p>Friss\u00edtse HP ZBook 15 k\u00e9sz\u00fcl\u00e9k\u00e9t az USB kis k\u00e1rty\u00e1val, \u00e9s t\u00e1rja fel az eszk\u00f6z csatlakoztathat\u00f3s\u00e1g\u00e1nak lehet\u0151s\u00e9g\u00e9t. Csatlakoztasson t\u00f6bb eszk\u00f6zt, egyszer\u0171s\u00edtse munkafolyamatait, \u00e9s fokozza az \u00e1ltal\u00e1nos sz\u00e1m\u00edt\u00e1stechnikai \u00e9lm\u00e9nyt ezzel a be\u00e9p\u00edtett USB interf\u00e9szk\u00e1rty\u00e1val.<\/p>\n","protected":false},"excerpt":{"rendered":"<p>Friss\u00edtse HP ZBook 15 k\u00e9sz\u00fcl\u00e9k\u00e9t az USB Small Board k\u00e1rty\u00e1val, egy be\u00e9p\u00edtett USB interf\u00e9szk\u00e1rty\u00e1val, amelyet laptopja csatlakoztat\u00e1si lehet\u0151s\u00e9geinek b\u0151v\u00edt\u00e9s\u00e9re terveztek. Ezzel az alaplappal b\u0151v\u00edtheti a ZBook 15-\u00f6n el\u00e9rhet\u0151 USB-portok sz\u00e1m\u00e1t, \u00edgy t\u00f6bb eszk\u00f6zt \u00e9s perif\u00e9ri\u00e1t is csatlakoztathat.<\/p>\n","protected":false},"featured_media":867,"template":"","meta":[],"product_brand":[],"product_cat":[27],"product_tag":[25],"class_list":{"0":"post-836","1":"product","2":"type-product","3":"status-publish","4":"has-post-thumbnail","6":"product_cat-motherboards-board-parts","7":"product_tag-hp","9":"first","10":"instock","11":"taxable","12":"shipping-taxable","13":"purchasable","14":"product-type-simple"},"_links":{"self":[{"href":"https:\/\/boreait.com\/hu\/wp-json\/wp\/v2\/product\/836","targetHints":{"allow":["GET"]}}],"collection":[{"href":"https:\/\/boreait.com\/hu\/wp-json\/wp\/v2\/product"}],"about":[{"href":"https:\/\/boreait.com\/hu\/wp-json\/wp\/v2\/types\/product"}],"wp:featuredmedia":[{"embeddable":true,"href":"https:\/\/boreait.com\/hu\/wp-json\/wp\/v2\/media\/867"}],"wp:attachment":[{"href":"https:\/\/boreait.com\/hu\/wp-json\/wp\/v2\/media?parent=836"}],"wp:term":[{"taxonomy":"product_brand","embeddable":true,"href":"https:\/\/boreait.com\/hu\/wp-json\/wp\/v2\/product_brand?post=836"},{"taxonomy":"product_cat","embeddable":true,"href":"https:\/\/boreait.com\/hu\/wp-json\/wp\/v2\/product_cat?post=836"},{"taxonomy":"product_tag","embeddable":true,"href":"https:\/\/boreait.com\/hu\/wp-json\/wp\/v2\/product_tag?post=836"}],"curies":[{"name":"wp","href":"https:\/\/api.w.org\/{rel}","templated":true}]}}