{"id":8358,"date":"2025-09-17T12:06:09","date_gmt":"2025-09-17T10:06:09","guid":{"rendered":"https:\/\/boreait.com\/hu\/?post_type=product&#038;p=8358"},"modified":"2026-01-27T11:31:14","modified_gmt":"2026-01-27T10:31:14","slug":"eredeti-dell-latitude-14-7404-robusztus-extrem-belso-muanyag-burkolatu-kabelvezeto-3","status":"publish","type":"product","link":"https:\/\/boreait.com\/hu\/termek\/eredeti-dell-latitude-14-7404-robusztus-extrem-belso-muanyag-burkolatu-kabelvezeto-3\/","title":{"rendered":"Eredeti Dell Latitude 14 7404 robusztus, extr\u00e9m bels\u0151 m\u0171anyag burkolat\u00fa k\u00e1belvezet\u0151"},"content":{"rendered":"<p>Fokozza Dell Latitude 14 7404 Rugged Extreme laptopja funkcionalit\u00e1s\u00e1t \u00e9s tart\u00f3ss\u00e1g\u00e1t az eredeti bels\u0151 m\u0171anyag burkolat\u00fa k\u00e1belvezet\u0151vel. Ezt az eredeti cserealkatr\u00e9szt \u00fagy tervezt\u00e9k, hogy biztons\u00e1gos k\u00e1belkezel\u00e9st biztos\u00edtson, biztos\u00edtva, hogy k\u00e9sz\u00fcl\u00e9ke rendszerezett \u00e9s v\u00e9dett maradjon.<\/p>\n<p>F\u0151bb jellemz\u0151k:<\/p>\n<p>&#8211; Eredeti Dell csere: A kompatibilit\u00e1s \u00e9s a megb\u00edzhat\u00f3s\u00e1g biztos\u00edt\u00e1sa hiteles cserealkatr\u00e9szekkel.<\/p>\n<p>&#8211; K\u00f6nny\u0171 telep\u00edt\u00e9s: Egyszer\u0171 telep\u00edt\u00e9ssel k\u00f6nnyed\u00e9n friss\u00edtheti eszk\u00f6z\u00e9t, nincs sz\u00fcks\u00e9g szakmai seg\u00edts\u00e9gre.<\/p>\n<p>&#8211; Tov\u00e1bbfejlesztett k\u00e1belkezel\u00e9s: Tartsa a k\u00e1beleket rendezetten \u00e9s biztons\u00e1gosan, cs\u00f6kkentve ezzel a kop\u00e1st.<\/p>\n<p>&#8211; Tart\u00f3s konstrukci\u00f3: \u00dagy tervezt\u00e9k, hogy ellen\u00e1lljon a massz\u00edv haszn\u00e1latnak, \u00edgy biztos\u00edtva a hossz\u00fa \u00e9lettartamot \u00e9s a megb\u00edzhat\u00f3s\u00e1got.<\/p>\n<p>Friss\u00edtse Dell Latitude 14 7404 Rugged Extreme laptopj\u00e1t m\u00e9g ma az eredeti bels\u0151 m\u0171anyag burkolat\u00fa k\u00e1belvezet\u0151vel. V\u00e1s\u00e1roljon bizalommal, tudva, hogy min\u0151s\u00e9gi cserealkatr\u00e9szekbe fektet be k\u00e9sz\u00fcl\u00e9k\u00e9hez. Ha k\u00e9rd\u00e9se van, vagy seg\u00edts\u00e9gre van sz\u00fcks\u00e9ge, ne habozzon kapcsolatba l\u00e9pni vel\u00fcnk. Az\u00e9rt vagyunk itt, hogy seg\u00edts\u00fcnk eszk\u00f6ze funkcionalit\u00e1s\u00e1nak jav\u00edt\u00e1s\u00e1ban.<\/p>\n","protected":false},"excerpt":{"rendered":"<p>Fokozza Dell Latitude 14 7404 Rugged Extreme k\u00e9sz\u00fcl\u00e9k\u00e9t ezzel az eredeti, m\u0171anyag bels\u0151 burkolat\u00fa k\u00e1belvezet\u0151vel. K\u00f6nnyen felszerelhet\u0151 \u00e9s tart\u00f3s kialak\u00edt\u00e1s\u00fa. Gondoskodjon biztons\u00e1gos k\u00e1belkezel\u00e9sr\u0151l robusztus laptopj\u00e1ban.<\/p>\n","protected":false},"featured_media":8408,"template":"","meta":[],"product_brand":[],"product_cat":[27],"product_tag":[17],"class_list":{"0":"post-8358","1":"product","2":"type-product","3":"status-publish","4":"has-post-thumbnail","6":"product_cat-motherboards-board-parts","7":"product_tag-dell","9":"first","10":"instock","11":"taxable","12":"shipping-taxable","13":"purchasable","14":"product-type-simple"},"_links":{"self":[{"href":"https:\/\/boreait.com\/hu\/wp-json\/wp\/v2\/product\/8358","targetHints":{"allow":["GET"]}}],"collection":[{"href":"https:\/\/boreait.com\/hu\/wp-json\/wp\/v2\/product"}],"about":[{"href":"https:\/\/boreait.com\/hu\/wp-json\/wp\/v2\/types\/product"}],"wp:featuredmedia":[{"embeddable":true,"href":"https:\/\/boreait.com\/hu\/wp-json\/wp\/v2\/media\/8408"}],"wp:attachment":[{"href":"https:\/\/boreait.com\/hu\/wp-json\/wp\/v2\/media?parent=8358"}],"wp:term":[{"taxonomy":"product_brand","embeddable":true,"href":"https:\/\/boreait.com\/hu\/wp-json\/wp\/v2\/product_brand?post=8358"},{"taxonomy":"product_cat","embeddable":true,"href":"https:\/\/boreait.com\/hu\/wp-json\/wp\/v2\/product_cat?post=8358"},{"taxonomy":"product_tag","embeddable":true,"href":"https:\/\/boreait.com\/hu\/wp-json\/wp\/v2\/product_tag?post=8358"}],"curies":[{"name":"wp","href":"https:\/\/api.w.org\/{rel}","templated":true}]}}