{"id":8356,"date":"2025-09-17T12:06:08","date_gmt":"2025-09-17T10:06:08","guid":{"rendered":"https:\/\/boreait.com\/hu\/?post_type=product&#038;p=8356"},"modified":"2026-01-27T11:30:44","modified_gmt":"2026-01-27T10:30:44","slug":"eredeti-dell-latitude-14-7404-rugged-extreme-back-muanyag-burkolat-r-jobb-oldalon-2","status":"publish","type":"product","link":"https:\/\/boreait.com\/hu\/termek\/eredeti-dell-latitude-14-7404-rugged-extreme-back-muanyag-burkolat-r-jobb-oldalon-2\/","title":{"rendered":"Eredeti Dell Latitude 14 7404 Rugged Extreme Back m\u0171anyag burkolat R jobb oldalon"},"content":{"rendered":"<p>N\u00f6velje Dell Latitude 14 7404 Rugged Extreme laptopja tart\u00f3ss\u00e1g\u00e1t \u00e9s megjelen\u00e9s\u00e9t a jobb oldali eredeti m\u0171anyag h\u00e1tlappal. A t\u00f6k\u00e9letes kompatibilit\u00e1sra tervezett \u00e9s a massz\u00edv haszn\u00e1latnak ellen\u00e1ll\u00f3 eredeti cserealkatr\u00e9sz gondoskodik arr\u00f3l, hogy laptopja v\u00e9dett maradjon, \u00e9s j\u00f3l n\u00e9zzen ki.<\/p>\n<p>F\u0151bb jellemz\u0151k:<\/p>\n<p>&#8211; Eredeti Dell csere: A kompatibilit\u00e1s \u00e9s a megb\u00edzhat\u00f3s\u00e1g biztos\u00edt\u00e1sa hiteles cserealkatr\u00e9szekkel.<\/p>\n<p>&#8211; K\u00f6nny\u0171 telep\u00edt\u00e9s: Egyszer\u0171 telep\u00edt\u00e9ssel k\u00f6nnyed\u00e9n friss\u00edtheti eszk\u00f6z\u00e9t.<\/p>\n<p>&#8211; Fokozott tart\u00f3ss\u00e1g: V\u00e9dje laptopj\u00e1t a sz\u00e9ls\u0151s\u00e9ges k\u00f6r\u00fclm\u00e9nyeknek is ellen\u00e1ll\u00f3 bor\u00edt\u00e1ssal.<\/p>\n<p>&#8211; T\u00f6k\u00e9letes illeszked\u00e9s: Kifejezetten a Dell Latitude 14 7404 Rugged Extreme k\u00e9sz\u00fcl\u00e9khez tervezt\u00e9k, z\u00f6kken\u0151mentes illeszked\u00e9st biztos\u00edtva.<\/p>\n<p>Friss\u00edtse Dell Latitude 14 7404 Rugged Extreme laptopj\u00e1t m\u00e9g ma a jobb oldalon tal\u00e1lhat\u00f3 eredeti m\u0171anyag h\u00e1tlappal. V\u00e1s\u00e1roljon bizalommal, tudva, hogy min\u0151s\u00e9gi cserealkatr\u00e9szekbe fektet be k\u00e9sz\u00fcl\u00e9k\u00e9hez. Ha k\u00e9rd\u00e9se van, vagy seg\u00edts\u00e9gre van sz\u00fcks\u00e9ge, ne habozzon kapcsolatba l\u00e9pni vel\u00fcnk. Az\u00e9rt vagyunk itt, hogy seg\u00edts\u00fcnk eszk\u00f6ze funkcionalit\u00e1s\u00e1nak \u00e9s tart\u00f3ss\u00e1g\u00e1nak n\u00f6vel\u00e9s\u00e9ben.<\/p>\n","protected":false},"excerpt":{"rendered":"<p>Friss\u00edtse Dell Latitude 14 7404 Rugged Extreme k\u00e9sz\u00fcl\u00e9k\u00e9t ezzel az eredeti, jobb oldali m\u0171anyag h\u00e1tlappal. K\u00f6nnyen telep\u00edthet\u0151 \u00e9s t\u00f6k\u00e9letes kompatibilit\u00e1st biztos\u00edt. N\u00f6velje laptopja tart\u00f3ss\u00e1g\u00e1t \u00e9s megjelen\u00e9s\u00e9t m\u00e9g ma!<\/p>\n","protected":false},"featured_media":8406,"template":"","meta":[],"product_brand":[],"product_cat":[16],"product_tag":[17],"class_list":{"0":"post-8356","1":"product","2":"type-product","3":"status-publish","4":"has-post-thumbnail","6":"product_cat-laptop-housing","7":"product_tag-dell","9":"first","10":"instock","11":"taxable","12":"shipping-taxable","13":"purchasable","14":"product-type-simple"},"_links":{"self":[{"href":"https:\/\/boreait.com\/hu\/wp-json\/wp\/v2\/product\/8356","targetHints":{"allow":["GET"]}}],"collection":[{"href":"https:\/\/boreait.com\/hu\/wp-json\/wp\/v2\/product"}],"about":[{"href":"https:\/\/boreait.com\/hu\/wp-json\/wp\/v2\/types\/product"}],"wp:featuredmedia":[{"embeddable":true,"href":"https:\/\/boreait.com\/hu\/wp-json\/wp\/v2\/media\/8406"}],"wp:attachment":[{"href":"https:\/\/boreait.com\/hu\/wp-json\/wp\/v2\/media?parent=8356"}],"wp:term":[{"taxonomy":"product_brand","embeddable":true,"href":"https:\/\/boreait.com\/hu\/wp-json\/wp\/v2\/product_brand?post=8356"},{"taxonomy":"product_cat","embeddable":true,"href":"https:\/\/boreait.com\/hu\/wp-json\/wp\/v2\/product_cat?post=8356"},{"taxonomy":"product_tag","embeddable":true,"href":"https:\/\/boreait.com\/hu\/wp-json\/wp\/v2\/product_tag?post=8356"}],"curies":[{"name":"wp","href":"https:\/\/api.w.org\/{rel}","templated":true}]}}