{"id":8355,"date":"2025-09-17T12:06:08","date_gmt":"2025-09-17T10:06:08","guid":{"rendered":"https:\/\/boreait.com\/hu\/?post_type=product&#038;p=8355"},"modified":"2026-01-27T11:30:30","modified_gmt":"2026-01-27T10:30:30","slug":"eredeti-dell-latitude-14-7404-robusztus-extrem-hatso-muanyag-boritas-bal-oldali-l","status":"publish","type":"product","link":"https:\/\/boreait.com\/hu\/termek\/eredeti-dell-latitude-14-7404-robusztus-extrem-hatso-muanyag-boritas-bal-oldali-l\/","title":{"rendered":"Eredeti Dell Latitude 14 7404 robusztus extr\u00e9m h\u00e1ts\u00f3 m\u0171anyag bor\u00edt\u00e1s, bal oldali L"},"content":{"rendered":"<p>\u00c1ll\u00edtsa vissza Dell Latitude 14 7404 Rugged Extreme laptopja s\u00e9rtetlens\u00e9g\u00e9t \u00e9s v\u00e9delm\u00e9t az eredeti m\u0171anyag h\u00e1tlappal, kifejezetten a bal oldalra (L). Ez az eredeti cserealkatr\u00e9sz t\u00f6k\u00e9letes illeszked\u00e9st biztos\u00edt, \u00e9s meg\u0151rzi a k\u00e9sz\u00fcl\u00e9ke \u00e1ltal ismert massz\u00edv tart\u00f3ss\u00e1got.<\/p>\n<p>F\u0151bb jellemz\u0151k:<\/p>\n<p>&#8211; Eredeti Dell csere: A kompatibilit\u00e1s \u00e9s a megb\u00edzhat\u00f3s\u00e1g biztos\u00edt\u00e1sa hiteles cserealkatr\u00e9szekkel.<\/p>\n<p>&#8211; T\u00f6k\u00e9letes illeszked\u00e9s: Kifejezetten a Dell Latitude 14 7404 Rugged Extreme k\u00e9sz\u00fcl\u00e9khez tervezt\u00e9k, z\u00f6kken\u0151mentes integr\u00e1ci\u00f3t biztos\u00edtva.<\/p>\n<p>&#8211; Fokozott v\u00e9delem: Cser\u00e9lje ki a s\u00e9r\u00fclt fedelet, hogy meg\u0151rizze laptopja massz\u00edv v\u00e9delm\u00e9t.<\/p>\n<p>&#8211; Tart\u00f3s konstrukci\u00f3: \u00dagy tervezt\u00e9k, hogy ellen\u00e1lljon a sz\u00e9ls\u0151s\u00e9ges k\u00f6r\u00fclm\u00e9nyeknek, \u00edgy biztos\u00edtva a hossz\u00fa \u00e9lettartamot \u00e9s a megb\u00edzhat\u00f3s\u00e1got.<\/p>\n<p>Friss\u00edtse laptopja teljes\u00edtm\u00e9ny\u00e9t:<\/p>\n<p>A s\u00e9r\u00fclt h\u00e1ts\u00f3 m\u0171anyag burkolat cser\u00e9j\u00e9vel meg\u0151rizheti Dell Latitude 14 7404 Rugged Extreme k\u00e9sz\u00fcl\u00e9ke robusztus v\u00e9delm\u00e9t \u00e9s teljes\u00edtm\u00e9ny\u00e9t.<\/p>\n<p>Egyszer\u0171 telep\u00edt\u00e9s:<\/p>\n<p>Egyszer\u0171 telep\u00edt\u00e9ssel k\u00f6nnyed\u00e9n cser\u00e9lje ki laptopja h\u00e1tlapj\u00e1t, nincs sz\u00fcks\u00e9g szakmai seg\u00edts\u00e9gre.<\/p>\n<p>Min\u0151s\u00e9gbiztos\u00edt\u00e1s:<\/p>\n<p>Biztos lehet benne, hogy egy kiv\u00e1l\u00f3 min\u0151s\u00e9g\u0171, eredeti Dell cserealkatr\u00e9szbe fektet be, amelyet a megb\u00edzhat\u00f3s\u00e1g \u00e9s a hossz\u00fa \u00e9lettartam \u00e9rdek\u00e9ben terveztek.<\/p>\n<p>K\u00e9rj\u00fck, vegye figyelembe, hogy b\u00e1r a r\u00e9szletes telep\u00edt\u00e9si utas\u00edt\u00e1sokat nem adjuk meg, nyugodtan forduljon hozz\u00e1nk, ha k\u00e9rd\u00e9se van, vagy seg\u00edts\u00e9gre van sz\u00fcks\u00e9ge. A list\u00e1n szerepl\u0151 val\u00f3di term\u00e9kfot\u00f3k pontosan le\u00edrj\u00e1k, hogy mit fog kapni, t\u00fckr\u00f6zve az \u00e1tl\u00e1that\u00f3s\u00e1g \u00e9s az \u00fcgyfelek el\u00e9gedetts\u00e9ge ir\u00e1nti elk\u00f6telezetts\u00e9g\u00fcnket.<\/p>\n<p>Friss\u00edtse Dell Latitude 14 7404 Rugged Extreme laptopj\u00e1t m\u00e9g ma az eredeti m\u0171anyag h\u00e1tlappal. V\u00e1s\u00e1roljon bizalommal, tudva, hogy laptopja min\u0151s\u00e9gi cserealkatr\u00e9sz\u00e9be fektet be. Ha k\u00e9rd\u00e9se van, vagy tov\u00e1bbi seg\u00edts\u00e9gre van sz\u00fcks\u00e9ge, ne habozzon kapcsolatba l\u00e9pni vel\u00fcnk. Az\u00e9rt vagyunk itt, hogy seg\u00edts\u00fcnk eszk\u00f6ze v\u00e9delm\u00e9nek fokoz\u00e1s\u00e1ban.<\/p>\n","protected":false},"excerpt":{"rendered":"<p>Cser\u00e9lje ki Dell Latitude 14 7404 Rugged Extreme k\u00e9sz\u00fcl\u00e9ke s\u00e9r\u00fclt h\u00e1ts\u00f3 m\u0171anyag bor\u00edt\u00e1s\u00e1t erre az eredeti alkatr\u00e9szre. A bal oldalra tervezve t\u00f6k\u00e9letes illeszked\u00e9st \u00e9s tart\u00f3ss\u00e1got biztos\u00edt. Friss\u00edtse laptopja v\u00e9delm\u00e9t m\u00e9g ma!<\/p>\n","protected":false},"featured_media":8405,"template":"","meta":[],"product_brand":[],"product_cat":[16],"product_tag":[17],"class_list":{"0":"post-8355","1":"product","2":"type-product","3":"status-publish","4":"has-post-thumbnail","6":"product_cat-laptop-housing","7":"product_tag-dell","9":"first","10":"instock","11":"taxable","12":"shipping-taxable","13":"purchasable","14":"product-type-simple"},"_links":{"self":[{"href":"https:\/\/boreait.com\/hu\/wp-json\/wp\/v2\/product\/8355","targetHints":{"allow":["GET"]}}],"collection":[{"href":"https:\/\/boreait.com\/hu\/wp-json\/wp\/v2\/product"}],"about":[{"href":"https:\/\/boreait.com\/hu\/wp-json\/wp\/v2\/types\/product"}],"wp:featuredmedia":[{"embeddable":true,"href":"https:\/\/boreait.com\/hu\/wp-json\/wp\/v2\/media\/8405"}],"wp:attachment":[{"href":"https:\/\/boreait.com\/hu\/wp-json\/wp\/v2\/media?parent=8355"}],"wp:term":[{"taxonomy":"product_brand","embeddable":true,"href":"https:\/\/boreait.com\/hu\/wp-json\/wp\/v2\/product_brand?post=8355"},{"taxonomy":"product_cat","embeddable":true,"href":"https:\/\/boreait.com\/hu\/wp-json\/wp\/v2\/product_cat?post=8355"},{"taxonomy":"product_tag","embeddable":true,"href":"https:\/\/boreait.com\/hu\/wp-json\/wp\/v2\/product_tag?post=8355"}],"curies":[{"name":"wp","href":"https:\/\/api.w.org\/{rel}","templated":true}]}}