{"id":8354,"date":"2025-09-17T12:06:08","date_gmt":"2025-09-17T10:06:08","guid":{"rendered":"https:\/\/boreait.com\/hu\/?post_type=product&#038;p=8354"},"modified":"2025-10-07T15:21:29","modified_gmt":"2025-10-07T13:21:29","slug":"eredeti-dell-latitude-14-rugged-7404-5414-dc-jack-tdp-105hsr2-d-102-j-dw911","status":"publish","type":"product","link":"https:\/\/boreait.com\/hu\/termek\/eredeti-dell-latitude-14-rugged-7404-5414-dc-jack-tdp-105hsr2-d-102-j-dw911\/","title":{"rendered":"Eredeti Dell Latitude 14 Rugged 7404 5414 DC Jack TDP-105HSR2-D-102-J DW911"},"content":{"rendered":"<p>Biztos\u00edtson megb\u00edzhat\u00f3 t\u00e1pell\u00e1t\u00e1st Dell Latitude 14 Rugged 7404 5414 laptopja sz\u00e1m\u00e1ra az eredeti DC jack csatlakoz\u00f3val, cikksz\u00e1m: TDP-105HSR2-D-102-J DW911. A tart\u00f3ss\u00e1gra \u00e9s a z\u00f6kken\u0151mentes kompatibilit\u00e1sra tervezett eredeti cserealkatr\u00e9sz egyenletes teljes\u00edtm\u00e9nyt \u00e9s egyszer\u0171 telep\u00edt\u00e9st garant\u00e1l.<\/p>\n<p>F\u0151bb jellemz\u0151k:<\/p>\n<p>&#8211; Eredeti Dell csere: A kompatibilit\u00e1s \u00e9s a megb\u00edzhat\u00f3s\u00e1g biztos\u00edt\u00e1sa hiteles cserealkatr\u00e9szekkel.<\/p>\n<p>&#8211; K\u00f6nny\u0171 telep\u00edt\u00e9s: Egyszer\u0171 telep\u00edt\u00e9ssel k\u00f6nnyed\u00e9n b\u0151v\u00edtheti laptopja t\u00e1pell\u00e1t\u00e1s\u00e1t.<\/p>\n<p>&#8211; Megb\u00edzhat\u00f3 t\u00e1pegys\u00e9g: Fenntartson stabil t\u00e1pcsatlakoz\u00e1st a jobb teljes\u00edtm\u00e9ny \u00e9s funkcionalit\u00e1s \u00e9rdek\u00e9ben.<\/p>\n<p>&#8211; Tart\u00f3s konstrukci\u00f3: \u00dagy tervezt\u00e9k, hogy ellen\u00e1lljon a massz\u00edv haszn\u00e1latnak, \u00edgy biztos\u00edtva a hossz\u00fa \u00e9lettartamot \u00e9s a megb\u00edzhat\u00f3s\u00e1got.<\/p>\n<p>Friss\u00edtse Dell Latitude 14 Rugged 7404 5414 laptopj\u00e1t m\u00e9g ma az eredeti DC csatlakoz\u00f3val. V\u00e1s\u00e1roljon bizalommal, tudva, hogy min\u0151s\u00e9gi cserealkatr\u00e9szekbe fektet be k\u00e9sz\u00fcl\u00e9k\u00e9hez. Ha k\u00e9rd\u00e9se van, vagy seg\u00edts\u00e9gre van sz\u00fcks\u00e9ge, ne habozzon kapcsolatba l\u00e9pni vel\u00fcnk. Az\u00e9rt vagyunk itt, hogy seg\u00edts\u00fcnk \u00d6nnek biztos\u00edtani laptopja optim\u00e1lis teljes\u00edtm\u00e9ny\u00e9t.<\/p>\n","protected":false},"excerpt":{"rendered":"<p>Biztos\u00edtson megb\u00edzhat\u00f3 t\u00e1pell\u00e1t\u00e1st ezzel az eredeti Dell Latitude 14 Rugged 7404 5414 DC jack csatlakoz\u00f3val. Kompatibilis a TDP-105HSR2-D-102-J DW911 cikksz\u00e1mmal. Friss\u00edtse laptopja t\u00e1pell\u00e1t\u00e1s\u00e1t m\u00e9g ma!<\/p>\n","protected":false},"featured_media":8404,"template":"","meta":[],"product_brand":[],"product_cat":[20],"product_tag":[17],"class_list":{"0":"post-8354","1":"product","2":"type-product","3":"status-publish","4":"has-post-thumbnail","6":"product_cat-cables","7":"product_tag-dell","9":"first","10":"instock","11":"taxable","12":"shipping-taxable","13":"purchasable","14":"product-type-simple"},"_links":{"self":[{"href":"https:\/\/boreait.com\/hu\/wp-json\/wp\/v2\/product\/8354","targetHints":{"allow":["GET"]}}],"collection":[{"href":"https:\/\/boreait.com\/hu\/wp-json\/wp\/v2\/product"}],"about":[{"href":"https:\/\/boreait.com\/hu\/wp-json\/wp\/v2\/types\/product"}],"wp:featuredmedia":[{"embeddable":true,"href":"https:\/\/boreait.com\/hu\/wp-json\/wp\/v2\/media\/8404"}],"wp:attachment":[{"href":"https:\/\/boreait.com\/hu\/wp-json\/wp\/v2\/media?parent=8354"}],"wp:term":[{"taxonomy":"product_brand","embeddable":true,"href":"https:\/\/boreait.com\/hu\/wp-json\/wp\/v2\/product_brand?post=8354"},{"taxonomy":"product_cat","embeddable":true,"href":"https:\/\/boreait.com\/hu\/wp-json\/wp\/v2\/product_cat?post=8354"},{"taxonomy":"product_tag","embeddable":true,"href":"https:\/\/boreait.com\/hu\/wp-json\/wp\/v2\/product_tag?post=8354"}],"curies":[{"name":"wp","href":"https:\/\/api.w.org\/{rel}","templated":true}]}}