{"id":8353,"date":"2025-09-17T12:06:08","date_gmt":"2025-09-17T10:06:08","guid":{"rendered":"https:\/\/boreait.com\/hu\/?post_type=product&#038;p=8353"},"modified":"2026-01-27T11:30:17","modified_gmt":"2026-01-27T10:30:17","slug":"eredeti-ibm-1-gb-ddr2-667mhz-pc2-5300-nem-ecc-puffereletlen-cl5-200-tus-sodimm-dual-rank-memoriamodul-36p3362","status":"publish","type":"product","link":"https:\/\/boreait.com\/hu\/termek\/eredeti-ibm-1-gb-ddr2-667mhz-pc2-5300-nem-ecc-puffereletlen-cl5-200-tus-sodimm-dual-rank-memoriamodul-36p3362\/","title":{"rendered":"Eredeti IBM 1 GB DDR2-667MHz PC2-5300 nem ECC puffereletlen CL5 200 t\u0171s SoDimm Dual Rank mem\u00f3riamodul 36P3362"},"content":{"rendered":"<p>B\u0151v\u00edtse laptopja mem\u00f3riakapacit\u00e1s\u00e1t az eredeti IBM 1 GB DDR2-667MHz PC2-5300 nem ECC SoDimm mem\u00f3riamodullal, cikksz\u00e1m: 36P3362. A pontoss\u00e1g \u00e9s a megb\u00edzhat\u00f3s\u00e1g szem el\u0151tt tart\u00e1s\u00e1val tervezt\u00e9k ezt az autentikus mem\u00f3riamodult, hogy jav\u00edtsa laptopja \u00e1ltal\u00e1nos teljes\u00edtm\u00e9ny\u00e9t.<\/p>\n<p>F\u0151bb jellemz\u0151k:<\/p>\n<p>&#8211; Eredeti IBM csere: A kompatibilit\u00e1s \u00e9s a megb\u00edzhat\u00f3s\u00e1g biztos\u00edt\u00e1sa hiteles cserealkatr\u00e9szekkel.<\/p>\n<p>&#8211; K\u00f6nny\u0171 telep\u00edt\u00e9s: Egyszer\u0171 telep\u00edt\u00e9ssel k\u00f6nnyed\u00e9n b\u0151v\u00edtheti laptopja mem\u00f3ri\u00e1j\u00e1t.<\/p>\n<p>&#8211; Fokozott teljes\u00edtm\u00e9ny: Tapasztalja meg a tov\u00e1bbfejlesztett multitasking k\u00e9pess\u00e9geket \u00e9s a g\u00f6rd\u00fcl\u00e9kenyebb m\u0171k\u00f6d\u00e9st ezzel a DDR2 mem\u00f3riamodullal.<\/p>\n<p>&#8211; Kompatibilit\u00e1s: Tesztelve sz\u00e9les k\u00f6rben kompatibilis a k\u00fcl\u00f6nb\u00f6z\u0151 laptopmodellekkel.<\/p>\n<p>&#8211; Min\u0151s\u00e9gbiztos\u00edt\u00e1s: Nyugodjon meg, tudva, hogy val\u00f3di IBM technol\u00f3gi\u00e1ba fektet be, amelyet szigor\u00fa min\u0151s\u00e9gbiztos\u00edt\u00e1si tesztek t\u00e1mogatnak.<\/p>\n<p>Friss\u00edtse laptopj\u00e1t m\u00e9g ma az IBM 1 GB DDR2-667MHz PC2-5300 nem ECC SoDimm mem\u00f3riamodullal \u2013 intelligens befektet\u00e9s a jobb teljes\u00edtm\u00e9ny \u00e9s hat\u00e9konys\u00e1g \u00e9rdek\u00e9ben. Ha b\u00e1rmilyen k\u00e9rd\u00e9se van, vagy seg\u00edts\u00e9gre van sz\u00fcks\u00e9ge, nyugodtan \u00edrjon nek\u00fcnk. Az\u00e9rt vagyunk itt, hogy seg\u00edts\u00fcnk \u00d6nnek a sz\u00e1m\u00edt\u00e1stechnikai \u00e9lm\u00e9ny jav\u00edt\u00e1s\u00e1ban.<\/p>\n","protected":false},"excerpt":{"rendered":"<p>N\u00f6velje laptopja teljes\u00edtm\u00e9ny\u00e9t ezzel az eredeti IBM 1 GB DDR2-667MHz PC2-5300 nem ECC SoDimm mem\u00f3riamodullal. Ez a z\u00f6kken\u0151mentes kompatibilit\u00e1sra \u00e9s optim\u00e1lis sebess\u00e9gre tervezett mem\u00f3riamodul megb\u00edzhat\u00f3 v\u00e1laszt\u00e1s eszk\u00f6ze friss\u00edt\u00e9s\u00e9hez. B\u0151v\u00edtse laptopja mem\u00f3ri\u00e1j\u00e1t m\u00e9g ma!<\/p>\n","protected":false},"featured_media":8403,"template":"","meta":[],"product_brand":[],"product_cat":[41,36],"product_tag":[26],"class_list":{"0":"post-8353","1":"product","2":"type-product","3":"status-publish","4":"has-post-thumbnail","6":"product_cat-ddr2","7":"product_cat-ram-memory","8":"product_tag-lenovo","10":"first","11":"instock","12":"taxable","13":"shipping-taxable","14":"purchasable","15":"product-type-simple"},"_links":{"self":[{"href":"https:\/\/boreait.com\/hu\/wp-json\/wp\/v2\/product\/8353","targetHints":{"allow":["GET"]}}],"collection":[{"href":"https:\/\/boreait.com\/hu\/wp-json\/wp\/v2\/product"}],"about":[{"href":"https:\/\/boreait.com\/hu\/wp-json\/wp\/v2\/types\/product"}],"wp:featuredmedia":[{"embeddable":true,"href":"https:\/\/boreait.com\/hu\/wp-json\/wp\/v2\/media\/8403"}],"wp:attachment":[{"href":"https:\/\/boreait.com\/hu\/wp-json\/wp\/v2\/media?parent=8353"}],"wp:term":[{"taxonomy":"product_brand","embeddable":true,"href":"https:\/\/boreait.com\/hu\/wp-json\/wp\/v2\/product_brand?post=8353"},{"taxonomy":"product_cat","embeddable":true,"href":"https:\/\/boreait.com\/hu\/wp-json\/wp\/v2\/product_cat?post=8353"},{"taxonomy":"product_tag","embeddable":true,"href":"https:\/\/boreait.com\/hu\/wp-json\/wp\/v2\/product_tag?post=8353"}],"curies":[{"name":"wp","href":"https:\/\/api.w.org\/{rel}","templated":true}]}}