{"id":8352,"date":"2025-09-17T12:06:07","date_gmt":"2025-09-17T10:06:07","guid":{"rendered":"https:\/\/boreait.com\/hu\/?post_type=product&#038;p=8352"},"modified":"2026-01-27T11:29:57","modified_gmt":"2026-01-27T10:29:57","slug":"hynix-512mb-2rx16-pc2-5300-555-12-ram-laptop-memoriamodul","status":"publish","type":"product","link":"https:\/\/boreait.com\/hu\/termek\/hynix-512mb-2rx16-pc2-5300-555-12-ram-laptop-memoriamodul\/","title":{"rendered":"Hynix 512MB 2Rx16 PC2-5300-555-12 RAM laptop mem\u00f3riamodul"},"content":{"rendered":"<p>N\u00f6velje laptopja teljes\u00edtm\u00e9ny\u00e9t a Hynix 512MB 2Rx16 PC2-5300-555-12 RAM laptop mem\u00f3riamodullal. Ez a z\u00f6kken\u0151mentes kompatibilit\u00e1sra \u00e9s optim\u00e1lis sebess\u00e9gre tervezett mem\u00f3riamodul megb\u00edzhat\u00f3 v\u00e1laszt\u00e1s eszk\u00f6ze friss\u00edt\u00e9s\u00e9hez.<\/p>\n<p>F\u0151bb jellemz\u0151k:<\/p>\n<p>&#8211; Kapacit\u00e1s: 512 MB<\/p>\n<p>&#8211; T\u00edpus: DDR2<\/p>\n<p>&#8211; Sebess\u00e9g: PC2-5300 (667MHz)<\/p>\n<p>&#8211; Konfigur\u00e1ci\u00f3: 2Rx16<\/p>\n<p>&#8211; CAS k\u00e9sleltet\u00e9s: CL5<\/p>\n<p>&#8211; Kompatibilit\u00e1s: laptopmodellek sz\u00e9les sk\u00e1l\u00e1j\u00e1hoz tesztelve<\/p>\n<p>&#8211; Megb\u00edzhat\u00f3 teljes\u00edtm\u00e9ny: \u00c9lvezze a tov\u00e1bbfejlesztett t\u00f6bbfeladatos k\u00e9pess\u00e9geket \u00e9s a g\u00f6rd\u00fcl\u00e9kenyebb m\u0171k\u00f6d\u00e9st ezzel a Hynix mem\u00f3riamodullal.<\/p>\n<p>B\u0151v\u00edtse laptopja mem\u00f3ri\u00e1j\u00e1t m\u00e9g ma a Hynix 512 MB RAM modullal \u2013 intelligens befektet\u00e9s a jobb teljes\u00edtm\u00e9ny \u00e9s hat\u00e9konys\u00e1g \u00e9rdek\u00e9ben. Ha b\u00e1rmilyen k\u00e9rd\u00e9se van, vagy seg\u00edts\u00e9gre van sz\u00fcks\u00e9ge, nyugodtan \u00edrjon nek\u00fcnk. Az\u00e9rt vagyunk itt, hogy seg\u00edts\u00fcnk \u00d6nnek a sz\u00e1m\u00edt\u00e1stechnikai \u00e9lm\u00e9ny jav\u00edt\u00e1s\u00e1ban.<\/p>\n","protected":false},"excerpt":{"rendered":"<p>B\u0151v\u00edtse laptopja mem\u00f3ri\u00e1j\u00e1t ezzel a Hynix 512MB 2Rx16 PC2-5300-555-12 RAM modullal. N\u00f6velje eszk\u00f6ze teljes\u00edtm\u00e9ny\u00e9t megb\u00edzhat\u00f3 mem\u00f3riab\u0151v\u00edt\u00e9ssel. V\u00e1s\u00e1roljon most, \u00e9s tapasztalja meg a tov\u00e1bbfejlesztett multitaskingot!<\/p>\n","protected":false},"featured_media":8402,"template":"","meta":[],"product_brand":[],"product_cat":[41,36],"product_tag":[],"class_list":{"0":"post-8352","1":"product","2":"type-product","3":"status-publish","4":"has-post-thumbnail","6":"product_cat-ddr2","7":"product_cat-ram-memory","9":"first","10":"instock","11":"taxable","12":"shipping-taxable","13":"purchasable","14":"product-type-simple"},"_links":{"self":[{"href":"https:\/\/boreait.com\/hu\/wp-json\/wp\/v2\/product\/8352","targetHints":{"allow":["GET"]}}],"collection":[{"href":"https:\/\/boreait.com\/hu\/wp-json\/wp\/v2\/product"}],"about":[{"href":"https:\/\/boreait.com\/hu\/wp-json\/wp\/v2\/types\/product"}],"wp:featuredmedia":[{"embeddable":true,"href":"https:\/\/boreait.com\/hu\/wp-json\/wp\/v2\/media\/8402"}],"wp:attachment":[{"href":"https:\/\/boreait.com\/hu\/wp-json\/wp\/v2\/media?parent=8352"}],"wp:term":[{"taxonomy":"product_brand","embeddable":true,"href":"https:\/\/boreait.com\/hu\/wp-json\/wp\/v2\/product_brand?post=8352"},{"taxonomy":"product_cat","embeddable":true,"href":"https:\/\/boreait.com\/hu\/wp-json\/wp\/v2\/product_cat?post=8352"},{"taxonomy":"product_tag","embeddable":true,"href":"https:\/\/boreait.com\/hu\/wp-json\/wp\/v2\/product_tag?post=8352"}],"curies":[{"name":"wp","href":"https:\/\/api.w.org\/{rel}","templated":true}]}}