{"id":835,"date":"2025-09-17T09:45:12","date_gmt":"2025-09-17T07:45:12","guid":{"rendered":"https:\/\/boreait.com\/hu\/?post_type=product&#038;p=835"},"modified":"2026-01-07T09:40:48","modified_gmt":"2026-01-07T08:40:48","slug":"710663-001-dell-intel-wireless-802-11ac-wifi-bluetooth-4-0-wlan-kartya","status":"publish","type":"product","link":"https:\/\/boreait.com\/hu\/termek\/710663-001-dell-intel-wireless-802-11ac-wifi-bluetooth-4-0-wlan-kartya\/","title":{"rendered":"710663-001 Dell Intel Wireless 802.11Ac Wifi Bluetooth 4.0 WLAN k\u00e1rtya"},"content":{"rendered":"<p>Fokozza Dell laptopja vezet\u00e9k n\u00e9lk\u00fcli k\u00e9pess\u00e9geit a Dell Intel Wireless 802.11Ac Wifi Bluetooth 4.0 WLAN k\u00e1rty\u00e1val. A nagy teljes\u00edtm\u00e9ny\u0171 vezet\u00e9k n\u00e9lk\u00fcli kapcsolat biztos\u00edt\u00e1s\u00e1ra tervezett k\u00e1rtya gyorsabb internetsebess\u00e9get, megb\u00edzhat\u00f3 vezet\u00e9k n\u00e9lk\u00fcli kapcsolatokat \u00e9s z\u00f6kken\u0151mentes Bluetooth-kapcsolatot biztos\u00edt a z\u00f6kken\u0151mentes sz\u00e1m\u00edt\u00e1stechnikai \u00e9lm\u00e9ny \u00e9rdek\u00e9ben.<\/p>\n<p>A Dell Intel Wireless 802.11Ac Wifi Bluetooth 4.0 WLAN k\u00e1rtya a leg\u00fajabb 802.11ac vezet\u00e9k n\u00e9lk\u00fcli technol\u00f3gi\u00e1t haszn\u00e1lja, amely gyorsabb adat\u00e1tviteli sebess\u00e9get \u00e9s jobb h\u00e1l\u00f3zati hat\u00e9konys\u00e1got k\u00edn\u00e1l az el\u0151z\u0151 gener\u00e1ci\u00f3khoz k\u00e9pest. A k\u00e9ts\u00e1vos frekvenci\u00e1k t\u00e1mogat\u00e1s\u00e1val 2,4 GHz-es \u00e9s 5 GHz-es vezet\u00e9k n\u00e9lk\u00fcli h\u00e1l\u00f3zatokhoz is csatlakozhat, \u00edgy gyorsabb \u00e9s stabilabb internetkapcsolatot \u00e9lvezhet.<\/p>\n<p>A fejlett Wi-Fi k\u00e9pess\u00e9gek mellett ez a k\u00e1rtya Bluetooth 4.0 technol\u00f3gi\u00e1t is tartalmaz. K\u00f6nnyed\u00e9n csatlakoztathat Bluetooth-kompatibilis eszk\u00f6z\u00f6ket, p\u00e9ld\u00e1ul vezet\u00e9k n\u00e9lk\u00fcli billenty\u0171zeteket, egereket, fejhallgat\u00f3kat \u00e9s hangsz\u00f3r\u00f3kat a probl\u00e9mamentes vezet\u00e9k n\u00e9lk\u00fcli \u00e9lm\u00e9ny \u00e9rdek\u00e9ben. \u00c9lvezze a vezet\u00e9k n\u00e9lk\u00fcli szabads\u00e1got \u00e9s k\u00e9nyelmet tov\u00e1bbi k\u00e1belek vagy adapterek n\u00e9lk\u00fcl.<\/p>\n<p>A telep\u00edt\u00e9si folyamat egyszer\u0171, biztos\u00edtva a Dell laptop probl\u00e9mamentes friss\u00edt\u00e9s\u00e9t. Egyszer\u0171en cser\u00e9lje ki megl\u00e9v\u0151 vezet\u00e9k n\u00e9lk\u00fcli k\u00e1rty\u00e1j\u00e1t a Dell Intel Wireless 802.11Ac Wifi Bluetooth 4.0 WLAN k\u00e1rty\u00e1ra, \u00e9s k\u00f6vesse a gy\u00e1rt\u00f3 utas\u00edt\u00e1sait a megfelel\u0151 telep\u00edt\u00e9shez.<\/p>\n<p>Friss\u00edtse Dell laptopja vezet\u00e9k n\u00e9lk\u00fcli kapcsolat\u00e1t a Dell Intel Wireless 802.11Ac Wifi Bluetooth 4.0 WLAN k\u00e1rty\u00e1val, \u00e9s tapasztalja meg a gyorsabb internetsebess\u00e9get, a megb\u00edzhat\u00f3 vezet\u00e9k n\u00e9lk\u00fcli kapcsolatokat \u00e9s a z\u00f6kken\u0151mentes Bluetooth-kapcsolatot. Maradjon kapcsolatban, b\u00e1rhov\u00e1 is megy, \u00e9s \u00e9lvezze a g\u00f6rd\u00fcl\u00e9kenyebb sz\u00e1m\u00edt\u00e1stechnikai \u00e9lm\u00e9nyt a tov\u00e1bbfejlesztett vezet\u00e9k n\u00e9lk\u00fcli teljes\u00edtm\u00e9ny mellett.<\/p>\n","protected":false},"excerpt":{"rendered":"<p>B\u0151v\u00edtse Dell laptopja vezet\u00e9k n\u00e9lk\u00fcli kapcsolat\u00e1t a Dell Intel Wireless 802.11Ac Wifi Bluetooth 4.0 WLAN k\u00e1rty\u00e1val. \u00c9lvezze a gyorsabb internetsebess\u00e9get, a megb\u00edzhat\u00f3 vezet\u00e9k n\u00e9lk\u00fcli kapcsolatokat \u00e9s a z\u00f6kken\u0151mentes Bluetooth-kapcsolatot a z\u00f6kken\u0151mentes sz\u00e1m\u00edt\u00e1stechnikai \u00e9lm\u00e9ny \u00e9rdek\u00e9ben.<\/p>\n","protected":false},"featured_media":866,"template":"","meta":[],"product_brand":[],"product_cat":[27],"product_tag":[17],"class_list":{"0":"post-835","1":"product","2":"type-product","3":"status-publish","4":"has-post-thumbnail","6":"product_cat-motherboards-board-parts","7":"product_tag-dell","9":"first","10":"instock","11":"taxable","12":"shipping-taxable","13":"purchasable","14":"product-type-simple"},"_links":{"self":[{"href":"https:\/\/boreait.com\/hu\/wp-json\/wp\/v2\/product\/835","targetHints":{"allow":["GET"]}}],"collection":[{"href":"https:\/\/boreait.com\/hu\/wp-json\/wp\/v2\/product"}],"about":[{"href":"https:\/\/boreait.com\/hu\/wp-json\/wp\/v2\/types\/product"}],"wp:featuredmedia":[{"embeddable":true,"href":"https:\/\/boreait.com\/hu\/wp-json\/wp\/v2\/media\/866"}],"wp:attachment":[{"href":"https:\/\/boreait.com\/hu\/wp-json\/wp\/v2\/media?parent=835"}],"wp:term":[{"taxonomy":"product_brand","embeddable":true,"href":"https:\/\/boreait.com\/hu\/wp-json\/wp\/v2\/product_brand?post=835"},{"taxonomy":"product_cat","embeddable":true,"href":"https:\/\/boreait.com\/hu\/wp-json\/wp\/v2\/product_cat?post=835"},{"taxonomy":"product_tag","embeddable":true,"href":"https:\/\/boreait.com\/hu\/wp-json\/wp\/v2\/product_tag?post=835"}],"curies":[{"name":"wp","href":"https:\/\/api.w.org\/{rel}","templated":true}]}}