{"id":8340,"date":"2025-09-17T12:05:44","date_gmt":"2025-09-17T10:05:44","guid":{"rendered":"https:\/\/boreait.com\/hu\/?post_type=product&#038;p=8340"},"modified":"2026-01-27T11:29:43","modified_gmt":"2026-01-27T10:29:43","slug":"eredeti-ibm-lenovo-t60-egergombok-erintopad-39t7208-39t7210","status":"publish","type":"product","link":"https:\/\/boreait.com\/hu\/termek\/eredeti-ibm-lenovo-t60-egergombok-erintopad-39t7208-39t7210\/","title":{"rendered":"Eredeti IBM Lenovo T60 eg\u00e9rgombok \u00e9rint\u0151pad 39T7208 39T7210"},"content":{"rendered":"<p>Fokozza IBM Lenovo T60 laptopja haszn\u00e1lhat\u00f3s\u00e1g\u00e1t az eredeti Mouse Buttons \u00e9rint\u0151paddal, amely kompatibilis a 39T7208 \u00e9s 39T7210 cikksz\u00e1mokkal. A tart\u00f3ss\u00e1gra \u00e9s kompatibilit\u00e1sra kialak\u00edtott hiteles cserealkatr\u00e9szek megb\u00edzhat\u00f3 teljes\u00edtm\u00e9nyt \u00e9s egyszer\u0171 telep\u00edt\u00e9st biztos\u00edtanak.<\/p>\n<p>F\u0151bb jellemz\u0151k:<\/p>\n<p>&#8211; Eredeti IBM Lenovo csere: Biztos\u00edtsa a kompatibilit\u00e1st \u00e9s a megb\u00edzhat\u00f3s\u00e1got az eredeti cserealkatr\u00e9szekkel.<\/p>\n<p>&#8211; K\u00f6nny\u0171 telep\u00edt\u00e9s: Egyszer\u0171 telep\u00edt\u00e9ssel k\u00f6nnyed\u00e9n friss\u00edtheti laptopja \u00e9rint\u0151padj\u00e1t.<\/p>\n<p>&#8211; Tov\u00e1bbfejlesztett haszn\u00e1lhat\u00f3s\u00e1g: Jav\u00edtsa laptopja funkcionalit\u00e1s\u00e1t az \u00e9rz\u00e9keny eg\u00e9rgombokkal.<\/p>\n<p>&#8211; Tart\u00f3s konstrukci\u00f3: \u00fagy k\u00e9sz\u00fclt, hogy ellen\u00e1lljon a mindennapi haszn\u00e1latnak, \u00edgy biztos\u00edtva a hossz\u00fa \u00e9lettartamot \u00e9s a megb\u00edzhat\u00f3s\u00e1got.<\/p>\n<p>Friss\u00edtse IBM Lenovo T60 laptopj\u00e1t m\u00e9g ma az eredeti Mouse Buttons Touchpad seg\u00edts\u00e9g\u00e9vel. V\u00e1s\u00e1roljon bizalommal, tudva, hogy min\u0151s\u00e9gi cserealkatr\u00e9szekbe fektet be k\u00e9sz\u00fcl\u00e9k\u00e9hez. Ha k\u00e9rd\u00e9se van, vagy seg\u00edts\u00e9gre van sz\u00fcks\u00e9ge, ne habozzon kapcsolatba l\u00e9pni vel\u00fcnk. Az\u00e9rt vagyunk itt, hogy seg\u00edts\u00fcnk laptopja haszn\u00e1lhat\u00f3s\u00e1g\u00e1nak jav\u00edt\u00e1s\u00e1ban.<\/p>\n","protected":false},"excerpt":{"rendered":"<p>Friss\u00edtse IBM Lenovo T60 \u00e9rint\u0151padj\u00e1t ezzel az eredeti Mouse Buttons \u00e9rint\u0151paddal. K\u00f6nnyen telep\u00edthet\u0151 \u00e9s kompatibilis a 39T7208 \u00e9s 39T7210 cikksz\u00e1mokkal. N\u00f6velje laptopja haszn\u00e1lhat\u00f3s\u00e1g\u00e1t m\u00e9g ma!<\/p>\n","protected":false},"featured_media":8400,"template":"","meta":[],"product_brand":[],"product_cat":[42],"product_tag":[26],"class_list":{"0":"post-8340","1":"product","2":"type-product","3":"status-publish","4":"has-post-thumbnail","6":"product_cat-laptop-touchpads","7":"product_tag-lenovo","9":"first","10":"instock","11":"taxable","12":"shipping-taxable","13":"purchasable","14":"product-type-simple"},"_links":{"self":[{"href":"https:\/\/boreait.com\/hu\/wp-json\/wp\/v2\/product\/8340","targetHints":{"allow":["GET"]}}],"collection":[{"href":"https:\/\/boreait.com\/hu\/wp-json\/wp\/v2\/product"}],"about":[{"href":"https:\/\/boreait.com\/hu\/wp-json\/wp\/v2\/types\/product"}],"wp:featuredmedia":[{"embeddable":true,"href":"https:\/\/boreait.com\/hu\/wp-json\/wp\/v2\/media\/8400"}],"wp:attachment":[{"href":"https:\/\/boreait.com\/hu\/wp-json\/wp\/v2\/media?parent=8340"}],"wp:term":[{"taxonomy":"product_brand","embeddable":true,"href":"https:\/\/boreait.com\/hu\/wp-json\/wp\/v2\/product_brand?post=8340"},{"taxonomy":"product_cat","embeddable":true,"href":"https:\/\/boreait.com\/hu\/wp-json\/wp\/v2\/product_cat?post=8340"},{"taxonomy":"product_tag","embeddable":true,"href":"https:\/\/boreait.com\/hu\/wp-json\/wp\/v2\/product_tag?post=8340"}],"curies":[{"name":"wp","href":"https:\/\/api.w.org\/{rel}","templated":true}]}}