{"id":834,"date":"2025-09-17T09:45:12","date_gmt":"2025-09-17T07:45:12","guid":{"rendered":"https:\/\/boreait.com\/hu\/?post_type=product&#038;p=834"},"modified":"2026-01-07T14:42:51","modified_gmt":"2026-01-07T13:42:51","slug":"lenovo-thinkpad-t440-hangszoro-hangszoro-pk23000jj00","status":"publish","type":"product","link":"https:\/\/boreait.com\/hu\/termek\/lenovo-thinkpad-t440-hangszoro-hangszoro-pk23000jj00\/","title":{"rendered":"Lenovo Thinkpad T440 Hangsz\u00f3r\u00f3 Hangsz\u00f3r\u00f3 PK23000JJ00"},"content":{"rendered":"<p>Fokozza Lenovo Thinkpad T440 audiofunkci\u00f3it az eredeti Lenovo Thinkpad T440 PK23000JJ00 hangsz\u00f3r\u00f3 hangsz\u00f3r\u00f3val. A kifejezetten a T440 modellhez tervezett cserehangsz\u00f3r\u00f3 kiv\u00e1l\u00f3 min\u0151s\u00e9g\u0171 hangkimenetet biztos\u00edt a mag\u00e1val ragad\u00f3 hang\u00e9lm\u00e9ny \u00e9rdek\u00e9ben.<\/p>\n<p>A Lenovo Thinkpad T440 Speaker Soundspeaker PK23000JJ00 egy megb\u00edzhat\u00f3 \u00e9s tart\u00f3s hangsz\u00f3r\u00f3, amely ugyanazoknak a specifik\u00e1ci\u00f3knak \u00e9s szabv\u00e1nyoknak felel meg, mint a laptopj\u00e1hoz mell\u00e9kelt eredeti hangsz\u00f3r\u00f3. Tiszta \u00e9s \u00e9les hangz\u00e1st biztos\u00edt, lehet\u0151v\u00e9 t\u00e9ve, hogy kedvenc zen\u00e9it, filmjeit \u00e9s vide\u00f3it tov\u00e1bbfejlesztett hangmin\u0151s\u00e9ggel \u00e9lvezze.<\/p>\n<p>A Lenovo Thinkpad T440 hangsz\u00f3r\u00f3 Soundspeaker PK23000JJ00 telep\u00edt\u00e9se gyerekj\u00e1t\u00e9k, \u00edgy k\u00f6nnyed\u00e9n kicser\u00e9lheti a hib\u00e1s vagy s\u00e9r\u00fclt hangsz\u00f3r\u00f3t. Minim\u00e1lis er\u0151fesz\u00edt\u00e9ssel helyre\u00e1ll\u00edthatja laptopja audiofunkci\u00f3it, \u00e9s \u00e9lvezheti a Lenovo Thinkpad T440-t\u0151l elv\u00e1rt mag\u00e1val ragad\u00f3 hang\u00e9lm\u00e9nyt.<\/p>\n<p>K\u00e9rj\u00fck, vegye figyelembe, hogy a megfelel\u0151 telep\u00edt\u00e9s kulcsfontoss\u00e1g\u00fa a hangsz\u00f3r\u00f3 optim\u00e1lis teljes\u00edtm\u00e9ny\u00e9nek biztos\u00edt\u00e1s\u00e1hoz. Ha nem biztos a telep\u00edt\u00e9si folyamatban, javasoljuk, hogy k\u00e9rjen szak\u00e9rt\u0151i seg\u00edts\u00e9get, vagy olvassa el a gy\u00e1rt\u00f3 \u00fatmutat\u00e1sait.<\/p>\n<p>Friss\u00edtse Lenovo Thinkpad T440 k\u00e9sz\u00fcl\u00e9k\u00e9t az eredeti Lenovo Thinkpad T440 Speaker Soundspeaker PK23000JJ00 hangsz\u00f3r\u00f3val, \u00e9s emelje hang\u00e9lm\u00e9ny\u00e9t a k\u00f6vetkez\u0151 szintre. \u00c9lvezze a tiszta \u00e9s kiv\u00e1l\u00f3 min\u0151s\u00e9g\u0171 hangz\u00e1st minden multim\u00e9di\u00e1s ig\u00e9ny\u00e9nek kiel\u00e9g\u00edt\u00e9s\u00e9re, ak\u00e1r filmeket n\u00e9z, zen\u00e9t hallgat, ak\u00e1r konferenciah\u00edv\u00e1sokban vesz r\u00e9szt.<\/p>\n","protected":false},"excerpt":{"rendered":"<p>Cser\u00e9lje ki a Lenovo Thinkpad T440 hib\u00e1s vagy s\u00e9r\u00fclt hangsz\u00f3r\u00f3j\u00e1t az eredeti Lenovo Thinkpad T440 PK23000JJ00 hangsz\u00f3r\u00f3 hangsz\u00f3r\u00f3ra. \u00c9lvezze a kiv\u00e1l\u00f3 min\u0151s\u00e9g\u0171 hangkimenetet a mag\u00e1val ragad\u00f3 hang\u00e9lm\u00e9ny\u00e9rt. Az egyszer\u0171 telep\u00edt\u00e9s biztos\u00edtja a probl\u00e9mamentes cser\u00e9t.<\/p>\n","protected":false},"featured_media":865,"template":"","meta":[],"product_brand":[],"product_cat":[18],"product_tag":[26],"class_list":{"0":"post-834","1":"product","2":"type-product","3":"status-publish","4":"has-post-thumbnail","6":"product_cat-laptop-speakers","7":"product_tag-lenovo","9":"first","10":"instock","11":"taxable","12":"shipping-taxable","13":"purchasable","14":"product-type-simple"},"_links":{"self":[{"href":"https:\/\/boreait.com\/hu\/wp-json\/wp\/v2\/product\/834","targetHints":{"allow":["GET"]}}],"collection":[{"href":"https:\/\/boreait.com\/hu\/wp-json\/wp\/v2\/product"}],"about":[{"href":"https:\/\/boreait.com\/hu\/wp-json\/wp\/v2\/types\/product"}],"wp:featuredmedia":[{"embeddable":true,"href":"https:\/\/boreait.com\/hu\/wp-json\/wp\/v2\/media\/865"}],"wp:attachment":[{"href":"https:\/\/boreait.com\/hu\/wp-json\/wp\/v2\/media?parent=834"}],"wp:term":[{"taxonomy":"product_brand","embeddable":true,"href":"https:\/\/boreait.com\/hu\/wp-json\/wp\/v2\/product_brand?post=834"},{"taxonomy":"product_cat","embeddable":true,"href":"https:\/\/boreait.com\/hu\/wp-json\/wp\/v2\/product_cat?post=834"},{"taxonomy":"product_tag","embeddable":true,"href":"https:\/\/boreait.com\/hu\/wp-json\/wp\/v2\/product_tag?post=834"}],"curies":[{"name":"wp","href":"https:\/\/api.w.org\/{rel}","templated":true}]}}