{"id":8339,"date":"2025-09-17T12:05:44","date_gmt":"2025-09-17T10:05:44","guid":{"rendered":"https:\/\/boreait.com\/hu\/?post_type=product&#038;p=8339"},"modified":"2026-01-27T11:29:29","modified_gmt":"2026-01-27T10:29:29","slug":"eredeti-lenovo-thinkpad-t61-hdd-merevlemez-fedel-42w2497","status":"publish","type":"product","link":"https:\/\/boreait.com\/hu\/termek\/eredeti-lenovo-thinkpad-t61-hdd-merevlemez-fedel-42w2497\/","title":{"rendered":"Eredeti Lenovo ThinkPad T61 HDD merevlemez-fed\u00e9l 42W2497"},"content":{"rendered":"<p>Fokozza \u00e9s v\u00e9dje Lenovo ThinkPad T61 laptopj\u00e1t a 42W2497 cikksz\u00e1m\u00fa, eredeti HDD merevlemez-fed\u00e9llel. A tart\u00f3ss\u00e1gra \u00e9s kompatibilit\u00e1sra tervezett hiteles cserealkatr\u00e9sz biztos\u00edtja, hogy merevlemeze biztons\u00e1gosan le legyen fedve \u00e9s v\u00e9dve legyen.<\/p>\n<p>F\u0151bb jellemz\u0151k:<\/p>\n<p>&#8211; Eredeti Lenovo csere: A kompatibilit\u00e1s \u00e9s a megb\u00edzhat\u00f3s\u00e1g biztos\u00edt\u00e1sa hiteles cserealkatr\u00e9szekkel.<\/p>\n<p>&#8211; K\u00f6nny\u0171 telep\u00edt\u00e9s: Egyszer\u0171 telep\u00edt\u00e9ssel k\u00f6nnyed\u00e9n friss\u00edtheti eszk\u00f6z\u00e9t.<\/p>\n<p>&#8211; Fokozott v\u00e9delem: v\u00e9di a merevlemez ter\u00fclet\u00e9t a port\u00f3l, t\u00f6rmel\u00e9kt\u0151l \u00e9s az esetleges s\u00e9r\u00fcl\u00e9sekt\u0151l.<\/p>\n<p>&#8211; Tart\u00f3s konstrukci\u00f3: \u00dagy tervezt\u00e9k, hogy ellen\u00e1lljon a rendszeres haszn\u00e1latnak, \u00edgy biztos\u00edtva a hossz\u00fa \u00e9lettartamot \u00e9s a megb\u00edzhat\u00f3s\u00e1got.<\/p>\n<p>Friss\u00edtse Lenovo ThinkPad T61 laptopj\u00e1t m\u00e9g ma az eredeti HDD merevlemez-fed\u00e9llel. V\u00e1s\u00e1roljon bizalommal, tudva, hogy min\u0151s\u00e9gi cserealkatr\u00e9szekbe fektet be k\u00e9sz\u00fcl\u00e9k\u00e9hez. Ha k\u00e9rd\u00e9se van, vagy seg\u00edts\u00e9gre van sz\u00fcks\u00e9ge, ne habozzon kapcsolatba l\u00e9pni vel\u00fcnk. Az\u00e9rt vagyunk itt, hogy seg\u00edts\u00fcnk eszk\u00f6ze v\u00e9delm\u00e9nek \u00e9s funkcionalit\u00e1s\u00e1nak fokoz\u00e1s\u00e1ban.<\/p>\n","protected":false},"excerpt":{"rendered":"<p>Friss\u00edtse Lenovo ThinkPad T61 k\u00e9sz\u00fcl\u00e9k\u00e9t ezzel az eredeti HDD merevlemez-fed\u00e9llel. K\u00f6nnyen telep\u00edthet\u0151 \u00e9s kompatibilis a 42W2497 cikksz\u00e1mmal. V\u00e9dje \u00e9s jav\u00edtsa laptopja merevlemez-ter\u00fclet\u00e9t m\u00e9g ma!<\/p>\n","protected":false},"featured_media":8399,"template":"","meta":[],"product_brand":[],"product_cat":[16],"product_tag":[26],"class_list":{"0":"post-8339","1":"product","2":"type-product","3":"status-publish","4":"has-post-thumbnail","6":"product_cat-laptop-housing","7":"product_tag-lenovo","9":"first","10":"instock","11":"taxable","12":"shipping-taxable","13":"purchasable","14":"product-type-simple"},"_links":{"self":[{"href":"https:\/\/boreait.com\/hu\/wp-json\/wp\/v2\/product\/8339","targetHints":{"allow":["GET"]}}],"collection":[{"href":"https:\/\/boreait.com\/hu\/wp-json\/wp\/v2\/product"}],"about":[{"href":"https:\/\/boreait.com\/hu\/wp-json\/wp\/v2\/types\/product"}],"wp:featuredmedia":[{"embeddable":true,"href":"https:\/\/boreait.com\/hu\/wp-json\/wp\/v2\/media\/8399"}],"wp:attachment":[{"href":"https:\/\/boreait.com\/hu\/wp-json\/wp\/v2\/media?parent=8339"}],"wp:term":[{"taxonomy":"product_brand","embeddable":true,"href":"https:\/\/boreait.com\/hu\/wp-json\/wp\/v2\/product_brand?post=8339"},{"taxonomy":"product_cat","embeddable":true,"href":"https:\/\/boreait.com\/hu\/wp-json\/wp\/v2\/product_cat?post=8339"},{"taxonomy":"product_tag","embeddable":true,"href":"https:\/\/boreait.com\/hu\/wp-json\/wp\/v2\/product_tag?post=8339"}],"curies":[{"name":"wp","href":"https:\/\/api.w.org\/{rel}","templated":true}]}}