{"id":8338,"date":"2025-09-17T12:05:44","date_gmt":"2025-09-17T10:05:44","guid":{"rendered":"https:\/\/boreait.com\/hu\/?post_type=product&#038;p=8338"},"modified":"2026-01-27T11:29:14","modified_gmt":"2026-01-27T10:29:14","slug":"eredeti-lenovo-thinkpad-t61-ujjlenyomat-olvaso-42w3007","status":"publish","type":"product","link":"https:\/\/boreait.com\/hu\/termek\/eredeti-lenovo-thinkpad-t61-ujjlenyomat-olvaso-42w3007\/","title":{"rendered":"Eredeti Lenovo ThinkPad T61 ujjlenyomat olvas\u00f3 42W3007"},"content":{"rendered":"<p>N\u00f6velje Lenovo ThinkPad T61 laptopja biztons\u00e1g\u00e1t \u00e9s funkcionalit\u00e1s\u00e1t az eredeti 42W3007 cikksz\u00e1m\u00fa ujjlenyomat-olvas\u00f3val. A z\u00f6kken\u0151mentes kompatibilit\u00e1s \u00e9s a megb\u00edzhat\u00f3 teljes\u00edtm\u00e9ny \u00e9rdek\u00e9ben ez az autentikus cserealkatr\u00e9sz tov\u00e1bbi biztons\u00e1gi r\u00e9teget biztos\u00edt eszk\u00f6ze sz\u00e1m\u00e1ra.<\/p>\n<p>F\u0151bb jellemz\u0151k:<\/p>\n<p>&#8211; Eredeti Lenovo csere: A kompatibilit\u00e1s \u00e9s a megb\u00edzhat\u00f3s\u00e1g biztos\u00edt\u00e1sa hiteles cserealkatr\u00e9szekkel.<\/p>\n<p>&#8211; K\u00f6nny\u0171 telep\u00edt\u00e9s: Egyszer\u0171 telep\u00edt\u00e9ssel k\u00f6nnyed\u00e9n n\u00f6velheti laptopja biztons\u00e1g\u00e1t.<\/p>\n<p>&#8211; Fokozott biztons\u00e1g: A jobb v\u00e9delem \u00e9rdek\u00e9ben adjon biometrikus biztons\u00e1got Lenovo ThinkPad T61 k\u00e9sz\u00fcl\u00e9k\u00e9hez.<\/p>\n<p>&#8211; Megb\u00edzhat\u00f3 teljes\u00edtm\u00e9ny: \u00c9lvezze a folyamatos \u00e9s megb\u00edzhat\u00f3 teljes\u00edtm\u00e9nyt ezzel a tart\u00f3s ujjlenyomat-olvas\u00f3val.<\/p>\n<p>Friss\u00edtse Lenovo ThinkPad T61 laptopj\u00e1t m\u00e9g ma az eredeti ujjlenyomat-olvas\u00f3val. V\u00e1s\u00e1roljon bizalommal, tudva, hogy laptopja min\u0151s\u00e9gi cserealkatr\u00e9sz\u00e9be fektet be. Ha k\u00e9rd\u00e9se van, vagy seg\u00edts\u00e9gre van sz\u00fcks\u00e9ge, ne habozzon kapcsolatba l\u00e9pni vel\u00fcnk. Az\u00e9rt vagyunk itt, hogy seg\u00edts\u00fcnk eszk\u00f6ze biztons\u00e1g\u00e1nak \u00e9s funkcionalit\u00e1s\u00e1nak fokoz\u00e1s\u00e1ban.<\/p>\n","protected":false},"excerpt":{"rendered":"<p>N\u00f6velje Lenovo ThinkPad T61 biztons\u00e1g\u00e1t ezzel az eredeti ujjlenyomat-olvas\u00f3val. K\u00f6nnyen telep\u00edthet\u0151 \u00e9s kompatibilis a 42W3007 cikksz\u00e1mmal. Friss\u00edtse laptopja biztons\u00e1gi funkci\u00f3it m\u00e9g ma!<\/p>\n","protected":false},"featured_media":8398,"template":"","meta":[],"product_brand":[],"product_cat":[27],"product_tag":[26],"class_list":{"0":"post-8338","1":"product","2":"type-product","3":"status-publish","4":"has-post-thumbnail","6":"product_cat-motherboards-board-parts","7":"product_tag-lenovo","9":"first","10":"instock","11":"taxable","12":"shipping-taxable","13":"purchasable","14":"product-type-simple"},"_links":{"self":[{"href":"https:\/\/boreait.com\/hu\/wp-json\/wp\/v2\/product\/8338","targetHints":{"allow":["GET"]}}],"collection":[{"href":"https:\/\/boreait.com\/hu\/wp-json\/wp\/v2\/product"}],"about":[{"href":"https:\/\/boreait.com\/hu\/wp-json\/wp\/v2\/types\/product"}],"wp:featuredmedia":[{"embeddable":true,"href":"https:\/\/boreait.com\/hu\/wp-json\/wp\/v2\/media\/8398"}],"wp:attachment":[{"href":"https:\/\/boreait.com\/hu\/wp-json\/wp\/v2\/media?parent=8338"}],"wp:term":[{"taxonomy":"product_brand","embeddable":true,"href":"https:\/\/boreait.com\/hu\/wp-json\/wp\/v2\/product_brand?post=8338"},{"taxonomy":"product_cat","embeddable":true,"href":"https:\/\/boreait.com\/hu\/wp-json\/wp\/v2\/product_cat?post=8338"},{"taxonomy":"product_tag","embeddable":true,"href":"https:\/\/boreait.com\/hu\/wp-json\/wp\/v2\/product_tag?post=8338"}],"curies":[{"name":"wp","href":"https:\/\/api.w.org\/{rel}","templated":true}]}}