{"id":8337,"date":"2025-09-17T12:05:44","date_gmt":"2025-09-17T10:05:44","guid":{"rendered":"https:\/\/boreait.com\/hu\/?post_type=product&#038;p=8337"},"modified":"2025-09-17T12:06:45","modified_gmt":"2025-09-17T10:06:45","slug":"seagate-momentus-5400-60-gb-2-5-laptop-merevlemez-eredeti-csere","status":"publish","type":"product","link":"https:\/\/boreait.com\/hu\/termek\/seagate-momentus-5400-60-gb-2-5-laptop-merevlemez-eredeti-csere\/","title":{"rendered":"Seagate Momentus 5400 60 GB 2.5 laptop merevlemez \u2013 eredeti csere"},"content":{"rendered":"<p>EG\u00c9SZS\u00c9G 100%<\/p>\n<p>N\u00f6velje laptopja t\u00e1rol\u00f3kapacit\u00e1s\u00e1t a Seagate Momentus 5400 60 GB-os 2,5 h\u00fcvelykes merevlemezzel. A megb\u00edzhat\u00f3s\u00e1gra \u00e9s a teljes\u00edtm\u00e9nyre tervezett eredeti cserealkatr\u00e9sz t\u00f6k\u00e9letes a laptop funkcionalit\u00e1s\u00e1nak fokoz\u00e1s\u00e1ra.<\/p>\n<p>F\u0151bb jellemz\u0151k:<\/p>\n<p>&#8211; Kapacit\u00e1s: 60 GB<\/p>\n<p>&#8211; Sebess\u00e9g: 5400 RPM<\/p>\n<p>&#8211; Format\u00e9nyez\u0151: 2,5&#8243;<\/p>\n<p>&#8211; Interf\u00e9sz: SATA<\/p>\n<p>&#8211; Eredeti Seagate alkatr\u00e9sz: A kompatibilit\u00e1s \u00e9s a megb\u00edzhat\u00f3s\u00e1g biztos\u00edt\u00e1sa hiteles cserealkatr\u00e9szekkel.<\/p>\n<p>&#8211; Tov\u00e1bbfejlesztett t\u00e1rol\u00f3kapacit\u00e1s: Ide\u00e1lis laptopja t\u00e1rhely\u00e9nek n\u00f6vel\u00e9s\u00e9hez a jobb funkcionalit\u00e1s \u00e9rdek\u00e9ben.<\/p>\n<p>&#8211; Tart\u00f3s \u00e9s megb\u00edzhat\u00f3: A Seagate megb\u00edzhat\u00f3 technol\u00f3gi\u00e1j\u00e1val tart\u00f3sra tervezt\u00e9k.<\/p>\n<p>Friss\u00edtse laptopja teljes\u00edtm\u00e9ny\u00e9t:<\/p>\n<p>Tapasztalja meg a tov\u00e1bbfejlesztett t\u00e1rol\u00e1si lehet\u0151s\u00e9geket \u00e9s a jobb teljes\u00edtm\u00e9nyt laptopja merevlemez\u00e9nek b\u0151v\u00edt\u00e9s\u00e9vel. Ak\u00e1r egy profi, aki extra t\u00e1rhelyre van sz\u00fcks\u00e9ge, ak\u00e1r egy h\u00e9tk\u00f6znapi felhaszn\u00e1l\u00f3, aki szeretn\u00e9 n\u00f6velni eszk\u00f6ze kapacit\u00e1s\u00e1t, ez a Seagate Momentus merevlemez kiv\u00e1l\u00f3 v\u00e1laszt\u00e1s.<\/p>\n<p>Egyszer\u0171 telep\u00edt\u00e9s:<\/p>\n<p>Felhaszn\u00e1l\u00f3bar\u00e1t telep\u00edt\u00e9sre tervezt\u00e9k, \u00edgy a laptop t\u00e1rhely\u00e9nek b\u0151v\u00edt\u00e9se probl\u00e9mamentes. N\u00f6velje eszk\u00f6ze sebess\u00e9g\u00e9t \u00e9s v\u00e1laszk\u00e9szs\u00e9g\u00e9t ezzel a megb\u00edzhat\u00f3 merevlemezzel.<\/p>\n<p>Min\u0151s\u00e9gbiztos\u00edt\u00e1s:<\/p>\n<p>Biztos lehet benne, hogy az eredeti Seagate technol\u00f3gi\u00e1ba fektet be. Minden term\u00e9k\u00fcnk szigor\u00fa tesztel\u00e9sen esik \u00e1t, hogy megfeleljen a magas min\u0151s\u00e9gi el\u0151\u00edr\u00e1soknak. Minden v\u00e1s\u00e1rl\u00e1s val\u00f3di f\u00e9nyk\u00e9peket tartalmaz a pontos alkatr\u00e9szekr\u0151l, amelyeket megkap.<\/p>\n<p>Friss\u00edtse laptopj\u00e1t m\u00e9g ma a Seagate Momentus 5400 60 GB-os 2,5 h\u00fcvelykes merevlemezzel \u2013 egy intelligens befektet\u00e9s a jobb teljes\u00edtm\u00e9ny \u00e9s hat\u00e9konys\u00e1g \u00e9rdek\u00e9ben. Ha b\u00e1rmilyen k\u00e9rd\u00e9se van, vagy seg\u00edts\u00e9gre van sz\u00fcks\u00e9ge, nyugodtan \u00edrjon nek\u00fcnk. Az\u00e9rt vagyunk itt, hogy seg\u00edts\u00fcnk jav\u00edtani a sz\u00e1m\u00edt\u00e1stechnikai \u00e9lm\u00e9nyt.<\/p>\n","protected":false},"excerpt":{"rendered":"<p>EG\u00c9SZS\u00c9G 100%<\/p>\n<p>B\u0151v\u00edtse laptopja t\u00e1rhely\u00e9t a Seagate Momentus 5400 60 GB-os 2,5 h\u00fcvelykes merevlemezzel. K\u00f6nnyen telep\u00edthet\u0151 \u00e9s megb\u00edzhat\u00f3, ez az eredeti cserealkatr\u00e9sz nagyobb t\u00e1rol\u00f3kapacit\u00e1st \u00e9s teljes\u00edtm\u00e9nyt k\u00edn\u00e1l. T\u00f6k\u00e9letes a k\u00fcl\u00f6nb\u00f6z\u0151 laptopmodellekhez. B\u0151v\u00edtse laptopja t\u00e1rhely\u00e9t m\u00e9g ma!<\/p>\n","protected":false},"featured_media":8397,"template":"","meta":[],"product_brand":[],"product_cat":[61,31],"product_tag":[],"class_list":{"0":"post-8337","1":"product","2":"type-product","3":"status-publish","4":"has-post-thumbnail","6":"product_cat-2-5-hdd","7":"product_cat-ssd-hdd-drives","9":"first","10":"instock","11":"taxable","12":"shipping-taxable","13":"purchasable","14":"product-type-simple"},"_links":{"self":[{"href":"https:\/\/boreait.com\/hu\/wp-json\/wp\/v2\/product\/8337","targetHints":{"allow":["GET"]}}],"collection":[{"href":"https:\/\/boreait.com\/hu\/wp-json\/wp\/v2\/product"}],"about":[{"href":"https:\/\/boreait.com\/hu\/wp-json\/wp\/v2\/types\/product"}],"wp:featuredmedia":[{"embeddable":true,"href":"https:\/\/boreait.com\/hu\/wp-json\/wp\/v2\/media\/8397"}],"wp:attachment":[{"href":"https:\/\/boreait.com\/hu\/wp-json\/wp\/v2\/media?parent=8337"}],"wp:term":[{"taxonomy":"product_brand","embeddable":true,"href":"https:\/\/boreait.com\/hu\/wp-json\/wp\/v2\/product_brand?post=8337"},{"taxonomy":"product_cat","embeddable":true,"href":"https:\/\/boreait.com\/hu\/wp-json\/wp\/v2\/product_cat?post=8337"},{"taxonomy":"product_tag","embeddable":true,"href":"https:\/\/boreait.com\/hu\/wp-json\/wp\/v2\/product_tag?post=8337"}],"curies":[{"name":"wp","href":"https:\/\/api.w.org\/{rel}","templated":true}]}}