{"id":8336,"date":"2025-09-17T12:05:43","date_gmt":"2025-09-17T10:05:43","guid":{"rendered":"https:\/\/boreait.com\/hu\/?post_type=product&#038;p=8336"},"modified":"2026-01-27T11:28:07","modified_gmt":"2026-01-27T10:28:07","slug":"eredeti-lenovo-thinkpad-x230-x230i-webkamera-keszlet","status":"publish","type":"product","link":"https:\/\/boreait.com\/hu\/termek\/eredeti-lenovo-thinkpad-x230-x230i-webkamera-keszlet\/","title":{"rendered":"Eredeti Lenovo ThinkPad X230 X230i webkamera k\u00e9szlet"},"content":{"rendered":"<p>Fokozza Lenovo ThinkPad X230 vagy X230i vide\u00f3k\u00e9pess\u00e9g\u00e9t az eredeti webkamera k\u00e9szlettel. A z\u00f6kken\u0151mentes integr\u00e1ci\u00f3ra tervezett hiteles cserealkatr\u00e9sz kiv\u00e1l\u00f3 vide\u00f3min\u0151s\u00e9get biztos\u00edt minden konferencia- \u00e9s kommunik\u00e1ci\u00f3s ig\u00e9ny\u00e9hez.<\/p>\n<p>F\u0151bb jellemz\u0151k:<\/p>\n<p>&#8211; Eredeti Lenovo csere: A kompatibilit\u00e1s \u00e9s a megb\u00edzhat\u00f3s\u00e1g biztos\u00edt\u00e1sa hiteles cserealkatr\u00e9szekkel.<\/p>\n<p>&#8211; K\u00f6nny\u0171 telep\u00edt\u00e9s: Egyszer\u0171 telep\u00edt\u00e9ssel k\u00f6nnyed\u00e9n friss\u00edtheti laptopj\u00e1t.<\/p>\n<p>&#8211; Kiv\u00e1l\u00f3 vide\u00f3min\u0151s\u00e9g: \u00c9lvezze a tiszta \u00e9s \u00e9les vide\u00f3t minden videokonferencia- \u00e9s kommunik\u00e1ci\u00f3s ig\u00e9ny\u00e9hez.<\/p>\n<p>&#8211; Kompatibilit\u00e1s: kifejezetten a Lenovo ThinkPad X230 \u00e9s X230i modellekhez tervezt\u00e9k.<\/p>\n<p>Friss\u00edtse laptopja teljes\u00edtm\u00e9ny\u00e9t:<\/p>\n<p>Tapasztalja meg a jobb vide\u00f3min\u0151s\u00e9get \u00e9s a tov\u00e1bbfejlesztett funkcionalit\u00e1st laptopja webkamer\u00e1j\u00e1nak friss\u00edt\u00e9s\u00e9vel. Legyen sz\u00f3 professzion\u00e1lis videokonferenci\u00e1r\u00f3l vagy alkalmi videocseveg\u00e9sr\u0151l, ez a kamerak\u00e9szlet biztos\u00edtja, hogy tiszt\u00e1n l\u00e1thass.<\/p>\n<p>Egyszer\u0171 telep\u00edt\u00e9s:<\/p>\n<p>Felhaszn\u00e1l\u00f3bar\u00e1t telep\u00edt\u00e9sre tervezt\u00e9k, \u00edgy a laptop webkamer\u00e1j\u00e1nak friss\u00edt\u00e9se m\u00e1r probl\u00e9mamentes. Fokozza eszk\u00f6ze videok\u00e9pess\u00e9g\u00e9t ezzel az eredeti Lenovo webkamera k\u00e9szlettel.<\/p>\n<p>Min\u0151s\u00e9gbiztos\u00edt\u00e1s:<\/p>\n<p>Biztos lehet benne, hogy egy kiv\u00e1l\u00f3 min\u0151s\u00e9g\u0171, eredeti Lenovo cserealkatr\u00e9szbe fektet be. Minden term\u00e9k\u00fcnket szigor\u00fa tesztel\u00e9snek vetj\u00fck al\u00e1, hogy megfeleljen a teljes\u00edtm\u00e9ny \u00e9s a megb\u00edzhat\u00f3s\u00e1g magas sz\u00ednvonal\u00e1nak. Minden v\u00e1s\u00e1rl\u00e1s val\u00f3di f\u00e9nyk\u00e9peket tartalmaz a pontos alkatr\u00e9szekr\u0151l, amelyeket megkap.<\/p>\n<p>Friss\u00edtse Lenovo ThinkPad X230 vagy X230i k\u00e9sz\u00fcl\u00e9k\u00e9t m\u00e9g ma az eredeti webkamera k\u00e9szlettel. V\u00e1s\u00e1roljon bizalommal, tudva, hogy laptopja min\u0151s\u00e9gi cserealkatr\u00e9sz\u00e9be fektet be. Ha k\u00e9rd\u00e9se van, vagy tov\u00e1bbi seg\u00edts\u00e9gre van sz\u00fcks\u00e9ge, ne habozzon kapcsolatba l\u00e9pni vel\u00fcnk. Az\u00e9rt vagyunk itt, hogy seg\u00edts\u00fcnk laptopja vide\u00f3k\u00e9pess\u00e9g\u00e9nek fejleszt\u00e9s\u00e9ben.<\/p>\n","protected":false},"excerpt":{"rendered":"<p>Friss\u00edtse Lenovo ThinkPad X230 vagy X230i k\u00e9sz\u00fcl\u00e9k\u00e9t ezzel az eredeti webkamera k\u00e9szlettel. K\u00f6nnyen telep\u00edthet\u0151, tiszta vide\u00f3min\u0151s\u00e9get biztos\u00edt minden videokonferencia-ig\u00e9ny\u00e9hez. Fokozza laptopja funkcionalit\u00e1s\u00e1t m\u00e9g ma!<\/p>\n","protected":false},"featured_media":8395,"template":"","meta":[],"product_brand":[],"product_cat":[27],"product_tag":[26],"class_list":{"0":"post-8336","1":"product","2":"type-product","3":"status-publish","4":"has-post-thumbnail","6":"product_cat-motherboards-board-parts","7":"product_tag-lenovo","9":"first","10":"instock","11":"taxable","12":"shipping-taxable","13":"purchasable","14":"product-type-simple"},"_links":{"self":[{"href":"https:\/\/boreait.com\/hu\/wp-json\/wp\/v2\/product\/8336","targetHints":{"allow":["GET"]}}],"collection":[{"href":"https:\/\/boreait.com\/hu\/wp-json\/wp\/v2\/product"}],"about":[{"href":"https:\/\/boreait.com\/hu\/wp-json\/wp\/v2\/types\/product"}],"wp:featuredmedia":[{"embeddable":true,"href":"https:\/\/boreait.com\/hu\/wp-json\/wp\/v2\/media\/8395"}],"wp:attachment":[{"href":"https:\/\/boreait.com\/hu\/wp-json\/wp\/v2\/media?parent=8336"}],"wp:term":[{"taxonomy":"product_brand","embeddable":true,"href":"https:\/\/boreait.com\/hu\/wp-json\/wp\/v2\/product_brand?post=8336"},{"taxonomy":"product_cat","embeddable":true,"href":"https:\/\/boreait.com\/hu\/wp-json\/wp\/v2\/product_cat?post=8336"},{"taxonomy":"product_tag","embeddable":true,"href":"https:\/\/boreait.com\/hu\/wp-json\/wp\/v2\/product_tag?post=8336"}],"curies":[{"name":"wp","href":"https:\/\/api.w.org\/{rel}","templated":true}]}}