{"id":8334,"date":"2025-09-17T12:05:43","date_gmt":"2025-09-17T10:05:43","guid":{"rendered":"https:\/\/boreait.com\/hu\/?post_type=product&#038;p=8334"},"modified":"2025-09-17T12:06:40","modified_gmt":"2025-09-17T10:06:40","slug":"laptop-lcd-csuklopantok-lenovo-thinkpad-x220-x220i-x230-x230i-lcd-zsaneros-kepernyohoz-2","status":"publish","type":"product","link":"https:\/\/boreait.com\/hu\/termek\/laptop-lcd-csuklopantok-lenovo-thinkpad-x220-x220i-x230-x230i-lcd-zsaneros-kepernyohoz-2\/","title":{"rendered":"Laptop LCD csukl\u00f3p\u00e1ntok Lenovo ThinkPad X220 X220i X230 X230i LCD zsan\u00e9ros k\u00e9perny\u0151h\u00f6z"},"content":{"rendered":"<p>N\u00f6velje Lenovo ThinkPad X220 vagy X230 laptopja megtekint\u00e9si \u00e9lm\u00e9ny\u00e9t ezekkel az eredeti LCD csukl\u00f3p\u00e1ntokkal. A tart\u00f3ss\u00e1gra \u00e9s kompatibilit\u00e1sra kialak\u00edtott hiteles cserealkatr\u00e9szek megb\u00edzhat\u00f3 teljes\u00edtm\u00e9nyt \u00e9s egyszer\u0171 telep\u00edt\u00e9st biztos\u00edtanak.<\/p>\n<p>F\u0151bb jellemz\u0151k:<\/p>\n<p>&#8211; Eredeti Lenovo csere: Biztos\u00edtsa a kompatibilit\u00e1st \u00e9s a megb\u00edzhat\u00f3s\u00e1got az eredeti cserealkatr\u00e9szekkel.<\/p>\n<p>&#8211; K\u00f6nny\u0171 telep\u00edt\u00e9s: Egyszer\u0171 telep\u00edt\u00e9ssel k\u00f6nnyed\u00e9n friss\u00edtheti laptopja k\u00e9perny\u0151j\u00e9t.<\/p>\n<p>&#8211; Tov\u00e1bbfejlesztett megtekint\u00e9si \u00e9lm\u00e9ny: N\u00f6velje laptopja k\u00e9perny\u0151j\u00e9nek stabilit\u00e1s\u00e1t \u00e9s funkcionalit\u00e1s\u00e1t ezekkel a kiv\u00e1l\u00f3 min\u0151s\u00e9g\u0171 zsan\u00e9rokkal.<\/p>\n<p>&#8211; Tart\u00f3s konstrukci\u00f3: \u00dagy tervezt\u00e9k, hogy ellen\u00e1lljon a rendszeres haszn\u00e1latnak, \u00edgy biztos\u00edtva a hossz\u00fa \u00e9lettartamot \u00e9s a megb\u00edzhat\u00f3s\u00e1got.<\/p>\n<p>Friss\u00edtse Lenovo ThinkPad X220 vagy X230 laptopj\u00e1t m\u00e9g ma az eredeti LCD csukl\u00f3p\u00e1ntokkal. V\u00e1s\u00e1roljon bizalommal, tudva, hogy min\u0151s\u00e9gi cserealkatr\u00e9szekbe fektet be k\u00e9sz\u00fcl\u00e9k\u00e9hez. Ha k\u00e9rd\u00e9se van, vagy seg\u00edts\u00e9gre van sz\u00fcks\u00e9ge, ne habozzon kapcsolatba l\u00e9pni vel\u00fcnk. Az\u00e9rt vagyunk itt, hogy seg\u00edts\u00fcnk \u00d6nnek a megtekint\u00e9si \u00e9lm\u00e9ny jav\u00edt\u00e1s\u00e1ban.<\/p>\n","protected":false},"excerpt":{"rendered":"<p>Friss\u00edtse Lenovo ThinkPad X220 vagy X230 laptopja k\u00e9perny\u0151j\u00e9t ezekkel az eredeti LCD csukl\u00f3p\u00e1ntokkal. K\u00f6nnyen telep\u00edthet\u0151 \u00e9s kompatibilis a k\u00fcl\u00f6nb\u00f6z\u0151 modellekkel. Fokozza m\u00e9g ma a vizu\u00e1lis \u00e9lm\u00e9nyt!<\/p>\n","protected":false},"featured_media":8392,"template":"","meta":[],"product_brand":[],"product_cat":[19],"product_tag":[26],"class_list":{"0":"post-8334","1":"product","2":"type-product","3":"status-publish","4":"has-post-thumbnail","6":"product_cat-screen-hinge","7":"product_tag-lenovo","9":"first","10":"instock","11":"taxable","12":"shipping-taxable","13":"purchasable","14":"product-type-simple"},"_links":{"self":[{"href":"https:\/\/boreait.com\/hu\/wp-json\/wp\/v2\/product\/8334","targetHints":{"allow":["GET"]}}],"collection":[{"href":"https:\/\/boreait.com\/hu\/wp-json\/wp\/v2\/product"}],"about":[{"href":"https:\/\/boreait.com\/hu\/wp-json\/wp\/v2\/types\/product"}],"wp:featuredmedia":[{"embeddable":true,"href":"https:\/\/boreait.com\/hu\/wp-json\/wp\/v2\/media\/8392"}],"wp:attachment":[{"href":"https:\/\/boreait.com\/hu\/wp-json\/wp\/v2\/media?parent=8334"}],"wp:term":[{"taxonomy":"product_brand","embeddable":true,"href":"https:\/\/boreait.com\/hu\/wp-json\/wp\/v2\/product_brand?post=8334"},{"taxonomy":"product_cat","embeddable":true,"href":"https:\/\/boreait.com\/hu\/wp-json\/wp\/v2\/product_cat?post=8334"},{"taxonomy":"product_tag","embeddable":true,"href":"https:\/\/boreait.com\/hu\/wp-json\/wp\/v2\/product_tag?post=8334"}],"curies":[{"name":"wp","href":"https:\/\/api.w.org\/{rel}","templated":true}]}}