{"id":8333,"date":"2025-09-17T12:05:43","date_gmt":"2025-09-17T10:05:43","guid":{"rendered":"https:\/\/boreait.com\/hu\/?post_type=product&#038;p=8333"},"modified":"2026-01-27T11:27:50","modified_gmt":"2026-01-27T10:27:50","slug":"bluetooth-4-0-eredeti-lenovo-thinkpad-x230-t430-t430s-t530-w530-60y3305","status":"publish","type":"product","link":"https:\/\/boreait.com\/hu\/termek\/bluetooth-4-0-eredeti-lenovo-thinkpad-x230-t430-t430s-t530-w530-60y3305\/","title":{"rendered":"Bluetooth 4.0 Eredeti Lenovo ThinkPad X230 T430 T430S T530 W530 60Y3305"},"content":{"rendered":"<p>Fokozza Lenovo ThinkPad X230, T430, T430S, T530 vagy W530 laptopja csatlakoztathat\u00f3s\u00e1g\u00e1t a 60Y3305 cikksz\u00e1m\u00fa, eredeti Bluetooth 4.0 modullal. A megb\u00edzhat\u00f3s\u00e1gra \u00e9s kompatibilit\u00e1sra kialak\u00edtott hiteles cserealkatr\u00e9sz z\u00f6kken\u0151mentes Bluetooth-kapcsolatot \u00e9s egyszer\u0171 telep\u00edt\u00e9st biztos\u00edt.<\/p>\n<p>F\u0151bb jellemz\u0151k:<\/p>\n<p>&#8211; Eredeti Lenovo csere: A kompatibilit\u00e1s \u00e9s a megb\u00edzhat\u00f3s\u00e1g biztos\u00edt\u00e1sa hiteles cserealkatr\u00e9szekkel.<\/p>\n<p>&#8211; Z\u00f6kken\u0151mentes kapcsol\u00f3d\u00e1s: \u00c9lvezze a sima \u00e9s megszak\u00edt\u00e1s n\u00e9lk\u00fcli Bluetooth-kapcsolatot laptopja sz\u00e1m\u00e1ra.<\/p>\n<p>&#8211; Kompatibilit\u00e1s: kifejezetten a Lenovo ThinkPad X230, T430, T430S, T530 \u00e9s W530 modellekhez tervezt\u00e9k.<\/p>\n<p>&#8211; K\u00f6nny\u0171 telep\u00edt\u00e9s: Egyszer\u0171 telep\u00edt\u00e9ssel k\u00f6nnyed\u00e9n friss\u00edtheti laptopj\u00e1t.<\/p>\n<p>Friss\u00edtse Lenovo ThinkPad laptopj\u00e1t m\u00e9g ma az eredeti Bluetooth 4.0 modullal. V\u00e1s\u00e1roljon bizalommal, tudva, hogy min\u0151s\u00e9gi cserealkatr\u00e9szekbe fektet be k\u00e9sz\u00fcl\u00e9k\u00e9hez. Ha k\u00e9rd\u00e9se van, vagy seg\u00edts\u00e9gre van sz\u00fcks\u00e9ge, ne habozzon kapcsolatba l\u00e9pni vel\u00fcnk. Az\u00e9rt vagyunk itt, hogy seg\u00edts\u00fcnk eszk\u00f6ze csatlakoztathat\u00f3s\u00e1g\u00e1nak jav\u00edt\u00e1s\u00e1ban.<\/p>\n","protected":false},"excerpt":{"rendered":"<p>Friss\u00edtse Lenovo ThinkPad X230, T430, T430S, T530 vagy W530 k\u00e9sz\u00fcl\u00e9k\u00e9t ezzel az eredeti Bluetooth 4.0 modullal. Biztos\u00edtsa a z\u00f6kken\u0151mentes csatlakoztat\u00e1st \u00e9s kompatibilit\u00e1st a 60Y3305 cikksz\u00e1mmal. Fokozza eszk\u00f6ze k\u00e9pess\u00e9geit m\u00e9g ma!<\/p>\n","protected":false},"featured_media":8391,"template":"","meta":[],"product_brand":[],"product_cat":[27],"product_tag":[26],"class_list":{"0":"post-8333","1":"product","2":"type-product","3":"status-publish","4":"has-post-thumbnail","6":"product_cat-motherboards-board-parts","7":"product_tag-lenovo","9":"first","10":"instock","11":"taxable","12":"shipping-taxable","13":"purchasable","14":"product-type-simple"},"_links":{"self":[{"href":"https:\/\/boreait.com\/hu\/wp-json\/wp\/v2\/product\/8333","targetHints":{"allow":["GET"]}}],"collection":[{"href":"https:\/\/boreait.com\/hu\/wp-json\/wp\/v2\/product"}],"about":[{"href":"https:\/\/boreait.com\/hu\/wp-json\/wp\/v2\/types\/product"}],"wp:featuredmedia":[{"embeddable":true,"href":"https:\/\/boreait.com\/hu\/wp-json\/wp\/v2\/media\/8391"}],"wp:attachment":[{"href":"https:\/\/boreait.com\/hu\/wp-json\/wp\/v2\/media?parent=8333"}],"wp:term":[{"taxonomy":"product_brand","embeddable":true,"href":"https:\/\/boreait.com\/hu\/wp-json\/wp\/v2\/product_brand?post=8333"},{"taxonomy":"product_cat","embeddable":true,"href":"https:\/\/boreait.com\/hu\/wp-json\/wp\/v2\/product_cat?post=8333"},{"taxonomy":"product_tag","embeddable":true,"href":"https:\/\/boreait.com\/hu\/wp-json\/wp\/v2\/product_tag?post=8333"}],"curies":[{"name":"wp","href":"https:\/\/api.w.org\/{rel}","templated":true}]}}