{"id":8332,"date":"2025-09-17T12:05:43","date_gmt":"2025-09-17T10:05:43","guid":{"rendered":"https:\/\/boreait.com\/hu\/?post_type=product&#038;p=8332"},"modified":"2025-09-17T12:06:38","modified_gmt":"2025-09-17T10:06:38","slug":"erintopad-kabel-lenovo-thinkpad-x230-50-4ra02-011-60-4kh27-003","status":"publish","type":"product","link":"https:\/\/boreait.com\/hu\/termek\/erintopad-kabel-lenovo-thinkpad-x230-50-4ra02-011-60-4kh27-003\/","title":{"rendered":"\u00c9rint\u0151pad + k\u00e1bel Lenovo THINKPAD X230 50.4RA02.011 60.4KH27.003"},"content":{"rendered":"<p>Friss\u00edtse Lenovo THINKPAD X230 laptopja funkcionalit\u00e1s\u00e1t az eredeti Touchpad + k\u00e1bellel, amely kompatibilis az 50.4RA02.011 \u00e9s 60.4KH27.003 cikksz\u00e1mokkal. Ez a prec\u00edz \u00e9s megb\u00edzhat\u00f3 cserealkatr\u00e9sz z\u00f6kken\u0151mentes m\u0171k\u00f6d\u00e9st \u00e9s egyszer\u0171 telep\u00edt\u00e9st biztos\u00edt.<\/p>\n<p>F\u0151bb jellemz\u0151k:<\/p>\n<p>&#8211; Eredeti Lenovo csere: A kompatibilit\u00e1s \u00e9s a megb\u00edzhat\u00f3s\u00e1g biztos\u00edt\u00e1sa hiteles cserealkatr\u00e9szekkel.<\/p>\n<p>&#8211; K\u00f6nny\u0171 telep\u00edt\u00e9s: Egyszer\u0171 telep\u00edt\u00e9ssel k\u00f6nnyed\u00e9n friss\u00edtheti laptopja \u00e9rint\u0151padj\u00e1t.<\/p>\n<p>&#8211; Tov\u00e1bbfejlesztett funkcionalit\u00e1s: Tapasztalja meg a sima \u00e9s \u00e9rz\u00e9keny \u00e9rint\u0151pad teljes\u00edtm\u00e9ny\u00e9t ezzel az eredeti cser\u00e9vel.<\/p>\n<p>&#8211; Kompatibilit\u00e1s: Kompatibilis a Lenovo THINKPAD X230 k\u00e9sz\u00fcl\u00e9kkel, t\u00f6k\u00e9letes illeszked\u00e9st \u00e9s z\u00f6kken\u0151mentes integr\u00e1ci\u00f3t biztos\u00edtva.<\/p>\n<p>Friss\u00edtse Lenovo THINKPAD X230 laptopj\u00e1t m\u00e9g ma az eredeti Touchpad + k\u00e1bel seg\u00edts\u00e9g\u00e9vel. V\u00e1s\u00e1roljon bizalommal, tudva, hogy min\u0151s\u00e9gi cserealkatr\u00e9szekbe fektet be k\u00e9sz\u00fcl\u00e9k\u00e9hez. Ha k\u00e9rd\u00e9se van, vagy seg\u00edts\u00e9gre van sz\u00fcks\u00e9ge, ne habozzon kapcsolatba l\u00e9pni vel\u00fcnk. Az\u00e9rt vagyunk itt, hogy seg\u00edts\u00fcnk laptopja funkcionalit\u00e1s\u00e1nak jav\u00edt\u00e1s\u00e1ban.<\/p>\n","protected":false},"excerpt":{"rendered":"<p>Fokozza Lenovo THINKPAD X230 funkcionalit\u00e1s\u00e1t ezzel az eredeti Touchpad + k\u00e1bellel. K\u00f6nnyen telep\u00edthet\u0151 \u00e9s kompatibilis az 50.4RA02.011 \u00e9s 60.4KH27.003 cikksz\u00e1mokkal. Friss\u00edtse laptopja \u00e9rint\u0151padj\u00e1t m\u00e9g ma!<\/p>\n","protected":false},"featured_media":8390,"template":"","meta":[],"product_brand":[],"product_cat":[42],"product_tag":[26],"class_list":{"0":"post-8332","1":"product","2":"type-product","3":"status-publish","4":"has-post-thumbnail","6":"product_cat-laptop-touchpads","7":"product_tag-lenovo","9":"first","10":"instock","11":"taxable","12":"shipping-taxable","13":"purchasable","14":"product-type-simple"},"_links":{"self":[{"href":"https:\/\/boreait.com\/hu\/wp-json\/wp\/v2\/product\/8332","targetHints":{"allow":["GET"]}}],"collection":[{"href":"https:\/\/boreait.com\/hu\/wp-json\/wp\/v2\/product"}],"about":[{"href":"https:\/\/boreait.com\/hu\/wp-json\/wp\/v2\/types\/product"}],"wp:featuredmedia":[{"embeddable":true,"href":"https:\/\/boreait.com\/hu\/wp-json\/wp\/v2\/media\/8390"}],"wp:attachment":[{"href":"https:\/\/boreait.com\/hu\/wp-json\/wp\/v2\/media?parent=8332"}],"wp:term":[{"taxonomy":"product_brand","embeddable":true,"href":"https:\/\/boreait.com\/hu\/wp-json\/wp\/v2\/product_brand?post=8332"},{"taxonomy":"product_cat","embeddable":true,"href":"https:\/\/boreait.com\/hu\/wp-json\/wp\/v2\/product_cat?post=8332"},{"taxonomy":"product_tag","embeddable":true,"href":"https:\/\/boreait.com\/hu\/wp-json\/wp\/v2\/product_tag?post=8332"}],"curies":[{"name":"wp","href":"https:\/\/api.w.org\/{rel}","templated":true}]}}