{"id":8331,"date":"2025-09-17T12:05:42","date_gmt":"2025-09-17T10:05:42","guid":{"rendered":"https:\/\/boreait.com\/hu\/?post_type=product&#038;p=8331"},"modified":"2026-01-27T11:27:36","modified_gmt":"2026-01-27T10:27:36","slug":"eredeti-lenovo-thinkpad-x220-x220i-x230-x230i-x220t-x230t-also-ram-fedel-pn04w6948","status":"publish","type":"product","link":"https:\/\/boreait.com\/hu\/termek\/eredeti-lenovo-thinkpad-x220-x220i-x230-x230i-x220t-x230t-also-ram-fedel-pn04w6948\/","title":{"rendered":"Eredeti Lenovo Thinkpad X220 X220I X230 X230I X220T X230T als\u00f3 RAM fed\u00e9l PN04W6948"},"content":{"rendered":"<p>Fokozza Lenovo Thinkpad X220\/X220I\/X230\/X230I\/X220T\/X230T laptopja eszt\u00e9tik\u00e1j\u00e1t \u00e9s v\u00e9delm\u00e9t az eredeti PN04W6948 als\u00f3 RAM-fed\u00e9llel. A prec\u00edzen megalkotott \u00e9s kifejezetten t\u00f6bb modellhez tervezett eredeti cserealkatr\u00e9sz nem csak a laptop megjelen\u00e9s\u00e9t jav\u00edtja, hanem a RAM-rekesz tov\u00e1bbi v\u00e9delm\u00e9t is biztos\u00edtja.<\/p>\n<p>F\u0151bb jellemz\u0151k:<\/p>\n<p>&#8211; Eredeti Lenovo csere: A kompatibilit\u00e1s \u00e9s a megb\u00edzhat\u00f3s\u00e1g biztos\u00edt\u00e1sa hiteles cserealkatr\u00e9szekkel.<\/p>\n<p>&#8211; K\u00f6nny\u0171 telep\u00edt\u00e9s: Egyszer\u0171 telep\u00edt\u00e9ssel k\u00f6nnyed\u00e9n b\u0151v\u00edtheti eszk\u00f6ze RAM-fedel\u00e9t.<\/p>\n<p>&#8211; Tov\u00e1bbfejlesztett eszt\u00e9tika: Alak\u00edtsa \u00e1t laptopja megjelen\u00e9s\u00e9t ezzel az eleg\u00e1ns als\u00f3 bor\u00edt\u00f3val.<\/p>\n<p>&#8211; Tov\u00e1bbi v\u00e9delem: Ezzel az er\u0151s burkolattal v\u00e9di a RAM-rekeszt a port\u00f3l, t\u00f6rmel\u00e9kt\u0151l \u00e9s az esetleges s\u00e9r\u00fcl\u00e9sekt\u0151l.<\/p>\n<p>Friss\u00edtse Lenovo Thinkpad X220\/X220I\/X230\/X230I\/X220T\/X230T laptopj\u00e1t m\u00e9g ma az eredeti PN04W6948 als\u00f3 RAM fed\u00e9llel. V\u00e1s\u00e1roljon bizalommal, tudva, hogy min\u0151s\u00e9gi cserealkatr\u00e9szekbe fektet be k\u00e9sz\u00fcl\u00e9k\u00e9hez. Ha k\u00e9rd\u00e9se van, vagy seg\u00edts\u00e9gre van sz\u00fcks\u00e9ge, ne habozzon kapcsolatba l\u00e9pni vel\u00fcnk. Az\u00e9rt vagyunk itt, hogy seg\u00edts\u00fcnk eszk\u00f6ze eszt\u00e9tik\u00e1j\u00e1nak \u00e9s v\u00e9delm\u00e9nek jav\u00edt\u00e1s\u00e1ban.<\/p>\n","protected":false},"excerpt":{"rendered":"<p>B\u0151v\u00edtse Lenovo Thinkpad X220\/X220I\/X230\/X230I\/X220T\/X230T RAM fedel\u00e9t ezzel az eredeti PN04W6948 als\u00f3 bor\u00edt\u00f3val. K\u00f6nnyen telep\u00edthet\u0151 \u00e9s t\u00f6bb modellel is kompatibilis. Fokozza eszk\u00f6ze eszt\u00e9tik\u00e1j\u00e1t \u00e9s v\u00e9delm\u00e9t m\u00e9g ma!<\/p>\n","protected":false},"featured_media":8388,"template":"","meta":[],"product_brand":[],"product_cat":[16],"product_tag":[26],"class_list":{"0":"post-8331","1":"product","2":"type-product","3":"status-publish","4":"has-post-thumbnail","6":"product_cat-laptop-housing","7":"product_tag-lenovo","9":"first","10":"instock","11":"taxable","12":"shipping-taxable","13":"purchasable","14":"product-type-simple"},"_links":{"self":[{"href":"https:\/\/boreait.com\/hu\/wp-json\/wp\/v2\/product\/8331","targetHints":{"allow":["GET"]}}],"collection":[{"href":"https:\/\/boreait.com\/hu\/wp-json\/wp\/v2\/product"}],"about":[{"href":"https:\/\/boreait.com\/hu\/wp-json\/wp\/v2\/types\/product"}],"wp:featuredmedia":[{"embeddable":true,"href":"https:\/\/boreait.com\/hu\/wp-json\/wp\/v2\/media\/8388"}],"wp:attachment":[{"href":"https:\/\/boreait.com\/hu\/wp-json\/wp\/v2\/media?parent=8331"}],"wp:term":[{"taxonomy":"product_brand","embeddable":true,"href":"https:\/\/boreait.com\/hu\/wp-json\/wp\/v2\/product_brand?post=8331"},{"taxonomy":"product_cat","embeddable":true,"href":"https:\/\/boreait.com\/hu\/wp-json\/wp\/v2\/product_cat?post=8331"},{"taxonomy":"product_tag","embeddable":true,"href":"https:\/\/boreait.com\/hu\/wp-json\/wp\/v2\/product_tag?post=8331"}],"curies":[{"name":"wp","href":"https:\/\/api.w.org\/{rel}","templated":true}]}}