{"id":8329,"date":"2025-09-17T12:05:42","date_gmt":"2025-09-17T10:05:42","guid":{"rendered":"https:\/\/boreait.com\/hu\/?post_type=product&#038;p=8329"},"modified":"2026-01-27T11:27:23","modified_gmt":"2026-01-27T10:27:23","slug":"tomeges-2-x-hynix-hmt325s6efr8c-pb-2-gb-notebook-sodimm-ddr3-pc128001600","status":"publish","type":"product","link":"https:\/\/boreait.com\/hu\/termek\/tomeges-2-x-hynix-hmt325s6efr8c-pb-2-gb-notebook-sodimm-ddr3-pc128001600\/","title":{"rendered":"T\u00f6meges 2 x HYNIX HMT325S6EFR8C-PB 2 GB notebook SODIMM DDR3 PC12800(1600)"},"content":{"rendered":"<p><strong>2 MEM\u00d3RIAKARTA A CSOMAGBAN!<\/strong><\/p>\n<p>N\u00f6velje notebookja teljes\u00edtm\u00e9ny\u00e9t az eredeti HYNIX 2GB SODIMM DDR3 PC12800(1600) seg\u00edts\u00e9g\u00e9vel. Ez a z\u00f6kken\u0151mentes kompatibilit\u00e1sra \u00e9s optim\u00e1lis sebess\u00e9gre tervezett mem\u00f3riamodul megb\u00edzhat\u00f3 v\u00e1laszt\u00e1s eszk\u00f6ze friss\u00edt\u00e9s\u00e9hez.<\/p>\n<p>F\u0151bb jellemz\u0151k:<\/p>\n<p>&#8211; Eredeti HYNIX csere: A kompatibilit\u00e1s \u00e9s a megb\u00edzhat\u00f3s\u00e1g biztos\u00edt\u00e1sa hiteles cserealkatr\u00e9szekkel.<\/p>\n<p>&#8211; Fokozott teljes\u00edtm\u00e9ny: Tapasztalja meg a gyorsabb t\u00f6bbfeladatos munkav\u00e9gz\u00e9st \u00e9s a g\u00f6rd\u00fcl\u00e9kenyebb m\u0171k\u00f6d\u00e9st a b\u0151v\u00edtett mem\u00f3ri\u00e1val.<\/p>\n<p>&#8211; K\u00f6nny\u0171 telep\u00edt\u00e9s: A nagyobb teljes\u00edtm\u00e9ny \u00e9rdek\u00e9ben k\u00f6nnyed\u00e9n b\u0151v\u00edtheti notebookja mem\u00f3ri\u00e1j\u00e1t.<\/p>\n<p>&#8211; Kompatibilit\u00e1s: A notebook modellek sz\u00e9les v\u00e1laszt\u00e9k\u00e1val val\u00f3 z\u00f6kken\u0151mentes kompatibilit\u00e1sra tervezt\u00e9k.<\/p>\n<p>&#8211; Min\u0151s\u00e9gbiztos\u00edt\u00e1s: Nyugodjon meg, tudva, hogy az eredeti HYNIX technol\u00f3gi\u00e1ba fektet be.<\/p>\n<p>Friss\u00edtse noteszg\u00e9p\u00e9t m\u00e9g ma a HYNIX 2GB SODIMM DDR3 PC12800(1600)-val \u2013 intelligens befektet\u00e9s a jobb teljes\u00edtm\u00e9ny \u00e9s hat\u00e9konys\u00e1g \u00e9rdek\u00e9ben. Ha b\u00e1rmilyen k\u00e9rd\u00e9se van, vagy seg\u00edts\u00e9gre van sz\u00fcks\u00e9ge, nyugodtan \u00edrjon nek\u00fcnk. Az\u00e9rt vagyunk itt, hogy seg\u00edts\u00fcnk \u00d6nnek a sz\u00e1m\u00edt\u00e1stechnikai \u00e9lm\u00e9ny jav\u00edt\u00e1s\u00e1ban.<\/p>\n","protected":false},"excerpt":{"rendered":"<p>B\u0151v\u00edtse notebookja mem\u00f3ri\u00e1j\u00e1t ezzel az eredeti HYNIX 2 GB SODIMM DDR3 PC12800(1600) mem\u00f3riak\u00e1rty\u00e1val. Jav\u00edtsa eszk\u00f6ze teljes\u00edtm\u00e9ny\u00e9t \u00e9s t\u00f6bbfeladatos k\u00e9pess\u00e9geit. B\u0151v\u00edtse notebookja mem\u00f3ri\u00e1j\u00e1t m\u00e9g ma!<\/p>\n","protected":false},"featured_media":8374,"template":"","meta":[],"product_brand":[],"product_cat":[36],"product_tag":[17],"class_list":{"0":"post-8329","1":"product","2":"type-product","3":"status-publish","4":"has-post-thumbnail","6":"product_cat-ram-memory","7":"product_tag-dell","9":"first","10":"instock","11":"taxable","12":"shipping-taxable","13":"purchasable","14":"product-type-simple"},"_links":{"self":[{"href":"https:\/\/boreait.com\/hu\/wp-json\/wp\/v2\/product\/8329","targetHints":{"allow":["GET"]}}],"collection":[{"href":"https:\/\/boreait.com\/hu\/wp-json\/wp\/v2\/product"}],"about":[{"href":"https:\/\/boreait.com\/hu\/wp-json\/wp\/v2\/types\/product"}],"wp:featuredmedia":[{"embeddable":true,"href":"https:\/\/boreait.com\/hu\/wp-json\/wp\/v2\/media\/8374"}],"wp:attachment":[{"href":"https:\/\/boreait.com\/hu\/wp-json\/wp\/v2\/media?parent=8329"}],"wp:term":[{"taxonomy":"product_brand","embeddable":true,"href":"https:\/\/boreait.com\/hu\/wp-json\/wp\/v2\/product_brand?post=8329"},{"taxonomy":"product_cat","embeddable":true,"href":"https:\/\/boreait.com\/hu\/wp-json\/wp\/v2\/product_cat?post=8329"},{"taxonomy":"product_tag","embeddable":true,"href":"https:\/\/boreait.com\/hu\/wp-json\/wp\/v2\/product_tag?post=8329"}],"curies":[{"name":"wp","href":"https:\/\/api.w.org\/{rel}","templated":true}]}}