{"id":8310,"date":"2025-09-17T12:05:16","date_gmt":"2025-09-17T10:05:16","guid":{"rendered":"https:\/\/boreait.com\/hu\/?post_type=product&#038;p=8310"},"modified":"2026-01-27T11:27:09","modified_gmt":"2026-01-27T10:27:09","slug":"lcd-elolap-tok-lenovo-ibm-thinkpad-x220-x220i-rendszerhez-fru-04w2186-04w1404-04w0605-cikkszam-60-4kh09-006","status":"publish","type":"product","link":"https:\/\/boreait.com\/hu\/termek\/lcd-elolap-tok-lenovo-ibm-thinkpad-x220-x220i-rendszerhez-fru-04w2186-04w1404-04w0605-cikkszam-60-4kh09-006\/","title":{"rendered":"LCD el\u0151lap tok Lenovo IBM Thinkpad X220 X220i rendszerhez; FRU: 04W2186, 04W1404, 04W0605 ; Cikksz\u00e1m: 60.4KH09.006"},"content":{"rendered":"<p>Emelje fel Lenovo IBM Thinkpad X220 X220i laptopja megjelen\u00e9s\u00e9t a 04W2186, 04W1404, 04W0605 FRU-sz\u00e1mokkal \u00e9s 60.4KH09.006 cikksz\u00e1mmal kompatibilis LCD el\u0151lapi tokkal. A pontoss\u00e1g \u00e9s a tart\u00f3ss\u00e1g szem el\u0151tt tart\u00e1s\u00e1val k\u00e9sz\u00fclt ez az autentikus cserealkatr\u00e9sz, amely z\u00f6kken\u0151mentes illeszked\u00e9st \u00e9s fokozott eszt\u00e9tik\u00e1t biztos\u00edt k\u00e9sz\u00fcl\u00e9k\u00e9nek.<\/p>\n<p>F\u0151bb jellemz\u0151k:<\/p>\n<p>&#8211; Eredeti Lenovo IBM csere: A kompatibilit\u00e1s \u00e9s a megb\u00edzhat\u00f3s\u00e1g biztos\u00edt\u00e1sa hiteles cserealkatr\u00e9szekkel.<\/p>\n<p>&#8211; K\u00f6nny\u0171 telep\u00edt\u00e9s: Egyszer\u0171 telep\u00edt\u00e9ssel k\u00f6nnyed\u00e9n friss\u00edtheti laptopja megjelen\u00e9s\u00e9t.<\/p>\n<p>&#8211; Tov\u00e1bbfejlesztett eszt\u00e9tika: Alak\u00edtsa \u00e1t Lenovo IBM Thinkpad X220 X220i megjelen\u00e9s\u00e9t ezzel a karcs\u00fa LCD el\u0151lappal.<\/p>\n<p>&#8211; Kompatibilit\u00e1s: \u00dagy tervezt\u00e9k, hogy z\u00f6kken\u0151mentesen illeszkedjen az eszk\u00f6zh\u00f6z, \u00edgy biztos\u00edtva a t\u00f6k\u00e9letes illeszked\u00e9st.<\/p>\n<p>Friss\u00edtse laptopj\u00e1t m\u00e9g ma az eredeti LCD el\u0151lap tokkal. V\u00e1s\u00e1roljon bizalommal, tudva, hogy min\u0151s\u00e9gi cserealkatr\u00e9szekbe fektet be k\u00e9sz\u00fcl\u00e9k\u00e9hez. Ha k\u00e9rd\u00e9se van, vagy seg\u00edts\u00e9gre van sz\u00fcks\u00e9ge, ne habozzon kapcsolatba l\u00e9pni vel\u00fcnk. Az\u00e9rt vagyunk itt, hogy seg\u00edts\u00fcnk laptopja eszt\u00e9tik\u00e1j\u00e1nak jav\u00edt\u00e1s\u00e1ban.<\/p>\n","protected":false},"excerpt":{"rendered":"<p>Fokozza Lenovo IBM Thinkpad X220 X220i megjelen\u00e9s\u00e9t ezzel az LCD tokkal. Kompatibilis a 04W2186, 04W1404, 04W0605 sz\u00e1m\u00fa FRU-val \u00e9s a 60.4KH09.006 cikksz\u00e1mmal. Friss\u00edtse laptopja eszt\u00e9tik\u00e1j\u00e1t m\u00e9g ma!<\/p>\n","protected":false},"featured_media":8372,"template":"","meta":[],"product_brand":[],"product_cat":[16],"product_tag":[26],"class_list":{"0":"post-8310","1":"product","2":"type-product","3":"status-publish","4":"has-post-thumbnail","6":"product_cat-laptop-housing","7":"product_tag-lenovo","9":"first","10":"instock","11":"taxable","12":"shipping-taxable","13":"purchasable","14":"product-type-simple"},"_links":{"self":[{"href":"https:\/\/boreait.com\/hu\/wp-json\/wp\/v2\/product\/8310","targetHints":{"allow":["GET"]}}],"collection":[{"href":"https:\/\/boreait.com\/hu\/wp-json\/wp\/v2\/product"}],"about":[{"href":"https:\/\/boreait.com\/hu\/wp-json\/wp\/v2\/types\/product"}],"wp:featuredmedia":[{"embeddable":true,"href":"https:\/\/boreait.com\/hu\/wp-json\/wp\/v2\/media\/8372"}],"wp:attachment":[{"href":"https:\/\/boreait.com\/hu\/wp-json\/wp\/v2\/media?parent=8310"}],"wp:term":[{"taxonomy":"product_brand","embeddable":true,"href":"https:\/\/boreait.com\/hu\/wp-json\/wp\/v2\/product_brand?post=8310"},{"taxonomy":"product_cat","embeddable":true,"href":"https:\/\/boreait.com\/hu\/wp-json\/wp\/v2\/product_cat?post=8310"},{"taxonomy":"product_tag","embeddable":true,"href":"https:\/\/boreait.com\/hu\/wp-json\/wp\/v2\/product_tag?post=8310"}],"curies":[{"name":"wp","href":"https:\/\/api.w.org\/{rel}","templated":true}]}}