{"id":8302,"date":"2025-09-17T12:04:45","date_gmt":"2025-09-17T10:04:45","guid":{"rendered":"https:\/\/boreait.com\/hu\/?post_type=product&#038;p=8302"},"modified":"2026-01-27T11:26:55","modified_gmt":"2026-01-27T10:26:55","slug":"a151e1-uj-bal-es-erintopad-gomb-a-dell-latitude-7470-e7470-keszulekhez","status":"publish","type":"product","link":"https:\/\/boreait.com\/hu\/termek\/a151e1-uj-bal-es-erintopad-gomb-a-dell-latitude-7470-e7470-keszulekhez\/","title":{"rendered":"A151E1 \u00faj bal \u00e9s \u00e9rint\u0151pad gomb a Dell Latitude 7470 e7470 k\u00e9sz\u00fcl\u00e9khez"},"content":{"rendered":"<p>N\u00f6velje Dell Latitude 7470 e7470 laptopja funkcionalit\u00e1s\u00e1t az \u00faj Bal &amp; Az \u00e9rint\u0151pad jobb oldali gombja, cikksz\u00e1m: A151E1. Ez a prec\u00edz \u00e9s megb\u00edzhat\u00f3 cserealkatr\u00e9sz biztos\u00edtja az \u00e9rint\u0151pad z\u00f6kken\u0151mentes m\u0171k\u00f6d\u00e9s\u00e9t.<\/p>\n<p>F\u0151bb jellemz\u0151k:<\/p>\n<p>&#8211; K\u00f6nny\u0171 telep\u00edt\u00e9s: A jobb funkcionalit\u00e1s \u00e9rdek\u00e9ben k\u00f6nnyed\u00e9n cser\u00e9lje ki az \u00e9rint\u0151pad gombjait.<\/p>\n<p>&#8211; Eredeti Dell csere: A kompatibilit\u00e1s \u00e9s a megb\u00edzhat\u00f3s\u00e1g biztos\u00edt\u00e1sa hiteles cserealkatr\u00e9szekkel.<\/p>\n<p>&#8211; Tov\u00e1bbfejlesztett \u00e9rint\u0151padi \u00e9lm\u00e9ny: \u00c9lvezze az \u00e9rint\u0151pad sima \u00e9s \u00e9rz\u00e9keny m\u0171k\u00f6d\u00e9s\u00e9t ezekkel az \u00faj gombokkal.<\/p>\n<p>Friss\u00edtse Dell Latitude 7470 e7470 laptopj\u00e1t m\u00e9g ma az \u00faj Bal &amp; Az \u00e9rint\u0151pad jobb oldali gombja. V\u00e1s\u00e1roljon bizalommal, tudva, hogy min\u0151s\u00e9gi cserealkatr\u00e9szekbe fektet be k\u00e9sz\u00fcl\u00e9k\u00e9hez. Ha k\u00e9rd\u00e9se van, vagy seg\u00edts\u00e9gre van sz\u00fcks\u00e9ge, ne habozzon kapcsolatba l\u00e9pni vel\u00fcnk. Az\u00e9rt vagyunk itt, hogy seg\u00edts\u00fcnk laptopja funkcionalit\u00e1s\u00e1nak jav\u00edt\u00e1s\u00e1ban.<\/p>\n","protected":false},"excerpt":{"rendered":"<p>N\u00f6velje Dell Latitude 7470 e7470 funkcionalit\u00e1s\u00e1t ezzel az \u00faj Bal \u00e9s amp; Az \u00e9rint\u0151pad jobb oldali gombja. K\u00f6nnyen telep\u00edthet\u0151 a z\u00f6kken\u0151mentes csere \u00e9rdek\u00e9ben. Friss\u00edtse laptopja \u00e9rint\u0151padj\u00e1t m\u00e9g ma!<\/p>\n","protected":false},"featured_media":8367,"template":"","meta":[],"product_brand":[],"product_cat":[42],"product_tag":[17],"class_list":{"0":"post-8302","1":"product","2":"type-product","3":"status-publish","4":"has-post-thumbnail","6":"product_cat-laptop-touchpads","7":"product_tag-dell","9":"first","10":"instock","11":"taxable","12":"shipping-taxable","13":"purchasable","14":"product-type-simple"},"_links":{"self":[{"href":"https:\/\/boreait.com\/hu\/wp-json\/wp\/v2\/product\/8302","targetHints":{"allow":["GET"]}}],"collection":[{"href":"https:\/\/boreait.com\/hu\/wp-json\/wp\/v2\/product"}],"about":[{"href":"https:\/\/boreait.com\/hu\/wp-json\/wp\/v2\/types\/product"}],"wp:featuredmedia":[{"embeddable":true,"href":"https:\/\/boreait.com\/hu\/wp-json\/wp\/v2\/media\/8367"}],"wp:attachment":[{"href":"https:\/\/boreait.com\/hu\/wp-json\/wp\/v2\/media?parent=8302"}],"wp:term":[{"taxonomy":"product_brand","embeddable":true,"href":"https:\/\/boreait.com\/hu\/wp-json\/wp\/v2\/product_brand?post=8302"},{"taxonomy":"product_cat","embeddable":true,"href":"https:\/\/boreait.com\/hu\/wp-json\/wp\/v2\/product_cat?post=8302"},{"taxonomy":"product_tag","embeddable":true,"href":"https:\/\/boreait.com\/hu\/wp-json\/wp\/v2\/product_tag?post=8302"}],"curies":[{"name":"wp","href":"https:\/\/api.w.org\/{rel}","templated":true}]}}