{"id":8293,"date":"2025-09-17T12:04:13","date_gmt":"2025-09-17T10:04:13","guid":{"rendered":"https:\/\/boreait.com\/hu\/?post_type=product&#038;p=8293"},"modified":"2026-01-27T11:26:12","modified_gmt":"2026-01-27T10:26:12","slug":"bal-jobb-fem-csuklos-burkolat-keszlet-eredeti-dell-latitude-e7470-a60r-a60l-hez","status":"publish","type":"product","link":"https:\/\/boreait.com\/hu\/termek\/bal-jobb-fem-csuklos-burkolat-keszlet-eredeti-dell-latitude-e7470-a60r-a60l-hez\/","title":{"rendered":"Bal\/jobb f\u00e9m csukl\u00f3s burkolat k\u00e9szlet eredeti Dell Latitude E7470 &#8211; A60R A60L-hez"},"content":{"rendered":"<p>N\u00f6velje Dell Latitude E7470 laptopja megjelen\u00e9s\u00e9t \u00e9s tart\u00f3ss\u00e1g\u00e1t az eredeti bal\/jobboldali f\u00e9m csukl\u00f3s burkolat k\u00e9szlettel, amely kompatibilis az A60R \u00e9s A60L cikksz\u00e1mokkal. Ez a prec\u00edz \u00e9s megb\u00edzhat\u00f3 cserealkatr\u00e9sz t\u00f6k\u00e9letes illeszked\u00e9st \u00e9s egyszer\u0171 telep\u00edt\u00e9st biztos\u00edt.<\/p>\n<p>F\u0151bb jellemz\u0151k:<\/p>\n<p>&#8211; Eredeti Dell csere: A kompatibilit\u00e1s \u00e9s a megb\u00edzhat\u00f3s\u00e1g biztos\u00edt\u00e1sa hiteles cserealkatr\u00e9szekkel.<\/p>\n<p>&#8211; K\u00f6nny\u0171 telep\u00edt\u00e9s: Egyszer\u0171 telep\u00edt\u00e9ssel k\u00f6nnyed\u00e9n friss\u00edtheti laptopja zsan\u00e9rburkolatait.<\/p>\n<p>&#8211; Tov\u00e1bbfejlesztett megjelen\u00e9s: jav\u00edtsa Dell Latitude E7470 megjelen\u00e9s\u00e9t ezekkel a tart\u00f3s f\u00e9m zsan\u00e9rburkolatokkal.<\/p>\n<p>&#8211; Tart\u00f3s konstrukci\u00f3: \u00fagy k\u00e9sz\u00fclt, hogy ellen\u00e1lljon a napi haszn\u00e1latnak, \u00edgy biztos\u00edtva a hossz\u00fa \u00e9lettartamot \u00e9s a megb\u00edzhat\u00f3s\u00e1got.<\/p>\n<p>Friss\u00edtse Dell Latitude E7470 laptopj\u00e1t m\u00e9g ma az eredeti bal\/jobb f\u00e9m csukl\u00f3s burkolat k\u00e9szlettel. V\u00e1s\u00e1roljon bizalommal, tudva, hogy min\u0151s\u00e9gi cserealkatr\u00e9szekbe fektet be k\u00e9sz\u00fcl\u00e9k\u00e9hez. Ha k\u00e9rd\u00e9se van, vagy seg\u00edts\u00e9gre van sz\u00fcks\u00e9ge, ne habozzon kapcsolatba l\u00e9pni vel\u00fcnk. Az\u00e9rt vagyunk itt, hogy seg\u00edts\u00fcnk jav\u00edtani eszk\u00f6ze megjelen\u00e9s\u00e9t \u00e9s tart\u00f3ss\u00e1g\u00e1t.<\/p>\n","protected":false},"excerpt":{"rendered":"<p>Fokozza Dell Latitude E7470 megjelen\u00e9s\u00e9t \u00e9s tart\u00f3ss\u00e1g\u00e1t ezzel az eredeti bal\/jobb f\u00e9m csukl\u00f3p\u00e1ntos burkolatk\u00e9szlettel. Az A60R \u00e9s A60L cikksz\u00e1mokkal val\u00f3 kompatibilit\u00e1sra tervezt\u00e9k. Friss\u00edtse laptopja zsan\u00e9rburkolatait m\u00e9g ma!<\/p>\n","protected":false},"featured_media":8364,"template":"","meta":[],"product_brand":[],"product_cat":[19],"product_tag":[17],"class_list":{"0":"post-8293","1":"product","2":"type-product","3":"status-publish","4":"has-post-thumbnail","6":"product_cat-screen-hinge","7":"product_tag-dell","9":"first","10":"instock","11":"taxable","12":"shipping-taxable","13":"purchasable","14":"product-type-simple"},"_links":{"self":[{"href":"https:\/\/boreait.com\/hu\/wp-json\/wp\/v2\/product\/8293","targetHints":{"allow":["GET"]}}],"collection":[{"href":"https:\/\/boreait.com\/hu\/wp-json\/wp\/v2\/product"}],"about":[{"href":"https:\/\/boreait.com\/hu\/wp-json\/wp\/v2\/types\/product"}],"wp:featuredmedia":[{"embeddable":true,"href":"https:\/\/boreait.com\/hu\/wp-json\/wp\/v2\/media\/8364"}],"wp:attachment":[{"href":"https:\/\/boreait.com\/hu\/wp-json\/wp\/v2\/media?parent=8293"}],"wp:term":[{"taxonomy":"product_brand","embeddable":true,"href":"https:\/\/boreait.com\/hu\/wp-json\/wp\/v2\/product_brand?post=8293"},{"taxonomy":"product_cat","embeddable":true,"href":"https:\/\/boreait.com\/hu\/wp-json\/wp\/v2\/product_cat?post=8293"},{"taxonomy":"product_tag","embeddable":true,"href":"https:\/\/boreait.com\/hu\/wp-json\/wp\/v2\/product_tag?post=8293"}],"curies":[{"name":"wp","href":"https:\/\/api.w.org\/{rel}","templated":true}]}}