{"id":8291,"date":"2025-09-17T12:04:13","date_gmt":"2025-09-17T10:04:13","guid":{"rendered":"https:\/\/boreait.com\/hu\/?post_type=product&#038;p=8291"},"modified":"2026-01-27T11:25:55","modified_gmt":"2026-01-27T10:25:55","slug":"eredeti-dell-latitude-e5570-15-6-laptop-webkamera-kameralap-j8nnp-0j8nnp-cn-0j8nnp","status":"publish","type":"product","link":"https:\/\/boreait.com\/hu\/termek\/eredeti-dell-latitude-e5570-15-6-laptop-webkamera-kameralap-j8nnp-0j8nnp-cn-0j8nnp\/","title":{"rendered":"Eredeti Dell Latitude E5570 15.6 laptop webkamera kameralap J8NNP 0J8NNP CN-0J8NNP"},"content":{"rendered":"<p>Fokozza Dell Latitude E5570 laptopja videokonferencia-k\u00e9pess\u00e9geit az eredeti webkamera-kamerak\u00e1rty\u00e1val, a cikksz\u00e1m: J8NNP 0J8NNP CN-0J8NNP. Ez a prec\u00edz \u00e9s megb\u00edzhat\u00f3 cserealkatr\u00e9sz tiszta \u00e9s z\u00f6kken\u0151mentes vide\u00f3min\u0151s\u00e9get biztos\u00edt az online \u00e9rtekezletek \u00e9s konferenci\u00e1k sz\u00e1m\u00e1ra.<\/p>\n<p>F\u0151bb jellemz\u0151k:<\/p>\n<p>&#8211; Eredeti Dell csere: A kompatibilit\u00e1s \u00e9s a megb\u00edzhat\u00f3s\u00e1g biztos\u00edt\u00e1sa hiteles cserealkatr\u00e9szekkel.<\/p>\n<p>&#8211; K\u00f6nny\u0171 telep\u00edt\u00e9s: Egyszer\u0171 telep\u00edt\u00e9ssel k\u00f6nnyed\u00e9n friss\u00edtheti laptopja webkamer\u00e1j\u00e1t.<\/p>\n<p>&#8211; Tov\u00e1bbfejlesztett vide\u00f3min\u0151s\u00e9g: \u00c9lvezze a tiszta \u00e9s g\u00f6rd\u00fcl\u00e9keny videokonferenci\u00e1t ezzel a kiv\u00e1l\u00f3 min\u0151s\u00e9g\u0171 kamerak\u00e1rty\u00e1val.<\/p>\n<p>&#8211; Kompatibilit\u00e1s: Kompatibilis a Dell Latitude E5570 15,6&#8243;-os laptopokkal a z\u00f6kken\u0151mentes integr\u00e1ci\u00f3 \u00e9rdek\u00e9ben.<\/p>\n<p>Friss\u00edtse Dell Latitude E5570 laptopj\u00e1t m\u00e9g ma az eredeti webkamera-kamerak\u00e1rty\u00e1val. V\u00e1s\u00e1roljon bizalommal, tudva, hogy min\u0151s\u00e9gi cserealkatr\u00e9szekbe fektet be k\u00e9sz\u00fcl\u00e9k\u00e9hez. Ha k\u00e9rd\u00e9se van, vagy seg\u00edts\u00e9gre van sz\u00fcks\u00e9ge, ne habozzon kapcsolatba l\u00e9pni vel\u00fcnk. Az\u00e9rt vagyunk itt, hogy seg\u00edts\u00fcnk a videokonferencia \u00e9lm\u00e9ny\u00e9nek jav\u00edt\u00e1s\u00e1ban.<\/p>\n","protected":false},"excerpt":{"rendered":"<p>Friss\u00edtse Dell Latitude E5570 webkamer\u00e1j\u00e1t ezzel az eredeti webkamera-lappal. K\u00f6nnyen telep\u00edthet\u0151 \u00e9s kompatibilis a J8NNP 0J8NNP CN-0J8NNP cikksz\u00e1mmal. Fejlessze laptopja videokonferencia-lehet\u0151s\u00e9geit m\u00e9g ma!<\/p>\n","protected":false},"featured_media":8361,"template":"","meta":[],"product_brand":[],"product_cat":[23],"product_tag":[17],"class_list":{"0":"post-8291","1":"product","2":"type-product","3":"status-publish","4":"has-post-thumbnail","6":"product_cat-laptop-camera","7":"product_tag-dell","9":"first","10":"instock","11":"taxable","12":"shipping-taxable","13":"purchasable","14":"product-type-simple"},"_links":{"self":[{"href":"https:\/\/boreait.com\/hu\/wp-json\/wp\/v2\/product\/8291","targetHints":{"allow":["GET"]}}],"collection":[{"href":"https:\/\/boreait.com\/hu\/wp-json\/wp\/v2\/product"}],"about":[{"href":"https:\/\/boreait.com\/hu\/wp-json\/wp\/v2\/types\/product"}],"wp:featuredmedia":[{"embeddable":true,"href":"https:\/\/boreait.com\/hu\/wp-json\/wp\/v2\/media\/8361"}],"wp:attachment":[{"href":"https:\/\/boreait.com\/hu\/wp-json\/wp\/v2\/media?parent=8291"}],"wp:term":[{"taxonomy":"product_brand","embeddable":true,"href":"https:\/\/boreait.com\/hu\/wp-json\/wp\/v2\/product_brand?post=8291"},{"taxonomy":"product_cat","embeddable":true,"href":"https:\/\/boreait.com\/hu\/wp-json\/wp\/v2\/product_cat?post=8291"},{"taxonomy":"product_tag","embeddable":true,"href":"https:\/\/boreait.com\/hu\/wp-json\/wp\/v2\/product_tag?post=8291"}],"curies":[{"name":"wp","href":"https:\/\/api.w.org\/{rel}","templated":true}]}}