{"id":8290,"date":"2025-09-17T12:04:12","date_gmt":"2025-09-17T10:04:12","guid":{"rendered":"https:\/\/boreait.com\/hu\/?post_type=product&#038;p=8290"},"modified":"2026-01-27T11:16:08","modified_gmt":"2026-01-27T10:16:08","slug":"eredeti-dell-latitude-e7470-laptop-bal-es-jobb-lcd-zsanerok-mrh5g-32hfd","status":"publish","type":"product","link":"https:\/\/boreait.com\/hu\/termek\/eredeti-dell-latitude-e7470-laptop-bal-es-jobb-lcd-zsanerok-mrh5g-32hfd\/","title":{"rendered":"Eredeti Dell Latitude E7470 laptop bal \u00e9s jobb LCD zsan\u00e9rok MRH5G 32HFD"},"content":{"rendered":"<p>Fokozza Dell Latitude E7470 laptopja megjelen\u00edt\u00e9si funkci\u00f3it ezekkel az eredeti bal \u00e9s jobb LCD zsan\u00e9rokkal, amelyek kompatibilisek az MRH5G \u00e9s 32HFD cikksz\u00e1mokkal. A tart\u00f3ss\u00e1g \u00e9s a kompatibilit\u00e1s jegy\u00e9ben ezek az eredeti cserealkatr\u00e9szek megb\u00edzhat\u00f3 teljes\u00edtm\u00e9nyt \u00e9s egyszer\u0171 telep\u00edt\u00e9st biztos\u00edtanak.<\/p>\n<p>F\u0151bb jellemz\u0151k:<\/p>\n<p>&#8211; Eredeti Dell csere: Biztos\u00edtsa a kompatibilit\u00e1st \u00e9s a megb\u00edzhat\u00f3s\u00e1got az eredeti cserealkatr\u00e9szekkel.<\/p>\n<p>&#8211; K\u00f6nny\u0171 telep\u00edt\u00e9s: Egyszer\u0171 telep\u00edt\u00e9ssel k\u00f6nnyed\u00e9n friss\u00edtheti laptopja kijelz\u0151p\u00e1ntjait.<\/p>\n<p>&#8211; Tov\u00e1bbfejlesztett megjelen\u00edt\u00e9si funkcionalit\u00e1s: Jav\u00edtsa laptopja kijelz\u0151j\u00e9nek stabilit\u00e1s\u00e1t \u00e9s \u00e1ll\u00edthat\u00f3s\u00e1g\u00e1t a jobb haszn\u00e1lhat\u00f3s\u00e1g \u00e9rdek\u00e9ben.<\/p>\n<p>&#8211; Tart\u00f3s konstrukci\u00f3: \u00fagy k\u00e9sz\u00fclt, hogy ellen\u00e1lljon a haszn\u00e1latnak, \u00edgy biztos\u00edtva a hossz\u00fa \u00e9lettartamot \u00e9s a megb\u00edzhat\u00f3s\u00e1got.<\/p>\n<p>Friss\u00edtse Dell Latitude E7470 laptopj\u00e1t m\u00e9g ma az eredeti bal \u00e9s jobb LCD csukl\u00f3p\u00e1ntokkal. V\u00e1s\u00e1roljon bizalommal, tudva, hogy min\u0151s\u00e9gi cserealkatr\u00e9szekbe fektet be k\u00e9sz\u00fcl\u00e9k\u00e9hez. Ha k\u00e9rd\u00e9se van, vagy seg\u00edts\u00e9gre van sz\u00fcks\u00e9ge, ne habozzon kapcsolatba l\u00e9pni vel\u00fcnk. Az\u00e9rt vagyunk itt, hogy seg\u00edts\u00fcnk laptopja kijelz\u0151j\u00e9nek funkcionalit\u00e1s\u00e1nak jav\u00edt\u00e1s\u00e1ban.<\/p>\n","protected":false},"excerpt":{"rendered":"<p>Friss\u00edtse Dell Latitude E7470 kijelz\u0151p\u00e1ntjait ezekkel az eredeti bal \u00e9s jobb LCD zsan\u00e9rokkal. K\u00f6nnyen telep\u00edthet\u0151 \u00e9s kompatibilis az MRH5G \u00e9s 32HFD cikksz\u00e1mokkal. Fokozza laptopja kijelz\u0151funkci\u00f3it m\u00e9g ma!<\/p>\n","protected":false},"featured_media":8360,"template":"","meta":[],"product_brand":[],"product_cat":[19],"product_tag":[17],"class_list":{"0":"post-8290","1":"product","2":"type-product","3":"status-publish","4":"has-post-thumbnail","6":"product_cat-screen-hinge","7":"product_tag-dell","9":"first","10":"instock","11":"taxable","12":"shipping-taxable","13":"purchasable","14":"product-type-simple"},"_links":{"self":[{"href":"https:\/\/boreait.com\/hu\/wp-json\/wp\/v2\/product\/8290","targetHints":{"allow":["GET"]}}],"collection":[{"href":"https:\/\/boreait.com\/hu\/wp-json\/wp\/v2\/product"}],"about":[{"href":"https:\/\/boreait.com\/hu\/wp-json\/wp\/v2\/types\/product"}],"wp:featuredmedia":[{"embeddable":true,"href":"https:\/\/boreait.com\/hu\/wp-json\/wp\/v2\/media\/8360"}],"wp:attachment":[{"href":"https:\/\/boreait.com\/hu\/wp-json\/wp\/v2\/media?parent=8290"}],"wp:term":[{"taxonomy":"product_brand","embeddable":true,"href":"https:\/\/boreait.com\/hu\/wp-json\/wp\/v2\/product_brand?post=8290"},{"taxonomy":"product_cat","embeddable":true,"href":"https:\/\/boreait.com\/hu\/wp-json\/wp\/v2\/product_cat?post=8290"},{"taxonomy":"product_tag","embeddable":true,"href":"https:\/\/boreait.com\/hu\/wp-json\/wp\/v2\/product_tag?post=8290"}],"curies":[{"name":"wp","href":"https:\/\/api.w.org\/{rel}","templated":true}]}}