{"id":8287,"date":"2025-09-17T12:04:12","date_gmt":"2025-09-17T10:04:12","guid":{"rendered":"https:\/\/boreait.com\/hu\/?post_type=product&#038;p=8287"},"modified":"2025-09-17T12:05:58","modified_gmt":"2025-09-17T10:05:58","slug":"0y4wd7-eredeti-dell-latitude-7470-tenyernyugalo-erintopar-nie05-y4wd7","status":"publish","type":"product","link":"https:\/\/boreait.com\/hu\/termek\/0y4wd7-eredeti-dell-latitude-7470-tenyernyugalo-erintopar-nie05-y4wd7\/","title":{"rendered":"0Y4WD7 EREDETI DELL LATITUDE 7470 TENY\u00c9RNYUGAL\u00d3 \u00c9RINT\u0150P\u00c1R -NIE05- Y4WD7"},"content":{"rendered":"<p>Fokozza Dell Latitude 7470 laptopja haszn\u00e1lhat\u00f3s\u00e1g\u00e1t az eredeti teny\u00e9rt\u00e1masz\u00fa \u00e9rint\u0151paddal, cikksz\u00e1m: -NIE05- Y4WD7. A tart\u00f3ss\u00e1g \u00e9s a kompatibilit\u00e1s jegy\u00e9ben k\u00e9sz\u00fclt, ez az autentikus cserealkatr\u00e9sz prec\u00edz \u00e9rint\u0151pad funkcionalit\u00e1st \u00e9s egyszer\u0171 telep\u00edt\u00e9st biztos\u00edt.<\/p>\n<p>F\u0151bb jellemz\u0151k:<\/p>\n<p>&#8211; Eredeti Dell csere: A kompatibilit\u00e1s \u00e9s a megb\u00edzhat\u00f3s\u00e1g biztos\u00edt\u00e1sa hiteles cserealkatr\u00e9szekkel.<\/p>\n<p>&#8211; K\u00f6nny\u0171 telep\u00edt\u00e9s: Egyszer\u0171 telep\u00edt\u00e9ssel k\u00f6nnyed\u00e9n friss\u00edtheti \u00e9rint\u0151padj\u00e1t.<\/p>\n<p>&#8211; Tov\u00e1bbfejlesztett haszn\u00e1lhat\u00f3s\u00e1g: N\u00f6velje laptopja haszn\u00e1lhat\u00f3s\u00e1g\u00e1t egy prec\u00edz \u00e9rint\u0151pad cser\u00e9vel.<\/p>\n<p>&#8211; Tart\u00f3s konstrukci\u00f3: \u00fagy k\u00e9sz\u00fclt, hogy ellen\u00e1lljon a napi haszn\u00e1latnak, \u00edgy biztos\u00edtva a hossz\u00fa \u00e9lettartamot \u00e9s a megb\u00edzhat\u00f3s\u00e1got.<\/p>\n<p>Friss\u00edtse Dell Latitude 7470 laptopj\u00e1t m\u00e9g ma az eredeti k\u00e9zt\u00e1masz\u00fa \u00e9rint\u0151paddal. V\u00e1s\u00e1roljon bizalommal, tudva, hogy min\u0151s\u00e9gi cserealkatr\u00e9szekbe fektet be k\u00e9sz\u00fcl\u00e9k\u00e9hez. Ha k\u00e9rd\u00e9se van, vagy seg\u00edts\u00e9gre van sz\u00fcks\u00e9ge, ne habozzon kapcsolatba l\u00e9pni vel\u00fcnk. Az\u00e9rt vagyunk itt, hogy seg\u00edts\u00fcnk eszk\u00f6ze funkcionalit\u00e1s\u00e1nak jav\u00edt\u00e1s\u00e1ban.<\/p>\n","protected":false},"excerpt":{"rendered":"<p>Friss\u00edtse Dell Latitude 7470 \u00e9rint\u0151padj\u00e1t ezzel az eredeti k\u00e9zt\u00e1masz\u00fa \u00e9rint\u0151paddal. K\u00f6nnyen telep\u00edthet\u0151 \u00e9s kompatibilis a -NIE05- Y4WD7 cikksz\u00e1mmal. Jav\u00edtsa laptopja haszn\u00e1lhat\u00f3s\u00e1g\u00e1t m\u00e9g ma!<\/p>\n","protected":false},"featured_media":8347,"template":"","meta":[],"product_brand":[],"product_cat":[16],"product_tag":[17],"class_list":{"0":"post-8287","1":"product","2":"type-product","3":"status-publish","4":"has-post-thumbnail","6":"product_cat-laptop-housing","7":"product_tag-dell","9":"first","10":"instock","11":"taxable","12":"shipping-taxable","13":"purchasable","14":"product-type-simple"},"_links":{"self":[{"href":"https:\/\/boreait.com\/hu\/wp-json\/wp\/v2\/product\/8287","targetHints":{"allow":["GET"]}}],"collection":[{"href":"https:\/\/boreait.com\/hu\/wp-json\/wp\/v2\/product"}],"about":[{"href":"https:\/\/boreait.com\/hu\/wp-json\/wp\/v2\/types\/product"}],"wp:featuredmedia":[{"embeddable":true,"href":"https:\/\/boreait.com\/hu\/wp-json\/wp\/v2\/media\/8347"}],"wp:attachment":[{"href":"https:\/\/boreait.com\/hu\/wp-json\/wp\/v2\/media?parent=8287"}],"wp:term":[{"taxonomy":"product_brand","embeddable":true,"href":"https:\/\/boreait.com\/hu\/wp-json\/wp\/v2\/product_brand?post=8287"},{"taxonomy":"product_cat","embeddable":true,"href":"https:\/\/boreait.com\/hu\/wp-json\/wp\/v2\/product_cat?post=8287"},{"taxonomy":"product_tag","embeddable":true,"href":"https:\/\/boreait.com\/hu\/wp-json\/wp\/v2\/product_tag?post=8287"}],"curies":[{"name":"wp","href":"https:\/\/api.w.org\/{rel}","templated":true}]}}