{"id":8286,"date":"2025-09-17T12:04:11","date_gmt":"2025-09-17T10:04:11","guid":{"rendered":"https:\/\/boreait.com\/hu\/?post_type=product&#038;p=8286"},"modified":"2025-09-17T12:05:54","modified_gmt":"2025-09-17T10:05:54","slug":"eredeti-dell-latitude-e7470-billentyuzet-tartokeret-0378c4-am1dl0009000","status":"publish","type":"product","link":"https:\/\/boreait.com\/hu\/termek\/eredeti-dell-latitude-e7470-billentyuzet-tartokeret-0378c4-am1dl0009000\/","title":{"rendered":"Eredeti Dell Latitude E7470 billenty\u0171zet tart\u00f3keret 0378C4 AM1DL0009000"},"content":{"rendered":"<p>N\u00f6velje Dell Latitude E7470 laptop billenty\u0171zet\u00e9nek tart\u00f3ss\u00e1g\u00e1t \u00e9s stabilit\u00e1s\u00e1t a 0378C4 AM1DL0009000 cikksz\u00e1m\u00fa, eredeti billenty\u0171zettart\u00f3 kerettel. Ez a megb\u00edzhat\u00f3 cserealkatr\u00e9sz, amely a megb\u00edzhat\u00f3s\u00e1g \u00e9s a k\u00f6nny\u0171 telep\u00edt\u00e9s \u00e9rdek\u00e9ben k\u00e9sz\u00fclt, biztos\u00edtja, hogy a billenty\u0171zet biztons\u00e1gos maradjon haszn\u00e1lat k\u00f6zben.<\/p>\n<p>F\u0151bb jellemz\u0151k:<\/p>\n<p>&#8211; Eredeti Dell csere: A kompatibilit\u00e1s \u00e9s a megb\u00edzhat\u00f3s\u00e1g biztos\u00edt\u00e1sa hiteles cserealkatr\u00e9szekkel.<\/p>\n<p>&#8211; K\u00f6nny\u0171 telep\u00edt\u00e9s: Egyszer\u0171 telep\u00edt\u00e9ssel k\u00f6nnyed\u00e9n n\u00f6velheti laptopja billenty\u0171zet\u00e9nek stabilit\u00e1s\u00e1t.<\/p>\n<p>&#8211; Fokozott tart\u00f3ss\u00e1g: N\u00f6velje laptopja billenty\u0171zet\u00e9nek \u00e9lettartam\u00e1t ezzel az er\u0151s kerettel.<\/p>\n<p>&#8211; Tov\u00e1bbfejlesztett billenty\u0171zetstabilit\u00e1s: Ezzel a tart\u00f3kerettel megel\u0151zheti a billenty\u0171zet ingadoz\u00e1s\u00e1t, \u00e9s jav\u00edthatja a g\u00e9pel\u00e9si \u00e9lm\u00e9nyt.<\/p>\n<p>Friss\u00edtse Dell Latitude E7470 laptopj\u00e1t m\u00e9g ma az eredeti billenty\u0171zettart\u00f3 kerettel. V\u00e1s\u00e1roljon bizalommal, tudva, hogy min\u0151s\u00e9gi cserealkatr\u00e9szekbe fektet be k\u00e9sz\u00fcl\u00e9k\u00e9hez. Ha k\u00e9rd\u00e9se van, vagy seg\u00edts\u00e9gre van sz\u00fcks\u00e9ge, ne habozzon kapcsolatba l\u00e9pni vel\u00fcnk. Az\u00e9rt vagyunk itt, hogy seg\u00edts\u00fcnk laptopja tart\u00f3ss\u00e1g\u00e1nak \u00e9s funkcionalit\u00e1s\u00e1nak n\u00f6vel\u00e9s\u00e9ben.<\/p>\n","protected":false},"excerpt":{"rendered":"<p>N\u00f6velje Dell Latitude E7470 billenty\u0171zet\u00e9nek stabilit\u00e1s\u00e1t ezzel az eredeti billenty\u0171zettart\u00f3 kerettel. K\u00f6nnyen telep\u00edthet\u0151 \u00e9s kompatibilis a 0378C4 AM1DL0009000 cikksz\u00e1mmal. N\u00f6velje laptopja tart\u00f3ss\u00e1g\u00e1t m\u00e9g ma!<\/p>\n","protected":false},"featured_media":8346,"template":"","meta":[],"product_brand":[],"product_cat":[16],"product_tag":[17],"class_list":{"0":"post-8286","1":"product","2":"type-product","3":"status-publish","4":"has-post-thumbnail","6":"product_cat-laptop-housing","7":"product_tag-dell","9":"first","10":"instock","11":"taxable","12":"shipping-taxable","13":"purchasable","14":"product-type-simple"},"_links":{"self":[{"href":"https:\/\/boreait.com\/hu\/wp-json\/wp\/v2\/product\/8286","targetHints":{"allow":["GET"]}}],"collection":[{"href":"https:\/\/boreait.com\/hu\/wp-json\/wp\/v2\/product"}],"about":[{"href":"https:\/\/boreait.com\/hu\/wp-json\/wp\/v2\/types\/product"}],"wp:featuredmedia":[{"embeddable":true,"href":"https:\/\/boreait.com\/hu\/wp-json\/wp\/v2\/media\/8346"}],"wp:attachment":[{"href":"https:\/\/boreait.com\/hu\/wp-json\/wp\/v2\/media?parent=8286"}],"wp:term":[{"taxonomy":"product_brand","embeddable":true,"href":"https:\/\/boreait.com\/hu\/wp-json\/wp\/v2\/product_brand?post=8286"},{"taxonomy":"product_cat","embeddable":true,"href":"https:\/\/boreait.com\/hu\/wp-json\/wp\/v2\/product_cat?post=8286"},{"taxonomy":"product_tag","embeddable":true,"href":"https:\/\/boreait.com\/hu\/wp-json\/wp\/v2\/product_tag?post=8286"}],"curies":[{"name":"wp","href":"https:\/\/api.w.org\/{rel}","templated":true}]}}