{"id":8284,"date":"2025-09-17T12:04:11","date_gmt":"2025-09-17T10:04:11","guid":{"rendered":"https:\/\/boreait.com\/hu\/?post_type=product&#038;p=8284"},"modified":"2025-09-17T12:05:51","modified_gmt":"2025-09-17T10:05:51","slug":"oem-dell-latitude-e7470-7470-lcd-kepernyohoz","status":"publish","type":"product","link":"https:\/\/boreait.com\/hu\/termek\/oem-dell-latitude-e7470-7470-lcd-kepernyohoz\/","title":{"rendered":"OEM Dell Latitude E7470 7470 LCD-k\u00e9perny\u0151h\u00f6z"},"content":{"rendered":"<p>Emelje fel Dell Latitude E7470 laptopja megjelen\u00e9s\u00e9t az eredeti LCD-k\u00e9perny\u0151s el\u00fcls\u0151 keret bor\u00edt\u00e1s\u00e1val, cikksz\u00e1m: 0TJMHF. A pontoss\u00e1gra \u00e9s tart\u00f3ss\u00e1gra kialak\u00edtott hiteles cserealkatr\u00e9sz z\u00f6kken\u0151mentes illeszked\u00e9st \u00e9s egyszer\u0171 telep\u00edt\u00e9st biztos\u00edt.<\/p>\n<p>F\u0151bb jellemz\u0151k:<\/p>\n<p>&#8211; Eredeti Dell csere: Biztos\u00edtsa a kompatibilit\u00e1st \u00e9s a megb\u00edzhat\u00f3s\u00e1got az eredeti OEM cserealkatr\u00e9szekkel.<\/p>\n<p>&#8211; K\u00f6nny\u0171 telep\u00edt\u00e9s: Egyszer\u0171 telep\u00edt\u00e9ssel k\u00f6nnyed\u00e9n jav\u00edthatja laptopja megjelen\u00e9s\u00e9t.<\/p>\n<p>&#8211; Tov\u00e1bbfejlesztett eszt\u00e9tika: Alak\u00edtsa \u00e1t Dell Latitude E7470 megjelen\u00e9s\u00e9t ezzel az eleg\u00e1ns el\u0151lap bor\u00edt\u00e1ssal.<\/p>\n<p>&#8211; Tart\u00f3s konstrukci\u00f3: \u00dagy tervezt\u00e9k, hogy ellen\u00e1lljon a napi haszn\u00e1latnak, \u00edgy hossz\u00fa \u00e9lettartamot biztos\u00edt.<\/p>\n<p>Friss\u00edtse Dell Latitude E7470 laptopj\u00e1t m\u00e9g ma az eredeti LCD-k\u00e9perny\u0151s el\u00fcls\u0151 keret bor\u00edt\u00f3j\u00e1val. V\u00e1s\u00e1roljon bizalommal, tudva, hogy min\u0151s\u00e9gi cserealkatr\u00e9szekbe fektet be k\u00e9sz\u00fcl\u00e9k\u00e9hez. Ha k\u00e9rd\u00e9se van, vagy seg\u00edts\u00e9gre van sz\u00fcks\u00e9ge, forduljon hozz\u00e1nk bizalommal. Az\u00e9rt vagyunk itt, hogy seg\u00edts\u00fcnk laptopja eszt\u00e9tik\u00e1j\u00e1nak jav\u00edt\u00e1s\u00e1ban.<\/p>\n","protected":false},"excerpt":{"rendered":"<p>Fokozza Dell Latitude E7470 megjelen\u00e9s\u00e9t ezzel az eredeti LCD-k\u00e9perny\u0151s el\u00fcls\u0151 szeg\u00e9lybor\u00edt\u00f3val. K\u00f6nnyen telep\u00edthet\u0151 \u00e9s kompatibilis a 0TJMHF cikksz\u00e1mmal. Friss\u00edtse laptopja eszt\u00e9tik\u00e1j\u00e1t m\u00e9g ma!<\/p>\n","protected":false},"featured_media":8343,"template":"","meta":[],"product_brand":[],"product_cat":[16],"product_tag":[],"class_list":{"0":"post-8284","1":"product","2":"type-product","3":"status-publish","4":"has-post-thumbnail","6":"product_cat-laptop-housing","8":"first","9":"instock","10":"taxable","11":"shipping-taxable","12":"purchasable","13":"product-type-simple"},"_links":{"self":[{"href":"https:\/\/boreait.com\/hu\/wp-json\/wp\/v2\/product\/8284","targetHints":{"allow":["GET"]}}],"collection":[{"href":"https:\/\/boreait.com\/hu\/wp-json\/wp\/v2\/product"}],"about":[{"href":"https:\/\/boreait.com\/hu\/wp-json\/wp\/v2\/types\/product"}],"wp:featuredmedia":[{"embeddable":true,"href":"https:\/\/boreait.com\/hu\/wp-json\/wp\/v2\/media\/8343"}],"wp:attachment":[{"href":"https:\/\/boreait.com\/hu\/wp-json\/wp\/v2\/media?parent=8284"}],"wp:term":[{"taxonomy":"product_brand","embeddable":true,"href":"https:\/\/boreait.com\/hu\/wp-json\/wp\/v2\/product_brand?post=8284"},{"taxonomy":"product_cat","embeddable":true,"href":"https:\/\/boreait.com\/hu\/wp-json\/wp\/v2\/product_cat?post=8284"},{"taxonomy":"product_tag","embeddable":true,"href":"https:\/\/boreait.com\/hu\/wp-json\/wp\/v2\/product_tag?post=8284"}],"curies":[{"name":"wp","href":"https:\/\/api.w.org\/{rel}","templated":true}]}}